{"id":30225,"date":"2026-02-02T17:47:14","date_gmt":"2026-02-02T16:47:14","guid":{"rendered":"https:\/\/techstore.ba\/shop\/product\/trust-zirox-batman-slusalice-djecije\/"},"modified":"2026-04-04T11:44:56","modified_gmt":"2026-04-04T09:44:56","slug":"trust-zirox-batman-slusalice-djecije","status":"publish","type":"product","link":"https:\/\/techstore.ba\/shop\/product\/trust-zirox-batman-slusalice-djecije\/","title":{"rendered":"Trust ZIROX BATMAN slu\u0161alice, dje\u010dije"},"content":{"rendered":"","protected":false},"excerpt":{"rendered":"<p>Trust ZIROX BATMAN slu\u0161alice, dje\u010dije<\/p>\n","protected":false},"featured_media":30226,"template":"","meta":[],"product_cat":[471,852,553],"product_tag":[],"class_list":{"0":"post-30225","1":"product","2":"type-product","3":"status-publish","4":"has-post-thumbnail","6":"product_cat-ct-slusalice","7":"product_cat-slusalice-za-pc","8":"product_cat-brend-trust","9":"pa_brend-slusalice-za-pc","11":"first","12":"instock","13":"shipping-taxable","14":"purchasable","15":"product-type-simple"},"_links":{"self":[{"href":"https:\/\/techstore.ba\/shop\/wp-json\/wp\/v2\/product\/30225","targetHints":{"allow":["GET"]}}],"collection":[{"href":"https:\/\/techstore.ba\/shop\/wp-json\/wp\/v2\/product"}],"about":[{"href":"https:\/\/techstore.ba\/shop\/wp-json\/wp\/v2\/types\/product"}],"wp:featuredmedia":[{"embeddable":true,"href":"https:\/\/techstore.ba\/shop\/wp-json\/wp\/v2\/media\/30226"}],"wp:attachment":[{"href":"https:\/\/techstore.ba\/shop\/wp-json\/wp\/v2\/media?parent=30225"}],"wp:term":[{"taxonomy":"product_cat","embeddable":true,"href":"https:\/\/techstore.ba\/shop\/wp-json\/wp\/v2\/product_cat?post=30225"},{"taxonomy":"product_tag","embeddable":true,"href":"https:\/\/techstore.ba\/shop\/wp-json\/wp\/v2\/product_tag?post=30225"}],"curies":[{"name":"wp","href":"https:\/\/api.w.org\/{rel}","templated":true}]}}