{"id":30207,"date":"2026-02-02T17:46:13","date_gmt":"2026-02-02T16:46:13","guid":{"rendered":"https:\/\/techstore.ba\/shop\/product\/trust-ayda-max-over-headzicane-slusalice-3-5-mmstereo-crne\/"},"modified":"2026-04-04T11:44:56","modified_gmt":"2026-04-04T09:44:56","slug":"trust-ayda-max-over-headzicane-slusalice-3-5-mmstereo-crne","status":"publish","type":"product","link":"https:\/\/techstore.ba\/shop\/product\/trust-ayda-max-over-headzicane-slusalice-3-5-mmstereo-crne\/","title":{"rendered":"Trust Ayda Max over-head\u017ei\u010dane slu\u0161alice, 3.5 mm,stereo, crne"},"content":{"rendered":"","protected":false},"excerpt":{"rendered":"<p>Trust Ayda Max over-head \u017ei\u010dane slu\u0161alice, 3.5 mm, 20-20000 Hz, stereo, crne<\/p>\n","protected":false},"featured_media":30208,"template":"","meta":[],"product_cat":[471,852,553],"product_tag":[],"class_list":{"0":"post-30207","1":"product","2":"type-product","3":"status-publish","4":"has-post-thumbnail","6":"product_cat-ct-slusalice","7":"product_cat-slusalice-za-pc","8":"product_cat-brend-trust","9":"pa_brend-slusalice-za-pc","11":"first","12":"instock","13":"shipping-taxable","14":"purchasable","15":"product-type-simple"},"_links":{"self":[{"href":"https:\/\/techstore.ba\/shop\/wp-json\/wp\/v2\/product\/30207","targetHints":{"allow":["GET"]}}],"collection":[{"href":"https:\/\/techstore.ba\/shop\/wp-json\/wp\/v2\/product"}],"about":[{"href":"https:\/\/techstore.ba\/shop\/wp-json\/wp\/v2\/types\/product"}],"wp:featuredmedia":[{"embeddable":true,"href":"https:\/\/techstore.ba\/shop\/wp-json\/wp\/v2\/media\/30208"}],"wp:attachment":[{"href":"https:\/\/techstore.ba\/shop\/wp-json\/wp\/v2\/media?parent=30207"}],"wp:term":[{"taxonomy":"product_cat","embeddable":true,"href":"https:\/\/techstore.ba\/shop\/wp-json\/wp\/v2\/product_cat?post=30207"},{"taxonomy":"product_tag","embeddable":true,"href":"https:\/\/techstore.ba\/shop\/wp-json\/wp\/v2\/product_tag?post=30207"}],"curies":[{"name":"wp","href":"https:\/\/api.w.org\/{rel}","templated":true}]}}