{"id":30197,"date":"2026-02-02T17:45:53","date_gmt":"2026-02-02T16:45:53","guid":{"rendered":"https:\/\/techstore.ba\/shop\/product\/trust-nouna-djecije-slusalicecrno-zute\/"},"modified":"2026-04-04T11:44:56","modified_gmt":"2026-04-04T09:44:56","slug":"trust-nouna-djecije-slusalicecrno-zute","status":"publish","type":"product","link":"https:\/\/techstore.ba\/shop\/product\/trust-nouna-djecije-slusalicecrno-zute\/","title":{"rendered":"Trust Nouna dje\u010dije slu\u0161alice,crno-\u017eute"},"content":{"rendered":"<h3>Specifikacije<\/h3>\n<table style=\"border-collapse:collapse;width:100%;\">\n<tr>\n<th style=\"text-align:left;padding:6px 10px;border:1px solid #eee;\">COLOR_AV<\/th>\n<td style=\"padding:6px 10px;border:1px solid #eee;\">Crna<\/td>\n<\/tr>\n<tr>\n<th style=\"text-align:left;padding:6px 10px;border:1px solid #eee;\">MIKROFON<\/th>\n<td style=\"padding:6px 10px;border:1px solid #eee;\">Da<\/td>\n<\/tr>\n<tr>\n<th style=\"text-align:left;padding:6px 10px;border:1px solid #eee;\">TYPE_AVSLUS<\/th>\n<td style=\"padding:6px 10px;border:1px solid #eee;\">Headphones<\/td>\n<\/tr>\n<tr>\n<th style=\"text-align:left;padding:6px 10px;border:1px solid #eee;\">CABLE_SIZE_AVSL<\/th>\n<td style=\"padding:6px 10px;border:1px solid #eee;\">1,5m<\/td>\n<\/tr>\n<tr>\n<th style=\"text-align:left;padding:6px 10px;border:1px solid #eee;\">KONEKCIJA<\/th>\n<td style=\"padding:6px 10px;border:1px solid #eee;\">\u017di\u010dna<\/td>\n<\/tr>\n<\/table>\n","protected":false},"excerpt":{"rendered":"<p>Trust Nouna dje\u010dije slu\u0161alice, \u017ei\u010dane, max 85 dB, za djecu od 4 do 10 godina, 3.5 mm, crno-\u017eute<\/p>\n","protected":false},"featured_media":30198,"template":"","meta":[],"product_cat":[471,852,553],"product_tag":[],"class_list":{"0":"post-30197","1":"product","2":"type-product","3":"status-publish","4":"has-post-thumbnail","6":"product_cat-ct-slusalice","7":"product_cat-slusalice-za-pc","8":"product_cat-brend-trust","9":"pa_brend-slusalice-za-pc","11":"first","12":"instock","13":"shipping-taxable","14":"purchasable","15":"product-type-simple"},"_links":{"self":[{"href":"https:\/\/techstore.ba\/shop\/wp-json\/wp\/v2\/product\/30197","targetHints":{"allow":["GET"]}}],"collection":[{"href":"https:\/\/techstore.ba\/shop\/wp-json\/wp\/v2\/product"}],"about":[{"href":"https:\/\/techstore.ba\/shop\/wp-json\/wp\/v2\/types\/product"}],"wp:featuredmedia":[{"embeddable":true,"href":"https:\/\/techstore.ba\/shop\/wp-json\/wp\/v2\/media\/30198"}],"wp:attachment":[{"href":"https:\/\/techstore.ba\/shop\/wp-json\/wp\/v2\/media?parent=30197"}],"wp:term":[{"taxonomy":"product_cat","embeddable":true,"href":"https:\/\/techstore.ba\/shop\/wp-json\/wp\/v2\/product_cat?post=30197"},{"taxonomy":"product_tag","embeddable":true,"href":"https:\/\/techstore.ba\/shop\/wp-json\/wp\/v2\/product_tag?post=30197"}],"curies":[{"name":"wp","href":"https:\/\/api.w.org\/{rel}","templated":true}]}}