{"id":30187,"date":"2026-02-02T17:45:38","date_gmt":"2026-02-02T16:45:38","guid":{"rendered":"https:\/\/techstore.ba\/shop\/product\/trust-gxt491w-fayzo-wirelessgaming-slusalicezicane-usb-a-3-5-mm-over-ear-bijele\/"},"modified":"2026-04-04T11:44:55","modified_gmt":"2026-04-04T09:44:55","slug":"trust-gxt491w-fayzo-wirelessgaming-slusalicezicane-usb-a-3-5-mm-over-ear-bijele","status":"publish","type":"product","link":"https:\/\/techstore.ba\/shop\/product\/trust-gxt491w-fayzo-wirelessgaming-slusalicezicane-usb-a-3-5-mm-over-ear-bijele\/","title":{"rendered":"Trust GXT491W Fayzo wirelessgaming slu\u0161alice,\u017ei\u010dane, USB-a, 3.5 mm, over-ear, bijele"},"content":{"rendered":"","protected":false},"excerpt":{"rendered":"<p>Trust GXT491W Fayzo wireless gaming slu\u0161alice, \u017ei\u010dane, bluetooth, USB 1.1, 2.0, USB-A, 3.5 mm, over-ear, bijele, do 22 sata kori\u0161tenja s punjivom baterijom, noise-cancelling mikrofon.<\/p>\n","protected":false},"featured_media":30188,"template":"","meta":[],"product_cat":[471,852,553],"product_tag":[],"class_list":{"0":"post-30187","1":"product","2":"type-product","3":"status-publish","4":"has-post-thumbnail","6":"product_cat-ct-slusalice","7":"product_cat-slusalice-za-pc","8":"product_cat-brend-trust","9":"pa_brend-slusalice-za-pc","11":"first","12":"outofstock","13":"shipping-taxable","14":"purchasable","15":"product-type-simple"},"_links":{"self":[{"href":"https:\/\/techstore.ba\/shop\/wp-json\/wp\/v2\/product\/30187","targetHints":{"allow":["GET"]}}],"collection":[{"href":"https:\/\/techstore.ba\/shop\/wp-json\/wp\/v2\/product"}],"about":[{"href":"https:\/\/techstore.ba\/shop\/wp-json\/wp\/v2\/types\/product"}],"wp:featuredmedia":[{"embeddable":true,"href":"https:\/\/techstore.ba\/shop\/wp-json\/wp\/v2\/media\/30188"}],"wp:attachment":[{"href":"https:\/\/techstore.ba\/shop\/wp-json\/wp\/v2\/media?parent=30187"}],"wp:term":[{"taxonomy":"product_cat","embeddable":true,"href":"https:\/\/techstore.ba\/shop\/wp-json\/wp\/v2\/product_cat?post=30187"},{"taxonomy":"product_tag","embeddable":true,"href":"https:\/\/techstore.ba\/shop\/wp-json\/wp\/v2\/product_tag?post=30187"}],"curies":[{"name":"wp","href":"https:\/\/api.w.org\/{rel}","templated":true}]}}