{"id":30179,"date":"2026-02-02T17:45:26","date_gmt":"2026-02-02T16:45:26","guid":{"rendered":"https:\/\/techstore.ba\/shop\/product\/trust-gxt490w-fayzo-7-1-usb2-0-gaming-slusalice-zicanebijele-noise-cancelling-mikrofon\/"},"modified":"2026-04-04T11:44:55","modified_gmt":"2026-04-04T09:44:55","slug":"trust-gxt490w-fayzo-7-1-usb2-0-gaming-slusalice-zicanebijele-noise-cancelling-mikrofon","status":"publish","type":"product","link":"https:\/\/techstore.ba\/shop\/product\/trust-gxt490w-fayzo-7-1-usb2-0-gaming-slusalice-zicanebijele-noise-cancelling-mikrofon\/","title":{"rendered":"Trust GXT490W FAYZO 7.1 USB2.0, gaming slu\u0161alice, \u017ei\u010dane,bijele, noise-cancelling mikrofon"},"content":{"rendered":"<h3>Specifikacije<\/h3>\n<table style=\"border-collapse:collapse;width:100%;\">\n<tr>\n<th style=\"text-align:left;padding:6px 10px;border:1px solid #eee;\">COLOR_AV<\/th>\n<td style=\"padding:6px 10px;border:1px solid #eee;\">Bijela<\/td>\n<\/tr>\n<tr>\n<th style=\"text-align:left;padding:6px 10px;border:1px solid #eee;\">MIKROFON<\/th>\n<td style=\"padding:6px 10px;border:1px solid #eee;\">Da<\/td>\n<\/tr>\n<tr>\n<th style=\"text-align:left;padding:6px 10px;border:1px solid #eee;\">TYPE_AVSLUS<\/th>\n<td style=\"padding:6px 10px;border:1px solid #eee;\">Headphones<\/td>\n<\/tr>\n<tr>\n<th style=\"text-align:left;padding:6px 10px;border:1px solid #eee;\">CABLE_SIZE_AVSL<\/th>\n<td style=\"padding:6px 10px;border:1px solid #eee;\">1,5m<\/td>\n<\/tr>\n<tr>\n<th style=\"text-align:left;padding:6px 10px;border:1px solid #eee;\">KONEKCIJA<\/th>\n<td style=\"padding:6px 10px;border:1px solid #eee;\">\u017di\u010dna<\/td>\n<\/tr>\n<\/table>\n","protected":false},"excerpt":{"rendered":"<p>Trust GXT490W FAYZO 7.1 USB 2.0 gaming slu\u0161alice, \u017ei\u010dane, bijele, noise-cancelling, odvojivi mikrofon<\/p>\n","protected":false},"featured_media":30180,"template":"","meta":[],"product_cat":[471,852,553],"product_tag":[],"class_list":{"0":"post-30179","1":"product","2":"type-product","3":"status-publish","4":"has-post-thumbnail","6":"product_cat-ct-slusalice","7":"product_cat-slusalice-za-pc","8":"product_cat-brend-trust","9":"pa_brend-slusalice-za-pc","11":"first","12":"outofstock","13":"shipping-taxable","14":"purchasable","15":"product-type-simple"},"_links":{"self":[{"href":"https:\/\/techstore.ba\/shop\/wp-json\/wp\/v2\/product\/30179","targetHints":{"allow":["GET"]}}],"collection":[{"href":"https:\/\/techstore.ba\/shop\/wp-json\/wp\/v2\/product"}],"about":[{"href":"https:\/\/techstore.ba\/shop\/wp-json\/wp\/v2\/types\/product"}],"wp:featuredmedia":[{"embeddable":true,"href":"https:\/\/techstore.ba\/shop\/wp-json\/wp\/v2\/media\/30180"}],"wp:attachment":[{"href":"https:\/\/techstore.ba\/shop\/wp-json\/wp\/v2\/media?parent=30179"}],"wp:term":[{"taxonomy":"product_cat","embeddable":true,"href":"https:\/\/techstore.ba\/shop\/wp-json\/wp\/v2\/product_cat?post=30179"},{"taxonomy":"product_tag","embeddable":true,"href":"https:\/\/techstore.ba\/shop\/wp-json\/wp\/v2\/product_tag?post=30179"}],"curies":[{"name":"wp","href":"https:\/\/api.w.org\/{rel}","templated":true}]}}