{"id":30163,"date":"2026-02-02T17:45:00","date_gmt":"2026-02-02T16:45:00","guid":{"rendered":"https:\/\/techstore.ba\/shop\/product\/trust-gxt-415w-zirox-gamingslusalice-zicane-200-cm-kabl-3-5-mm-over-ear-mikrofon\/"},"modified":"2026-02-23T18:12:54","modified_gmt":"2026-02-23T17:12:54","slug":"trust-gxt-415w-zirox-gamingslusalice-zicane-200-cm-kabl-3-5-mm-over-ear-mikrofon","status":"publish","type":"product","link":"https:\/\/techstore.ba\/shop\/product\/trust-gxt-415w-zirox-gamingslusalice-zicane-200-cm-kabl-3-5-mm-over-ear-mikrofon\/","title":{"rendered":"Trust GXT 415W Zirox gamingslu\u0161alice, \u017ei\u010dane, 200 cm kabl, 3.5 mm, over-ear, mikrofon"},"content":{"rendered":"<h3>Specifikacije<\/h3>\n<table style=\"border-collapse:collapse;width:100%;\">\n<tr>\n<th style=\"text-align:left;padding:6px 10px;border:1px solid #eee;\">COLOR_AV<\/th>\n<td style=\"padding:6px 10px;border:1px solid #eee;\">Bijela<\/td>\n<\/tr>\n<tr>\n<th style=\"text-align:left;padding:6px 10px;border:1px solid #eee;\">MIKROFON<\/th>\n<td style=\"padding:6px 10px;border:1px solid #eee;\">Da<\/td>\n<\/tr>\n<tr>\n<th style=\"text-align:left;padding:6px 10px;border:1px solid #eee;\">TYPE_AVSLUS<\/th>\n<td style=\"padding:6px 10px;border:1px solid #eee;\">Headphones<\/td>\n<\/tr>\n<tr>\n<th style=\"text-align:left;padding:6px 10px;border:1px solid #eee;\">KONEKCIJA<\/th>\n<td style=\"padding:6px 10px;border:1px solid #eee;\">\u017di\u010dna<\/td>\n<\/tr>\n<\/table>\n","protected":false},"excerpt":{"rendered":"<p>Trust GXT 415W Zirox gaming slu\u0161alice, \u017ei\u010dane, 200 cm kabl, 3.5 mm, over-ear, mikrofon<\/p>\n","protected":false},"featured_media":30164,"template":"","meta":[],"product_cat":[852,553],"product_tag":[],"class_list":{"0":"post-30163","1":"product","2":"type-product","3":"status-publish","4":"has-post-thumbnail","6":"product_cat-slusalice-za-pc","7":"product_cat-brend-trust","8":"pa_brend-slusalice-za-pc","10":"first","11":"instock","12":"shipping-taxable","13":"purchasable","14":"product-type-simple"},"_links":{"self":[{"href":"https:\/\/techstore.ba\/shop\/wp-json\/wp\/v2\/product\/30163","targetHints":{"allow":["GET"]}}],"collection":[{"href":"https:\/\/techstore.ba\/shop\/wp-json\/wp\/v2\/product"}],"about":[{"href":"https:\/\/techstore.ba\/shop\/wp-json\/wp\/v2\/types\/product"}],"wp:featuredmedia":[{"embeddable":true,"href":"https:\/\/techstore.ba\/shop\/wp-json\/wp\/v2\/media\/30164"}],"wp:attachment":[{"href":"https:\/\/techstore.ba\/shop\/wp-json\/wp\/v2\/media?parent=30163"}],"wp:term":[{"taxonomy":"product_cat","embeddable":true,"href":"https:\/\/techstore.ba\/shop\/wp-json\/wp\/v2\/product_cat?post=30163"},{"taxonomy":"product_tag","embeddable":true,"href":"https:\/\/techstore.ba\/shop\/wp-json\/wp\/v2\/product_tag?post=30163"}],"curies":[{"name":"wp","href":"https:\/\/api.w.org\/{rel}","templated":true}]}}