{"id":30145,"date":"2026-02-02T17:44:27","date_gmt":"2026-02-02T16:44:27","guid":{"rendered":"https:\/\/techstore.ba\/shop\/product\/trust-gxt-415ps-zirox-gamingslusalice-zicane-3-5-mm-120cm-kablover-ear-bijele\/"},"modified":"2026-02-23T18:14:06","modified_gmt":"2026-02-23T17:14:06","slug":"trust-gxt-415ps-zirox-gamingslusalice-zicane-3-5-mm-120cm-kablover-ear-bijele","status":"publish","type":"product","link":"https:\/\/techstore.ba\/shop\/product\/trust-gxt-415ps-zirox-gamingslusalice-zicane-3-5-mm-120cm-kablover-ear-bijele\/","title":{"rendered":"Trust GXT 415PS  ZIROX gamingslu\u0161alice, \u017ei\u010dane, 3.5 mm, 120cm kabl,over-ear, bijele"},"content":{"rendered":"<h3>Specifikacije<\/h3>\n<table style=\"border-collapse:collapse;width:100%;\">\n<tr>\n<th style=\"text-align:left;padding:6px 10px;border:1px solid #eee;\">TYPE_AVSLUS<\/th>\n<td style=\"padding:6px 10px;border:1px solid #eee;\">Headphones<\/td>\n<\/tr>\n<tr>\n<th style=\"text-align:left;padding:6px 10px;border:1px solid #eee;\">KONEKCIJA<\/th>\n<td style=\"padding:6px 10px;border:1px solid #eee;\">\u017di\u010dna<\/td>\n<\/tr>\n<tr>\n<th style=\"text-align:left;padding:6px 10px;border:1px solid #eee;\">MIKROFON<\/th>\n<td style=\"padding:6px 10px;border:1px solid #eee;\">Da<\/td>\n<\/tr>\n<\/table>\n","protected":false},"excerpt":{"rendered":"<p>Trust GXT 415PS ZIROX gaming slu\u0161alice, \u017ei\u010dane, 3.5 mm, 120 cm fixed cable, over-ear, bijele<\/p>\n","protected":false},"featured_media":30146,"template":"","meta":[],"product_cat":[852],"product_tag":[],"class_list":{"0":"post-30145","1":"product","2":"type-product","3":"status-publish","4":"has-post-thumbnail","6":"product_brand-trust","7":"product_cat-slusalice-za-pc","8":"pa_brend-trust","10":"first","11":"outofstock","12":"shipping-taxable","13":"purchasable","14":"product-type-simple"},"_links":{"self":[{"href":"https:\/\/techstore.ba\/shop\/wp-json\/wp\/v2\/product\/30145","targetHints":{"allow":["GET"]}}],"collection":[{"href":"https:\/\/techstore.ba\/shop\/wp-json\/wp\/v2\/product"}],"about":[{"href":"https:\/\/techstore.ba\/shop\/wp-json\/wp\/v2\/types\/product"}],"wp:featuredmedia":[{"embeddable":true,"href":"https:\/\/techstore.ba\/shop\/wp-json\/wp\/v2\/media\/30146"}],"wp:attachment":[{"href":"https:\/\/techstore.ba\/shop\/wp-json\/wp\/v2\/media?parent=30145"}],"wp:term":[{"taxonomy":"product_cat","embeddable":true,"href":"https:\/\/techstore.ba\/shop\/wp-json\/wp\/v2\/product_cat?post=30145"},{"taxonomy":"product_tag","embeddable":true,"href":"https:\/\/techstore.ba\/shop\/wp-json\/wp\/v2\/product_tag?post=30145"}],"curies":[{"name":"wp","href":"https:\/\/api.w.org\/{rel}","templated":true}]}}