{"id":30111,"date":"2026-02-02T17:43:36","date_gmt":"2026-02-02T16:43:36","guid":{"rendered":"https:\/\/techstore.ba\/shop\/product\/trust-primo-slim-deskmikrofon\/"},"modified":"2026-02-19T20:01:39","modified_gmt":"2026-02-19T19:01:39","slug":"trust-primo-slim-deskmikrofon","status":"publish","type":"product","link":"https:\/\/techstore.ba\/shop\/product\/trust-primo-slim-deskmikrofon\/","title":{"rendered":"Trust Primo Slim Deskmikrofon"},"content":{"rendered":"","protected":false},"excerpt":{"rendered":"<p>Trust Primo Slim Desk mikrofon. Stolni mikrofon za PC\/laptop, \u017ei\u010dni-veza 3.5mm jack, du\u017eina kabla 1.80 m, frekventni opseg 100 Hz &#8211; 12000 Hz. Omnidirectional, kondenzator mikrofon, crna boja.<\/p>\n","protected":false},"featured_media":30112,"template":"","meta":[],"product_cat":[471,553],"product_tag":[],"class_list":{"0":"post-30111","1":"product","2":"type-product","3":"status-publish","4":"has-post-thumbnail","6":"product_cat-ct-slusalice","7":"product_cat-brend-trust","8":"pa_brend-slusalice","10":"first","11":"instock","12":"shipping-taxable","13":"purchasable","14":"product-type-simple"},"_links":{"self":[{"href":"https:\/\/techstore.ba\/shop\/wp-json\/wp\/v2\/product\/30111","targetHints":{"allow":["GET"]}}],"collection":[{"href":"https:\/\/techstore.ba\/shop\/wp-json\/wp\/v2\/product"}],"about":[{"href":"https:\/\/techstore.ba\/shop\/wp-json\/wp\/v2\/types\/product"}],"wp:featuredmedia":[{"embeddable":true,"href":"https:\/\/techstore.ba\/shop\/wp-json\/wp\/v2\/media\/30112"}],"wp:attachment":[{"href":"https:\/\/techstore.ba\/shop\/wp-json\/wp\/v2\/media?parent=30111"}],"wp:term":[{"taxonomy":"product_cat","embeddable":true,"href":"https:\/\/techstore.ba\/shop\/wp-json\/wp\/v2\/product_cat?post=30111"},{"taxonomy":"product_tag","embeddable":true,"href":"https:\/\/techstore.ba\/shop\/wp-json\/wp\/v2\/product_tag?post=30111"}],"curies":[{"name":"wp","href":"https:\/\/api.w.org\/{rel}","templated":true}]}}