{"id":30106,"date":"2026-02-02T17:43:24","date_gmt":"2026-02-02T16:43:24","guid":{"rendered":"https:\/\/techstore.ba\/shop\/product\/trust-primo-chat-slusalicezicane-2x3-5-mm-18m-on-ear-2-0\/"},"modified":"2026-03-03T03:32:05","modified_gmt":"2026-03-03T02:32:05","slug":"trust-primo-chat-slusalicezicane-2x3-5-mm-18m-on-ear-2-0","status":"publish","type":"product","link":"https:\/\/techstore.ba\/shop\/product\/trust-primo-chat-slusalicezicane-2x3-5-mm-18m-on-ear-2-0\/","title":{"rendered":"Trust Primo Chat slu\u0161alice,\u017ei\u010dane, 2&#215;3.5 mm, 1,8m, on ear, 2.0"},"content":{"rendered":"<h3>Specifikacije<\/h3>\n<table style=\"border-collapse:collapse;width:100%;\">\n<tr>\n<th style=\"text-align:left;padding:6px 10px;border:1px solid #eee;\">COLOR_AV<\/th>\n<td style=\"padding:6px 10px;border:1px solid #eee;\">Crna<\/td>\n<\/tr>\n<tr>\n<th style=\"text-align:left;padding:6px 10px;border:1px solid #eee;\">TYPE_AVSLUS<\/th>\n<td style=\"padding:6px 10px;border:1px solid #eee;\">Headphones<\/td>\n<\/tr>\n<tr>\n<th style=\"text-align:left;padding:6px 10px;border:1px solid #eee;\">MIKROFON<\/th>\n<td style=\"padding:6px 10px;border:1px solid #eee;\">Da<\/td>\n<\/tr>\n<\/table>\n","protected":false},"excerpt":{"rendered":"<p>Trust Primo Chat \u017ei\u010dane slu\u0161alice, dvostruki odvojeni 3.5 mm konektor za mikrofon i slu\u0161alice. Du\u017eina kabla 1.8 m, crna boja.<\/p>\n","protected":false},"featured_media":30107,"template":"","meta":[],"product_cat":[471,852,553],"product_tag":[],"class_list":{"0":"post-30106","1":"product","2":"type-product","3":"status-publish","4":"has-post-thumbnail","6":"product_cat-ct-slusalice","7":"product_cat-slusalice-za-pc","8":"product_cat-brend-trust","9":"pa_brend-slusalice-za-pc","11":"first","12":"instock","13":"shipping-taxable","14":"purchasable","15":"product-type-simple"},"_links":{"self":[{"href":"https:\/\/techstore.ba\/shop\/wp-json\/wp\/v2\/product\/30106","targetHints":{"allow":["GET"]}}],"collection":[{"href":"https:\/\/techstore.ba\/shop\/wp-json\/wp\/v2\/product"}],"about":[{"href":"https:\/\/techstore.ba\/shop\/wp-json\/wp\/v2\/types\/product"}],"wp:featuredmedia":[{"embeddable":true,"href":"https:\/\/techstore.ba\/shop\/wp-json\/wp\/v2\/media\/30107"}],"wp:attachment":[{"href":"https:\/\/techstore.ba\/shop\/wp-json\/wp\/v2\/media?parent=30106"}],"wp:term":[{"taxonomy":"product_cat","embeddable":true,"href":"https:\/\/techstore.ba\/shop\/wp-json\/wp\/v2\/product_cat?post=30106"},{"taxonomy":"product_tag","embeddable":true,"href":"https:\/\/techstore.ba\/shop\/wp-json\/wp\/v2\/product_tag?post=30106"}],"curies":[{"name":"wp","href":"https:\/\/api.w.org\/{rel}","templated":true}]}}