{"id":30077,"date":"2026-02-02T17:42:33","date_gmt":"2026-02-02T16:42:33","guid":{"rendered":"https:\/\/techstore.ba\/shop\/product\/sony-gaming-slusalic-inzone-h5bezicne-slusalice-bt-mikrofon360-spatial-sound-za-gaming-28h-baterija\/"},"modified":"2026-04-04T11:44:55","modified_gmt":"2026-04-04T09:44:55","slug":"sony-gaming-slusalic-inzone-h5bezicne-slusalice-bt-mikrofon360-spatial-sound-za-gaming-28h-baterija","status":"publish","type":"product","link":"https:\/\/techstore.ba\/shop\/product\/sony-gaming-slusalic-inzone-h5bezicne-slusalice-bt-mikrofon360-spatial-sound-za-gaming-28h-baterija\/","title":{"rendered":"Sony gaming slu\u0161alic INZONE H5be\u017ei\u010dne slu\u0161alice BT; mikrofon360 Spatial Sound za Gaming 28h baterija"},"content":{"rendered":"","protected":false},"excerpt":{"rendered":"<p>Sony gaming slu\u0161alice INZONE H5; be\u017ei\u010dne slu\u0161alice sa dvosmjernim mikrofonom; 360 Spatial Sound za igranje; ukupna masa od 260 g; be\u017ei\u010dno povezivanje putem USB; 28 sati rada sa jednim punjenjem; boja crna<\/p>\n","protected":false},"featured_media":30078,"template":"","meta":[],"product_cat":[471,852,561],"product_tag":[],"class_list":{"0":"post-30077","1":"product","2":"type-product","3":"status-publish","4":"has-post-thumbnail","6":"product_cat-ct-slusalice","7":"product_cat-slusalice-za-pc","8":"product_cat-brend-sony","9":"pa_brend-slusalice-za-pc","11":"first","12":"instock","13":"shipping-taxable","14":"purchasable","15":"product-type-simple"},"_links":{"self":[{"href":"https:\/\/techstore.ba\/shop\/wp-json\/wp\/v2\/product\/30077","targetHints":{"allow":["GET"]}}],"collection":[{"href":"https:\/\/techstore.ba\/shop\/wp-json\/wp\/v2\/product"}],"about":[{"href":"https:\/\/techstore.ba\/shop\/wp-json\/wp\/v2\/types\/product"}],"wp:featuredmedia":[{"embeddable":true,"href":"https:\/\/techstore.ba\/shop\/wp-json\/wp\/v2\/media\/30078"}],"wp:attachment":[{"href":"https:\/\/techstore.ba\/shop\/wp-json\/wp\/v2\/media?parent=30077"}],"wp:term":[{"taxonomy":"product_cat","embeddable":true,"href":"https:\/\/techstore.ba\/shop\/wp-json\/wp\/v2\/product_cat?post=30077"},{"taxonomy":"product_tag","embeddable":true,"href":"https:\/\/techstore.ba\/shop\/wp-json\/wp\/v2\/product_tag?post=30077"}],"curies":[{"name":"wp","href":"https:\/\/api.w.org\/{rel}","templated":true}]}}