{"id":30062,"date":"2026-02-02T17:42:07","date_gmt":"2026-02-02T16:42:07","guid":{"rendered":"https:\/\/techstore.ba\/shop\/product\/sony-whch720nl-bezic-slusaliceanc-50h-baterija-plavedsee-mikrofon-uvezivanje-sa-2-bt-uredj\/"},"modified":"2026-04-04T11:44:55","modified_gmt":"2026-04-04T09:44:55","slug":"sony-whch720nl-bezic-slusaliceanc-50h-baterija-plavedsee-mikrofon-uvezivanje-sa-2-bt-uredj","status":"publish","type":"product","link":"https:\/\/techstore.ba\/shop\/product\/sony-whch720nl-bezic-slusaliceanc-50h-baterija-plavedsee-mikrofon-uvezivanje-sa-2-bt-uredj\/","title":{"rendered":"Sony WHCH720NL be\u017ei\u010d slu\u0161aliceANC, 50h baterija, plaveDSEE; mikrofon; uvezivanje sa 2 BT uredj"},"content":{"rendered":"","protected":false},"excerpt":{"rendered":"<p>Sony WH-CH720N be\u017ei\u010dne slu\u0161alice, Bluetooth 5.2+3,5mm audio kabl, Multipoit, V1 procesor, DSEE, baterija 35h ANC ON\/ANC OFF 50h, Beamforming mikrofon, Plave<\/p>\n","protected":false},"featured_media":30063,"template":"","meta":[],"product_cat":[471,383,561],"product_tag":[],"class_list":{"0":"post-30062","1":"product","2":"type-product","3":"status-publish","4":"has-post-thumbnail","6":"product_cat-ct-slusalice","7":"product_cat-ct-mobilphear","8":"product_cat-brend-sony","9":"pa_brend-slusalice-za-mobilne-telefone","11":"first","12":"instock","13":"shipping-taxable","14":"purchasable","15":"product-type-simple"},"_links":{"self":[{"href":"https:\/\/techstore.ba\/shop\/wp-json\/wp\/v2\/product\/30062","targetHints":{"allow":["GET"]}}],"collection":[{"href":"https:\/\/techstore.ba\/shop\/wp-json\/wp\/v2\/product"}],"about":[{"href":"https:\/\/techstore.ba\/shop\/wp-json\/wp\/v2\/types\/product"}],"wp:featuredmedia":[{"embeddable":true,"href":"https:\/\/techstore.ba\/shop\/wp-json\/wp\/v2\/media\/30063"}],"wp:attachment":[{"href":"https:\/\/techstore.ba\/shop\/wp-json\/wp\/v2\/media?parent=30062"}],"wp:term":[{"taxonomy":"product_cat","embeddable":true,"href":"https:\/\/techstore.ba\/shop\/wp-json\/wp\/v2\/product_cat?post=30062"},{"taxonomy":"product_tag","embeddable":true,"href":"https:\/\/techstore.ba\/shop\/wp-json\/wp\/v2\/product_tag?post=30062"}],"curies":[{"name":"wp","href":"https:\/\/api.w.org\/{rel}","templated":true}]}}