{"id":30056,"date":"2026-02-02T17:41:56","date_gmt":"2026-02-02T16:41:56","guid":{"rendered":"https:\/\/techstore.ba\/shop\/product\/sony-bezicne-slusalice-ch720blokada-buke-baterija-do-35hdsee-mikrofon-uvezivanje-sa-2-bt-uredj\/"},"modified":"2026-04-04T11:44:55","modified_gmt":"2026-04-04T09:44:55","slug":"sony-bezicne-slusalice-ch720blokada-buke-baterija-do-35hdsee-mikrofon-uvezivanje-sa-2-bt-uredj","status":"publish","type":"product","link":"https:\/\/techstore.ba\/shop\/product\/sony-bezicne-slusalice-ch720blokada-buke-baterija-do-35hdsee-mikrofon-uvezivanje-sa-2-bt-uredj\/","title":{"rendered":"Sony be\u017ei\u010dne slu\u0161alice CH720blokada buke; baterija do 35h;DSEE; mikrofon; uvezivanje sa 2 BT uredj"},"content":{"rendered":"<h3>Specifikacije<\/h3>\n<table style=\"border-collapse:collapse;width:100%;\">\n<tr>\n<th style=\"text-align:left;padding:6px 10px;border:1px solid #eee;\">COLOR_AV<\/th>\n<td style=\"padding:6px 10px;border:1px solid #eee;\">Crna<\/td>\n<\/tr>\n<tr>\n<th style=\"text-align:left;padding:6px 10px;border:1px solid #eee;\">MIKROFON<\/th>\n<td style=\"padding:6px 10px;border:1px solid #eee;\">Da<\/td>\n<\/tr>\n<tr>\n<th style=\"text-align:left;padding:6px 10px;border:1px solid #eee;\">TYPE_AVSLUS<\/th>\n<td style=\"padding:6px 10px;border:1px solid #eee;\">Headphones<\/td>\n<\/tr>\n<tr>\n<th style=\"text-align:left;padding:6px 10px;border:1px solid #eee;\">KONEKCIJA<\/th>\n<td style=\"padding:6px 10px;border:1px solid #eee;\">Be\u017ei\u010dna<\/td>\n<\/tr>\n<\/table>\n","protected":false},"excerpt":{"rendered":"<p>Sony be\u017ei\u010dne slu\u0161alice CH720; Blokada buke uz tehnologiju dvostrukog senzora buke i integrirani procesor V1; baterija do 35h; Digital Sound Enhancement Engine; mikrofon; povizivanje sa 2 BT uredjaja; boja crna<\/p>\n","protected":false},"featured_media":30057,"template":"","meta":[],"product_cat":[471,383,561],"product_tag":[],"class_list":{"0":"post-30056","1":"product","2":"type-product","3":"status-publish","4":"has-post-thumbnail","6":"product_cat-ct-slusalice","7":"product_cat-ct-mobilphear","8":"product_cat-brend-sony","9":"pa_brend-slusalice-za-mobilne-telefone","11":"first","12":"instock","13":"shipping-taxable","14":"purchasable","15":"product-type-simple"},"_links":{"self":[{"href":"https:\/\/techstore.ba\/shop\/wp-json\/wp\/v2\/product\/30056","targetHints":{"allow":["GET"]}}],"collection":[{"href":"https:\/\/techstore.ba\/shop\/wp-json\/wp\/v2\/product"}],"about":[{"href":"https:\/\/techstore.ba\/shop\/wp-json\/wp\/v2\/types\/product"}],"wp:featuredmedia":[{"embeddable":true,"href":"https:\/\/techstore.ba\/shop\/wp-json\/wp\/v2\/media\/30057"}],"wp:attachment":[{"href":"https:\/\/techstore.ba\/shop\/wp-json\/wp\/v2\/media?parent=30056"}],"wp:term":[{"taxonomy":"product_cat","embeddable":true,"href":"https:\/\/techstore.ba\/shop\/wp-json\/wp\/v2\/product_cat?post=30056"},{"taxonomy":"product_tag","embeddable":true,"href":"https:\/\/techstore.ba\/shop\/wp-json\/wp\/v2\/product_tag?post=30056"}],"curies":[{"name":"wp","href":"https:\/\/api.w.org\/{rel}","templated":true}]}}