{"id":30046,"date":"2026-02-02T17:41:38","date_gmt":"2026-02-02T16:41:38","guid":{"rendered":"https:\/\/techstore.ba\/shop\/product\/sony-bezicne-slusalice-ch520baterija-do-50h-brzo-punjnje-3\/"},"modified":"2026-04-04T11:44:55","modified_gmt":"2026-04-04T09:44:55","slug":"sony-bezicne-slusalice-ch520baterija-do-50h-brzo-punjnje-3","status":"publish","type":"product","link":"https:\/\/techstore.ba\/shop\/product\/sony-bezicne-slusalice-ch520baterija-do-50h-brzo-punjnje-3\/","title":{"rendered":"Sony be\u017ei\u010dne slu\u0161alice CH520baterija do 50h, brzo punjnje3 min za 1,5h; mikrofon; BT x2"},"content":{"rendered":"","protected":false},"excerpt":{"rendered":"<p>Sony be\u017ei\u010dne slu\u0161alice CH520; Digital Sound Enhancement Engine (DSEE); trajanje baterije do 50h; brzo punjenje od 3 min dovoljno za 1,5h reprodukcije; ugradjeni mikrofon; povezivanje istovremeno sa 2 BT uredjaja; boja bijela<\/p>\n","protected":false},"featured_media":30047,"template":"","meta":[],"product_cat":[471,383,561],"product_tag":[],"class_list":{"0":"post-30046","1":"product","2":"type-product","3":"status-publish","4":"has-post-thumbnail","6":"product_cat-ct-slusalice","7":"product_cat-ct-mobilphear","8":"product_cat-brend-sony","9":"pa_brend-slusalice-za-mobilne-telefone","11":"first","12":"outofstock","13":"shipping-taxable","14":"purchasable","15":"product-type-simple"},"_links":{"self":[{"href":"https:\/\/techstore.ba\/shop\/wp-json\/wp\/v2\/product\/30046","targetHints":{"allow":["GET"]}}],"collection":[{"href":"https:\/\/techstore.ba\/shop\/wp-json\/wp\/v2\/product"}],"about":[{"href":"https:\/\/techstore.ba\/shop\/wp-json\/wp\/v2\/types\/product"}],"wp:featuredmedia":[{"embeddable":true,"href":"https:\/\/techstore.ba\/shop\/wp-json\/wp\/v2\/media\/30047"}],"wp:attachment":[{"href":"https:\/\/techstore.ba\/shop\/wp-json\/wp\/v2\/media?parent=30046"}],"wp:term":[{"taxonomy":"product_cat","embeddable":true,"href":"https:\/\/techstore.ba\/shop\/wp-json\/wp\/v2\/product_cat?post=30046"},{"taxonomy":"product_tag","embeddable":true,"href":"https:\/\/techstore.ba\/shop\/wp-json\/wp\/v2\/product_tag?post=30046"}],"curies":[{"name":"wp","href":"https:\/\/api.w.org\/{rel}","templated":true}]}}