{"id":30011,"date":"2026-02-02T17:40:35","date_gmt":"2026-02-02T16:40:35","guid":{"rendered":"https:\/\/techstore.ba\/shop\/product\/sony-gaming-slu-bt-inzone-budsbezicne-360-spatial-sound24h-baterija-ai-mikrofon-boja-crna\/"},"modified":"2026-04-04T11:44:55","modified_gmt":"2026-04-04T09:44:55","slug":"sony-gaming-slu-bt-inzone-budsbezicne-360-spatial-sound24h-baterija-ai-mikrofon-boja-crna","status":"publish","type":"product","link":"https:\/\/techstore.ba\/shop\/product\/sony-gaming-slu-bt-inzone-budsbezicne-360-spatial-sound24h-baterija-ai-mikrofon-boja-crna\/","title":{"rendered":"Sony gaming slu BT INZONE budsbe\u017ei\u010dne; 360 Spatial Sound;24h baterija; AI mikrofon; boja crna"},"content":{"rendered":"","protected":false},"excerpt":{"rendered":"<p>Sony gaming slu\u0161alice BT INZONE buds; be\u017ei\u010dne; 360 Spatial Sound; low latency; aktivna blokada buke; 24h baterija; AI mikrofon; boja crna<\/p>\n","protected":false},"featured_media":30012,"template":"","meta":[],"product_cat":[471,383,561],"product_tag":[],"class_list":{"0":"post-30011","1":"product","2":"type-product","3":"status-publish","4":"has-post-thumbnail","6":"product_cat-ct-slusalice","7":"product_cat-ct-mobilphear","8":"product_cat-brend-sony","9":"pa_brend-slusalice-za-mobilne-telefone","11":"first","12":"instock","13":"shipping-taxable","14":"purchasable","15":"product-type-simple"},"_links":{"self":[{"href":"https:\/\/techstore.ba\/shop\/wp-json\/wp\/v2\/product\/30011","targetHints":{"allow":["GET"]}}],"collection":[{"href":"https:\/\/techstore.ba\/shop\/wp-json\/wp\/v2\/product"}],"about":[{"href":"https:\/\/techstore.ba\/shop\/wp-json\/wp\/v2\/types\/product"}],"wp:featuredmedia":[{"embeddable":true,"href":"https:\/\/techstore.ba\/shop\/wp-json\/wp\/v2\/media\/30012"}],"wp:attachment":[{"href":"https:\/\/techstore.ba\/shop\/wp-json\/wp\/v2\/media?parent=30011"}],"wp:term":[{"taxonomy":"product_cat","embeddable":true,"href":"https:\/\/techstore.ba\/shop\/wp-json\/wp\/v2\/product_cat?post=30011"},{"taxonomy":"product_tag","embeddable":true,"href":"https:\/\/techstore.ba\/shop\/wp-json\/wp\/v2\/product_tag?post=30011"}],"curies":[{"name":"wp","href":"https:\/\/api.w.org\/{rel}","templated":true}]}}