{"id":29990,"date":"2026-02-02T17:40:10","date_gmt":"2026-02-02T16:40:10","guid":{"rendered":"https:\/\/techstore.ba\/shop\/product\/sony-bezicne-slusalice-wf-c51011-sati-trajanja-baterijes-jos-11-sati-u-kutijici-za-punjenje-3\/"},"modified":"2026-04-04T11:44:54","modified_gmt":"2026-04-04T09:44:54","slug":"sony-bezicne-slusalice-wf-c51011-sati-trajanja-baterijes-jos-11-sati-u-kutijici-za-punjenje-3","status":"publish","type":"product","link":"https:\/\/techstore.ba\/shop\/product\/sony-bezicne-slusalice-wf-c51011-sati-trajanja-baterijes-jos-11-sati-u-kutijici-za-punjenje-3\/","title":{"rendered":"Sony be\u017ei\u010dne slu\u0161alice WF-C51011 sati trajanja baterije,s jo\u0161 11 sati u kutijici za punjenje;"},"content":{"rendered":"<h3>Specifikacije<\/h3>\n<table style=\"border-collapse: collapse; width: 100%;\">\n<tbody>\n<tr>\n<th style=\"text-align: left; padding: 6px 10px; border: 1px solid #eee;\">KONEKCIJA<\/th>\n<td style=\"padding: 6px 10px; border: 1px solid #eee;\">Be\u017ei\u010dna<\/td>\n<\/tr>\n<tr>\n<th style=\"text-align: left; padding: 6px 10px; border: 1px solid #eee;\">MIKROFON<\/th>\n<td style=\"padding: 6px 10px; border: 1px solid #eee;\">Da<\/td>\n<\/tr>\n<tr>\n<th style=\"text-align: left; padding: 6px 10px; border: 1px solid #eee;\">TYPE_AVSLUS<\/th>\n<td style=\"padding: 6px 10px; border: 1px solid #eee;\">Earphones<\/td>\n<\/tr>\n<\/tbody>\n<\/table>\n","protected":false},"excerpt":{"rendered":"<p>Sony be\u017ei\u010dne slu\u0161alice WF-C510; kompaktne i lagane za cjelodnevnu udobnost; 11 sati trajanja baterije, s jo\u0161 11 sati u kutijici za punjenje; mikrofon; quick Access; istovremeno uparivanje s dva Bluetooth ure\u0111aja; pra\u010denje zvuka okoline; boja \u017euta<\/p>\n","protected":false},"featured_media":29991,"template":"","meta":[],"product_cat":[471,383,561],"product_tag":[],"class_list":{"0":"post-29990","1":"product","2":"type-product","3":"status-publish","4":"has-post-thumbnail","6":"product_cat-ct-slusalice","7":"product_cat-ct-mobilphear","8":"product_cat-brend-sony","9":"pa_brend-slusalice-za-mobilne-telefone","11":"first","12":"instock","13":"shipping-taxable","14":"purchasable","15":"product-type-simple"},"_links":{"self":[{"href":"https:\/\/techstore.ba\/shop\/wp-json\/wp\/v2\/product\/29990","targetHints":{"allow":["GET"]}}],"collection":[{"href":"https:\/\/techstore.ba\/shop\/wp-json\/wp\/v2\/product"}],"about":[{"href":"https:\/\/techstore.ba\/shop\/wp-json\/wp\/v2\/types\/product"}],"wp:featuredmedia":[{"embeddable":true,"href":"https:\/\/techstore.ba\/shop\/wp-json\/wp\/v2\/media\/29991"}],"wp:attachment":[{"href":"https:\/\/techstore.ba\/shop\/wp-json\/wp\/v2\/media?parent=29990"}],"wp:term":[{"taxonomy":"product_cat","embeddable":true,"href":"https:\/\/techstore.ba\/shop\/wp-json\/wp\/v2\/product_cat?post=29990"},{"taxonomy":"product_tag","embeddable":true,"href":"https:\/\/techstore.ba\/shop\/wp-json\/wp\/v2\/product_tag?post=29990"}],"curies":[{"name":"wp","href":"https:\/\/api.w.org\/{rel}","templated":true}]}}