{"id":29951,"date":"2026-02-02T17:39:17","date_gmt":"2026-02-02T16:39:17","guid":{"rendered":"https:\/\/techstore.ba\/shop\/product\/sony-gaming-slusalic-inzone-h3zicane-slusalice-s-mikrofonomboja-crna\/"},"modified":"2026-04-04T11:44:54","modified_gmt":"2026-04-04T09:44:54","slug":"sony-gaming-slusalic-inzone-h3zicane-slusalice-s-mikrofonomboja-crna","status":"publish","type":"product","link":"https:\/\/techstore.ba\/shop\/product\/sony-gaming-slusalic-inzone-h3zicane-slusalice-s-mikrofonomboja-crna\/","title":{"rendered":"Sony gaming slu\u0161alic INZONE H3\u017ei\u010dane slu\u0161alice s mikrofonomboja crna"},"content":{"rendered":"","protected":false},"excerpt":{"rendered":"<p>Sony gaming slu\u0161alice INZONE H3; \u017ei\u010dane s mikrofonom; personalizirani 360 prostorni zvuk za igranje; preklopni mikrofon na stalku s funkcijom uti\u0161avanja; USB DAC priklju\u010dak; dizajn iznimno udoban; softver INZONE Hub &#8211; presonalizacija slu\u0161alica; crna<\/p>\n","protected":false},"featured_media":29952,"template":"","meta":[],"product_cat":[471,852,561],"product_tag":[],"class_list":{"0":"post-29951","1":"product","2":"type-product","3":"status-publish","4":"has-post-thumbnail","6":"product_cat-ct-slusalice","7":"product_cat-slusalice-za-pc","8":"product_cat-brend-sony","9":"pa_brend-slusalice-za-pc","11":"first","12":"outofstock","13":"shipping-taxable","14":"purchasable","15":"product-type-simple"},"_links":{"self":[{"href":"https:\/\/techstore.ba\/shop\/wp-json\/wp\/v2\/product\/29951","targetHints":{"allow":["GET"]}}],"collection":[{"href":"https:\/\/techstore.ba\/shop\/wp-json\/wp\/v2\/product"}],"about":[{"href":"https:\/\/techstore.ba\/shop\/wp-json\/wp\/v2\/types\/product"}],"wp:featuredmedia":[{"embeddable":true,"href":"https:\/\/techstore.ba\/shop\/wp-json\/wp\/v2\/media\/29952"}],"wp:attachment":[{"href":"https:\/\/techstore.ba\/shop\/wp-json\/wp\/v2\/media?parent=29951"}],"wp:term":[{"taxonomy":"product_cat","embeddable":true,"href":"https:\/\/techstore.ba\/shop\/wp-json\/wp\/v2\/product_cat?post=29951"},{"taxonomy":"product_tag","embeddable":true,"href":"https:\/\/techstore.ba\/shop\/wp-json\/wp\/v2\/product_tag?post=29951"}],"curies":[{"name":"wp","href":"https:\/\/api.w.org\/{rel}","templated":true}]}}