{"id":29912,"date":"2026-02-02T17:38:34","date_gmt":"2026-02-02T16:38:34","guid":{"rendered":"https:\/\/techstore.ba\/shop\/product\/sony-in-ear-usb-c-slusalice-boja-plava\/"},"modified":"2026-04-04T11:44:54","modified_gmt":"2026-04-04T09:44:54","slug":"sony-in-ear-usb-c-slusalice-boja-plava","status":"publish","type":"product","link":"https:\/\/techstore.ba\/shop\/product\/sony-in-ear-usb-c-slusalice-boja-plava\/","title":{"rendered":"Sony in-ear USB-C slu\u0161alice boja plava"},"content":{"rendered":"","protected":false},"excerpt":{"rendered":"<p>Sony In ear \u017ei\u010dne slu\u0161alice, USB-C, Androis\/iOS kompatibilne, 5mm drajveri za sna\u017ean bas, mikrofon vi\u0161esmjerni, daljinska kontrola, glasovni asistent, kabl 1.2m, XS\/M\/XL silikonski umetci, boja plava<\/p>\n","protected":false},"featured_media":29913,"template":"","meta":[],"product_cat":[471,383,561],"product_tag":[],"class_list":{"0":"post-29912","1":"product","2":"type-product","3":"status-publish","4":"has-post-thumbnail","6":"product_cat-ct-slusalice","7":"product_cat-ct-mobilphear","8":"product_cat-brend-sony","9":"pa_brend-slusalice-za-mobilne-telefone","11":"first","12":"instock","13":"shipping-taxable","14":"purchasable","15":"product-type-simple"},"_links":{"self":[{"href":"https:\/\/techstore.ba\/shop\/wp-json\/wp\/v2\/product\/29912","targetHints":{"allow":["GET"]}}],"collection":[{"href":"https:\/\/techstore.ba\/shop\/wp-json\/wp\/v2\/product"}],"about":[{"href":"https:\/\/techstore.ba\/shop\/wp-json\/wp\/v2\/types\/product"}],"wp:featuredmedia":[{"embeddable":true,"href":"https:\/\/techstore.ba\/shop\/wp-json\/wp\/v2\/media\/29913"}],"wp:attachment":[{"href":"https:\/\/techstore.ba\/shop\/wp-json\/wp\/v2\/media?parent=29912"}],"wp:term":[{"taxonomy":"product_cat","embeddable":true,"href":"https:\/\/techstore.ba\/shop\/wp-json\/wp\/v2\/product_cat?post=29912"},{"taxonomy":"product_tag","embeddable":true,"href":"https:\/\/techstore.ba\/shop\/wp-json\/wp\/v2\/product_tag?post=29912"}],"curies":[{"name":"wp","href":"https:\/\/api.w.org\/{rel}","templated":true}]}}