{"id":29868,"date":"2026-02-02T17:37:26","date_gmt":"2026-02-02T16:37:26","guid":{"rendered":"https:\/\/techstore.ba\/shop\/product\/philips-tat2520bk-00-bezicnblokiranje-buke-2-ai-mikrofondo-20-sati-reprodukcije-zastita-ipx4\/"},"modified":"2026-04-04T11:44:53","modified_gmt":"2026-04-04T09:44:53","slug":"philips-tat2520bk-00-bezicnblokiranje-buke-2-ai-mikrofondo-20-sati-reprodukcije-zastita-ipx4","status":"publish","type":"product","link":"https:\/\/techstore.ba\/shop\/product\/philips-tat2520bk-00-bezicnblokiranje-buke-2-ai-mikrofondo-20-sati-reprodukcije-zastita-ipx4\/","title":{"rendered":"Philips TAT2520BK\/00 be\u017ei\u010dnBlokiranje buke; 2 AI mikrofonDo 20 sati reprodukcije; zastita IPX4"},"content":{"rendered":"","protected":false},"excerpt":{"rendered":"<p>Philips TAT2520BK\/00 be\u017ei\u010dne slu\u0161alice; male; odli\u010dna vrijednost; Blokiranje buke; Odli\u010dan zvuk \u010dak i pri niskoj glasno\u0107i uz dinami\u010dko poja\u010danje basa; Jasni pozivi; zastita IPX4; povezivanje sa 2 uredjaja; Do 20 sati reprodukcije; boja bijela<\/p>\n","protected":false},"featured_media":29869,"template":"","meta":[],"product_cat":[559,471,383],"product_tag":[],"class_list":{"0":"post-29868","1":"product","2":"type-product","3":"status-publish","4":"has-post-thumbnail","6":"product_cat-brend-philips","7":"product_cat-ct-slusalice","8":"product_cat-ct-mobilphear","9":"pa_brend-slusalice-za-mobilne-telefone","11":"first","12":"outofstock","13":"shipping-taxable","14":"purchasable","15":"product-type-simple"},"_links":{"self":[{"href":"https:\/\/techstore.ba\/shop\/wp-json\/wp\/v2\/product\/29868","targetHints":{"allow":["GET"]}}],"collection":[{"href":"https:\/\/techstore.ba\/shop\/wp-json\/wp\/v2\/product"}],"about":[{"href":"https:\/\/techstore.ba\/shop\/wp-json\/wp\/v2\/types\/product"}],"wp:featuredmedia":[{"embeddable":true,"href":"https:\/\/techstore.ba\/shop\/wp-json\/wp\/v2\/media\/29869"}],"wp:attachment":[{"href":"https:\/\/techstore.ba\/shop\/wp-json\/wp\/v2\/media?parent=29868"}],"wp:term":[{"taxonomy":"product_cat","embeddable":true,"href":"https:\/\/techstore.ba\/shop\/wp-json\/wp\/v2\/product_cat?post=29868"},{"taxonomy":"product_tag","embeddable":true,"href":"https:\/\/techstore.ba\/shop\/wp-json\/wp\/v2\/product_tag?post=29868"}],"curies":[{"name":"wp","href":"https:\/\/api.w.org\/{rel}","templated":true}]}}