{"id":29843,"date":"2026-02-02T17:37:06","date_gmt":"2026-02-02T16:37:06","guid":{"rendered":"https:\/\/techstore.ba\/shop\/product\/philips-tat2139bk-00-slusalice-ipx4-zastita-bez-umetaka-do-28h-reprodukcije\/"},"modified":"2026-04-04T11:44:53","modified_gmt":"2026-04-04T09:44:53","slug":"philips-tat2139bk-00-slusalice-ipx4-zastita-bez-umetaka-do-28h-reprodukcije","status":"publish","type":"product","link":"https:\/\/techstore.ba\/shop\/product\/philips-tat2139bk-00-slusalice-ipx4-zastita-bez-umetaka-do-28h-reprodukcije\/","title":{"rendered":"Philips TAT2139BK\/00 slu\u0161alice, iPX4 za\u0161tita, bez umetaka,, do 28h reprodukcije"},"content":{"rendered":"<h3>Specifikacije<\/h3>\n<table style=\"border-collapse:collapse;width:100%;\">\n<tr>\n<th style=\"text-align:left;padding:6px 10px;border:1px solid #eee;\">TYPE_AVSLUS<\/th>\n<td style=\"padding:6px 10px;border:1px solid #eee;\">Earphones<\/td>\n<\/tr>\n<tr>\n<th style=\"text-align:left;padding:6px 10px;border:1px solid #eee;\">KONEKCIJA<\/th>\n<td style=\"padding:6px 10px;border:1px solid #eee;\">Be\u017ei\u010dna<\/td>\n<\/tr>\n<tr>\n<th style=\"text-align:left;padding:6px 10px;border:1px solid #eee;\">MIKROFON<\/th>\n<td style=\"padding:6px 10px;border:1px solid #eee;\">Da<\/td>\n<\/tr>\n<\/table>\n","protected":false},"excerpt":{"rendered":"<p>Philips TAT2139BK\/00 slu\u0161alice bez umetaka za u\u0161i, bez pritiska. Odli\u010dan zvuk \u010dak i pri niskoj glasno\u0107i uz dinami\u010dan bas.. Jasni pozivi, Do 28h reprodukcije. IPX4 za\u0161tita, App Philips Headphones, 5.3 verzzija Bluetootha<\/p>\n","protected":false},"featured_media":29844,"template":"","meta":[],"product_cat":[471,383],"product_tag":[],"class_list":{"0":"post-29843","1":"product","2":"type-product","3":"status-publish","4":"has-post-thumbnail","6":"product_cat-ct-slusalice","7":"product_cat-ct-mobilphear","8":"pa_brend-slusalice-za-mobilne-telefone","10":"first","11":"outofstock","12":"shipping-taxable","13":"purchasable","14":"product-type-simple"},"_links":{"self":[{"href":"https:\/\/techstore.ba\/shop\/wp-json\/wp\/v2\/product\/29843","targetHints":{"allow":["GET"]}}],"collection":[{"href":"https:\/\/techstore.ba\/shop\/wp-json\/wp\/v2\/product"}],"about":[{"href":"https:\/\/techstore.ba\/shop\/wp-json\/wp\/v2\/types\/product"}],"wp:featuredmedia":[{"embeddable":true,"href":"https:\/\/techstore.ba\/shop\/wp-json\/wp\/v2\/media\/29844"}],"wp:attachment":[{"href":"https:\/\/techstore.ba\/shop\/wp-json\/wp\/v2\/media?parent=29843"}],"wp:term":[{"taxonomy":"product_cat","embeddable":true,"href":"https:\/\/techstore.ba\/shop\/wp-json\/wp\/v2\/product_cat?post=29843"},{"taxonomy":"product_tag","embeddable":true,"href":"https:\/\/techstore.ba\/shop\/wp-json\/wp\/v2\/product_tag?post=29843"}],"curies":[{"name":"wp","href":"https:\/\/api.w.org\/{rel}","templated":true}]}}