{"id":29791,"date":"2026-02-02T17:36:17","date_gmt":"2026-02-02T16:36:17","guid":{"rendered":"https:\/\/techstore.ba\/shop\/product\/philips-tak4206bl-djecije-slussvjetlece-skoljke-za-usi28h-bat-bluetooth-domet-do-10m\/"},"modified":"2026-03-19T15:15:15","modified_gmt":"2026-03-19T14:15:15","slug":"philips-tak4206bl-djecije-slussvjetlece-skoljke-za-usi28h-bat-bluetooth-domet-do-10m","status":"publish","type":"product","link":"https:\/\/techstore.ba\/shop\/product\/philips-tak4206bl-djecije-slussvjetlece-skoljke-za-usi28h-bat-bluetooth-domet-do-10m\/","title":{"rendered":"Philips TAK4206BL djecije slussvjetle\u0107e skoljke za u\u0161i;28h bat; bluetooth; domet do 10m"},"content":{"rendered":"","protected":false},"excerpt":{"rendered":"<p>Philips TAK4206BL djecije slu\u0161alice &#8211; bluetooth; 28 sati reprodukcije; roditeljski nadzor; ivopisne svjetle\u0107e plo\u010de na \u0161koljkama za u\u0161i; priklju\u010dnica od 3,5 mm; mikrofon; domet do 10; boja plava<\/p>\n","protected":false},"featured_media":29793,"template":"","meta":[],"product_cat":[559,471,383],"product_tag":[],"class_list":{"0":"post-29791","1":"product","2":"type-product","3":"status-publish","4":"has-post-thumbnail","6":"product_cat-brend-philips","7":"product_cat-ct-slusalice","8":"product_cat-ct-mobilphear","9":"pa_brend-slusalice-za-mobilne-telefone","11":"first","12":"outofstock","13":"shipping-taxable","14":"purchasable","15":"product-type-simple"},"_links":{"self":[{"href":"https:\/\/techstore.ba\/shop\/wp-json\/wp\/v2\/product\/29791","targetHints":{"allow":["GET"]}}],"collection":[{"href":"https:\/\/techstore.ba\/shop\/wp-json\/wp\/v2\/product"}],"about":[{"href":"https:\/\/techstore.ba\/shop\/wp-json\/wp\/v2\/types\/product"}],"wp:featuredmedia":[{"embeddable":true,"href":"https:\/\/techstore.ba\/shop\/wp-json\/wp\/v2\/media\/29793"}],"wp:attachment":[{"href":"https:\/\/techstore.ba\/shop\/wp-json\/wp\/v2\/media?parent=29791"}],"wp:term":[{"taxonomy":"product_cat","embeddable":true,"href":"https:\/\/techstore.ba\/shop\/wp-json\/wp\/v2\/product_cat?post=29791"},{"taxonomy":"product_tag","embeddable":true,"href":"https:\/\/techstore.ba\/shop\/wp-json\/wp\/v2\/product_tag?post=29791"}],"curies":[{"name":"wp","href":"https:\/\/api.w.org\/{rel}","templated":true}]}}