{"id":29736,"date":"2026-02-02T17:35:23","date_gmt":"2026-02-02T16:35:23","guid":{"rendered":"https:\/\/techstore.ba\/shop\/product\/samsung-a07-6128gbgreengreenandroid-15\/"},"modified":"2026-04-04T11:46:50","modified_gmt":"2026-04-04T09:46:50","slug":"samsung-a07-6128gbgreengreenandroid-15","status":"publish","type":"product","link":"https:\/\/techstore.ba\/shop\/product\/samsung-a07-6128gbgreengreenandroid-15\/","title":{"rendered":"Samsung A07 6+128GB,GreenGreen,Android 15"},"content":{"rendered":"<h3>Specifikacije<\/h3>\n<table style=\"border-collapse: collapse; width: 100%;\">\n<tbody>\n<tr>\n<th style=\"text-align: left; padding: 6px 10px; border: 1px solid #eee;\">BATTCAP_SMPH<\/th>\n<td style=\"padding: 6px 10px; border: 1px solid #eee;\">5000mAh<\/td>\n<\/tr>\n<tr>\n<th style=\"text-align: left; padding: 6px 10px; border: 1px solid #eee;\">CAM_SEC_SMPH<\/th>\n<td style=\"padding: 6px 10px; border: 1px solid #eee;\">8 MP<\/td>\n<\/tr>\n<tr>\n<th style=\"text-align: left; padding: 6px 10px; border: 1px solid #eee;\">COLOR_SMPH<\/th>\n<td style=\"padding: 6px 10px; border: 1px solid #eee;\">Zelena<\/td>\n<\/tr>\n<tr>\n<th style=\"text-align: left; padding: 6px 10px; border: 1px solid #eee;\">CORE_SMPH<\/th>\n<td style=\"padding: 6px 10px; border: 1px solid #eee;\">Octa Core<\/td>\n<\/tr>\n<tr>\n<th style=\"text-align: left; padding: 6px 10px; border: 1px solid #eee;\">SPEED_CPU_SMPH<\/th>\n<td style=\"padding: 6px 10px; border: 1px solid #eee;\">2&#215;2.2GHz &amp; 6&#215;2.0 GHz<\/td>\n<\/tr>\n<tr>\n<th style=\"text-align: left; padding: 6px 10px; border: 1px solid #eee;\">WATERRES<\/th>\n<td style=\"padding: 6px 10px; border: 1px solid #eee;\">Da<\/td>\n<\/tr>\n<tr>\n<th style=\"text-align: left; padding: 6px 10px; border: 1px solid #eee;\">OS_SMPH<\/th>\n<td style=\"padding: 6px 10px; border: 1px solid #eee;\">Android<\/td>\n<\/tr>\n<tr>\n<th style=\"text-align: left; padding: 6px 10px; border: 1px solid #eee;\">RAM_SMPH<\/th>\n<td style=\"padding: 6px 10px; border: 1px solid #eee;\">6 GB<\/td>\n<\/tr>\n<tr>\n<th style=\"text-align: left; padding: 6px 10px; border: 1px solid #eee;\">RUGGED_SMPH<\/th>\n<td style=\"padding: 6px 10px; border: 1px solid #eee;\">Ne<\/td>\n<\/tr>\n<tr>\n<th style=\"text-align: left; padding: 6px 10px; border: 1px solid #eee;\">SCREEN_TYPE_SMPH<\/th>\n<td style=\"padding: 6px 10px; border: 1px solid #eee;\">PLS LCD<\/td>\n<\/tr>\n<tr>\n<th style=\"text-align: left; padding: 6px 10px; border: 1px solid #eee;\">BT_DANE<\/th>\n<td style=\"padding: 6px 10px; border: 1px solid #eee;\">Da<\/td>\n<\/tr>\n<tr>\n<th style=\"text-align: left; padding: 6px 10px; border: 1px solid #eee;\">CAM_MAIN_SMPH<\/th>\n<td style=\"padding: 6px 10px; border: 1px solid #eee;\">50 MP + 2 MP<\/td>\n<\/tr>\n<tr>\n<th style=\"text-align: left; padding: 6px 10px; border: 1px solid #eee;\">CPU_SMPH<\/th>\n<td style=\"padding: 6px 10px; border: 1px solid #eee;\">MTK<\/td>\n<\/tr>\n<tr>\n<th style=\"text-align: left; padding: 6px 10px; border: 1px solid #eee;\">LTE<\/th>\n<td style=\"padding: 6px 10px; border: 1px solid #eee;\">Da<\/td>\n<\/tr>\n<tr>\n<th style=\"text-align: left; padding: 6px 10px; border: 1px solid #eee;\">SCREEN_SIZE_SMPH<\/th>\n<td style=\"padding: 6px 10px; border: 1px solid #eee;\">6.7&#8221;<\/td>\n<\/tr>\n<tr>\n<th style=\"text-align: left; padding: 6px 10px; border: 1px solid #eee;\">SIM<\/th>\n<td style=\"padding: 6px 10px; border: 1px solid #eee;\">Nano SIM<\/td>\n<\/tr>\n<tr>\n<th style=\"text-align: left; padding: 6px 10px; border: 1px solid #eee;\">SIM_NO<\/th>\n<td style=\"padding: 6px 10px; border: 1px solid #eee;\">2<\/td>\n<\/tr>\n<tr>\n<th style=\"text-align: left; padding: 6px 10px; border: 1px solid #eee;\">WIFI<\/th>\n<td style=\"padding: 6px 10px; border: 1px solid #eee;\">Da<\/td>\n<\/tr>\n<tr>\n<th style=\"text-align: left; padding: 6px 10px; border: 1px solid #eee;\">DIMENSION<\/th>\n<td style=\"padding: 6px 10px; border: 1px solid #eee;\">164.4 x 77.4 x 7.6 mm<\/td>\n<\/tr>\n<tr>\n<th style=\"text-align: left; padding: 6px 10px; border: 1px solid #eee;\">FPSENSOR<\/th>\n<td style=\"padding: 6px 10px; border: 1px solid #eee;\">Da<\/td>\n<\/tr>\n<tr>\n<th style=\"text-align: left; padding: 6px 10px; border: 1px solid #eee;\">MEMORY_SMPH<\/th>\n<td style=\"padding: 6px 10px; border: 1px solid #eee;\">128 GB<\/td>\n<\/tr>\n<tr>\n<th style=\"text-align: left; padding: 6px 10px; border: 1px solid #eee;\">NFC<\/th>\n<td style=\"padding: 6px 10px; border: 1px solid #eee;\">Ne<\/td>\n<\/tr>\n<tr>\n<th style=\"text-align: left; padding: 6px 10px; border: 1px solid #eee;\">PLAYER_SMPH<\/th>\n<td style=\"padding: 6px 10px; border: 1px solid #eee;\">Da<\/td>\n<\/tr>\n<\/tbody>\n<\/table>\n","protected":false},"excerpt":{"rendered":"<ul class=\"KsbFXc U6u95\" data-sfc-cb=\"\" data-complete=\"true\" data-processed=\"true\">\n<li class=\"dF3vjf\" data-sfc-cb=\"\" data-hveid=\"CAEIAhAA\" data-complete=\"true\" data-sae=\"\"><span class=\"T286Pc\" data-sfc-cp=\"\" data-sfc-cb=\"\" data-complete=\"true\"><strong class=\"Yjhzub\" data-sfc-cb=\"\" data-complete=\"true\">Ekran:<\/strong>\u00a0<strong class=\"Yjhzub\" data-sfc-cb=\"\" data-complete=\"true\">6,7-in\u010dni<\/strong>\u00a0PLS LCD sa osvje\u017eavanjem od\u00a0<strong class=\"Yjhzub\" data-sfc-cb=\"\" data-complete=\"true\">90Hz<\/strong>, \u0161to osigurava fluidnije skrolovanje u odnosu na prethodne osnovne modele.<\/span><\/li>\n<li class=\"dF3vjf\" data-sfc-cb=\"\" data-hveid=\"CAEIAhAB\" data-complete=\"true\" data-sae=\"\"><span class=\"T286Pc\" data-sfc-cp=\"\" data-sfc-cb=\"\" data-complete=\"true\"><strong class=\"Yjhzub\" data-sfc-cb=\"\" data-complete=\"true\">Memorija:<\/strong>\u00a0<strong class=\"Yjhzub\" data-sfc-cb=\"\" data-complete=\"true\">6 GB RAM-a<\/strong>\u00a0(zna\u010dajno pobolj\u0161anje za multitasking) i\u00a0<strong class=\"Yjhzub\" data-sfc-cb=\"\" data-complete=\"true\">128 GB<\/strong>\u00a0interne memorije, pro\u0161irive microSD karticom.<\/span><\/li>\n<li class=\"dF3vjf\" data-sfc-cb=\"\" data-hveid=\"CAEIAhAC\" data-complete=\"true\" data-sae=\"\"><span class=\"T286Pc\" data-sfc-cp=\"\" data-sfc-cb=\"\" data-complete=\"true\"><strong class=\"Yjhzub\" data-sfc-cb=\"\" data-complete=\"true\">Boja:<\/strong>\u00a0<strong class=\"Yjhzub\" data-sfc-cb=\"\" data-complete=\"true\">Green (Zelena)<\/strong>\u00a0\u2013 moderna, pastelna nijansa koja ure\u0111aju daje svje\u017e i prepoznatljiv izgled.<\/span><\/li>\n<li class=\"dF3vjf\" data-sfc-cb=\"\" data-hveid=\"CAEIAhAD\" data-complete=\"true\" data-sae=\"\"><span class=\"T286Pc\" data-sfc-cp=\"\" data-sfc-cb=\"\" data-complete=\"true\"><strong class=\"Yjhzub\" data-sfc-cb=\"\" data-complete=\"true\">Softver:<\/strong>\u00a0Najnoviji\u00a0<strong class=\"Yjhzub\" data-sfc-cb=\"\" data-complete=\"true\">Android 15<\/strong>\u00a0sa\u00a0<strong class=\"Yjhzub\" data-sfc-cb=\"\" data-complete=\"true\">One UI 7 Core<\/strong>\u00a0interfejsom, optimizovanim za stabilan rad osnovnih funkcija.<\/span><\/li>\n<li class=\"dF3vjf\" data-sfc-cb=\"\" data-hveid=\"CAEIAhAE\" data-complete=\"true\" data-sae=\"\"><span class=\"T286Pc\" data-sfc-cp=\"\" data-sfc-cb=\"\" data-complete=\"true\"><strong class=\"Yjhzub\" data-sfc-cb=\"\" data-complete=\"true\">Kamere:<\/strong>\u00a0Glavna zadnja kamera od\u00a0<strong class=\"Yjhzub\" data-sfc-cb=\"\" data-complete=\"true\">50 MP<\/strong>\u00a0za kvalitetne dnevne fotografije i\u00a0<strong class=\"Yjhzub\" data-sfc-cb=\"\" data-complete=\"true\">8 MP<\/strong>\u00a0prednja kamera za video pozive i selfije.<\/span><\/li>\n<li class=\"dF3vjf\" data-sfc-cb=\"\" data-hveid=\"CAEIAhAF\" data-complete=\"true\" data-sae=\"\"><span class=\"T286Pc\" data-sfc-cp=\"\" data-sfc-cb=\"\" data-complete=\"true\"><strong class=\"Yjhzub\" data-sfc-cb=\"\" data-complete=\"true\">Baterija:<\/strong>\u00a0Veliki kapacitet od\u00a0<strong class=\"Yjhzub\" data-sfc-cb=\"\" data-complete=\"true\">5000 mAh<\/strong>\u00a0koji omogu\u0107ava dugotrajno kori\u0161tenje, uz podr\u0161ku za\u00a0<strong class=\"Yjhzub\" data-sfc-cb=\"\" data-complete=\"true\">25W<\/strong>\u00a0brzo punjenje.<\/span><\/li>\n<li class=\"dF3vjf\" data-sfc-cb=\"\" data-hveid=\"CAEIAhAG\" data-complete=\"true\" data-sae=\"\"><span class=\"T286Pc\" data-sfc-cp=\"\" data-sfc-cb=\"\" data-complete=\"true\" aria-owns=\"action-menu-parent-container\"><strong class=\"Yjhzub\" data-sfc-cb=\"\" data-complete=\"true\">Povezivanje:<\/strong>\u00a0Podr\u017eava 4G mre\u017eu, Bluetooth 5.3 i posjeduje 3.5mm ulaz za slu\u0161alice.<\/span><\/li>\n<li data-sfc-cb=\"\" data-hveid=\"CAEIAhAG\" data-complete=\"true\" data-sae=\"\"><strong>Garancija<\/strong>: 2 godine<\/li>\n<\/ul>\n","protected":false},"featured_media":29738,"template":"","meta":[],"product_cat":[560,475],"product_tag":[],"class_list":{"0":"post-29736","1":"product","2":"type-product","3":"status-publish","4":"has-post-thumbnail","6":"product_cat-brend-samsung","7":"product_cat-ct-smartphone","8":"pa_brend-samsung","10":"first","11":"outofstock","12":"shipping-taxable","13":"purchasable","14":"product-type-simple"},"_links":{"self":[{"href":"https:\/\/techstore.ba\/shop\/wp-json\/wp\/v2\/product\/29736","targetHints":{"allow":["GET"]}}],"collection":[{"href":"https:\/\/techstore.ba\/shop\/wp-json\/wp\/v2\/product"}],"about":[{"href":"https:\/\/techstore.ba\/shop\/wp-json\/wp\/v2\/types\/product"}],"wp:featuredmedia":[{"embeddable":true,"href":"https:\/\/techstore.ba\/shop\/wp-json\/wp\/v2\/media\/29738"}],"wp:attachment":[{"href":"https:\/\/techstore.ba\/shop\/wp-json\/wp\/v2\/media?parent=29736"}],"wp:term":[{"taxonomy":"product_cat","embeddable":true,"href":"https:\/\/techstore.ba\/shop\/wp-json\/wp\/v2\/product_cat?post=29736"},{"taxonomy":"product_tag","embeddable":true,"href":"https:\/\/techstore.ba\/shop\/wp-json\/wp\/v2\/product_tag?post=29736"}],"curies":[{"name":"wp","href":"https:\/\/api.w.org\/{rel}","templated":true}]}}