{"id":29707,"date":"2026-02-02T17:35:07","date_gmt":"2026-02-02T16:35:07","guid":{"rendered":"https:\/\/techstore.ba\/shop\/product\/philips-tah2005bk-00-slusalicestereo-slusaliceduzina-kabla-2-m-boja-crna\/"},"modified":"2026-04-04T11:44:53","modified_gmt":"2026-04-04T09:44:53","slug":"philips-tah2005bk-00-slusalicestereo-slusaliceduzina-kabla-2-m-boja-crna","status":"publish","type":"product","link":"https:\/\/techstore.ba\/shop\/product\/philips-tah2005bk-00-slusalicestereo-slusaliceduzina-kabla-2-m-boja-crna\/","title":{"rendered":"Philips TAH2005BK\/00 slu\u0161aliceStereo slu\u0161alicedu\u017eina kabla 2 m, boja crna"},"content":{"rendered":"","protected":false},"excerpt":{"rendered":"<p>Philips TAH2005BK Stereo slu\u0161alice, Promjer zvu\u010dnika40 mm, Frekvencijski odziv 20 &#8211; 20 000Hz, du\u017eina kabla 2m, boja crna<\/p>\n","protected":false},"featured_media":29708,"template":"","meta":[],"product_cat":[559,471,852],"product_tag":[],"class_list":{"0":"post-29707","1":"product","2":"type-product","3":"status-publish","4":"has-post-thumbnail","6":"product_cat-brend-philips","7":"product_cat-ct-slusalice","8":"product_cat-slusalice-za-pc","9":"pa_brend-philips","11":"first","12":"instock","13":"shipping-taxable","14":"purchasable","15":"product-type-simple"},"_links":{"self":[{"href":"https:\/\/techstore.ba\/shop\/wp-json\/wp\/v2\/product\/29707","targetHints":{"allow":["GET"]}}],"collection":[{"href":"https:\/\/techstore.ba\/shop\/wp-json\/wp\/v2\/product"}],"about":[{"href":"https:\/\/techstore.ba\/shop\/wp-json\/wp\/v2\/types\/product"}],"wp:featuredmedia":[{"embeddable":true,"href":"https:\/\/techstore.ba\/shop\/wp-json\/wp\/v2\/media\/29708"}],"wp:attachment":[{"href":"https:\/\/techstore.ba\/shop\/wp-json\/wp\/v2\/media?parent=29707"}],"wp:term":[{"taxonomy":"product_cat","embeddable":true,"href":"https:\/\/techstore.ba\/shop\/wp-json\/wp\/v2\/product_cat?post=29707"},{"taxonomy":"product_tag","embeddable":true,"href":"https:\/\/techstore.ba\/shop\/wp-json\/wp\/v2\/product_tag?post=29707"}],"curies":[{"name":"wp","href":"https:\/\/api.w.org\/{rel}","templated":true}]}}