{"id":29703,"date":"2026-02-02T17:35:02","date_gmt":"2026-02-02T16:35:02","guid":{"rendered":"https:\/\/techstore.ba\/shop\/product\/philips-tae2146wt-slusaliceusb-c-prikljucak-umetanje-u-uspogonske-jedinice-od-10-mm-mikrofon\/"},"modified":"2026-04-04T11:44:53","modified_gmt":"2026-04-04T09:44:53","slug":"philips-tae2146wt-slusaliceusb-c-prikljucak-umetanje-u-uspogonske-jedinice-od-10-mm-mikrofon","status":"publish","type":"product","link":"https:\/\/techstore.ba\/shop\/product\/philips-tae2146wt-slusaliceusb-c-prikljucak-umetanje-u-uspogonske-jedinice-od-10-mm-mikrofon\/","title":{"rendered":"Philips TAE2146WT slu\u0161aliceUSB-C priklju\u010dak umetanje u u\u0161Pogonske jedinice od 10 mm; mikrofon"},"content":{"rendered":"","protected":false},"excerpt":{"rendered":"<p>Philips TAE2146WT slu\u0161alice zi\u010dane; USB-C priklju\u010dak umetanje u u\u0161i; Pogonske jedinice od 10 mm; mikrofon na \u017eici; du\u017eina kabla 1,2m; boja bijela<\/p>\n","protected":false},"featured_media":29704,"template":"","meta":[],"product_cat":[559,471,383],"product_tag":[],"class_list":{"0":"post-29703","1":"product","2":"type-product","3":"status-publish","4":"has-post-thumbnail","6":"product_cat-brend-philips","7":"product_cat-ct-slusalice","8":"product_cat-ct-mobilphear","9":"pa_brend-slusalice-za-mobilne-telefone","11":"first","12":"outofstock","13":"shipping-taxable","14":"purchasable","15":"product-type-simple"},"_links":{"self":[{"href":"https:\/\/techstore.ba\/shop\/wp-json\/wp\/v2\/product\/29703","targetHints":{"allow":["GET"]}}],"collection":[{"href":"https:\/\/techstore.ba\/shop\/wp-json\/wp\/v2\/product"}],"about":[{"href":"https:\/\/techstore.ba\/shop\/wp-json\/wp\/v2\/types\/product"}],"wp:featuredmedia":[{"embeddable":true,"href":"https:\/\/techstore.ba\/shop\/wp-json\/wp\/v2\/media\/29704"}],"wp:attachment":[{"href":"https:\/\/techstore.ba\/shop\/wp-json\/wp\/v2\/media?parent=29703"}],"wp:term":[{"taxonomy":"product_cat","embeddable":true,"href":"https:\/\/techstore.ba\/shop\/wp-json\/wp\/v2\/product_cat?post=29703"},{"taxonomy":"product_tag","embeddable":true,"href":"https:\/\/techstore.ba\/shop\/wp-json\/wp\/v2\/product_tag?post=29703"}],"curies":[{"name":"wp","href":"https:\/\/api.w.org\/{rel}","templated":true}]}}