{"id":29632,"date":"2026-02-02T17:32:16","date_gmt":"2026-02-02T16:32:16","guid":{"rendered":"https:\/\/techstore.ba\/shop\/product\/philipstae1105wt-slusalicein-ear-pozlaceni-prikljucakkontrola-na-kabelu-za-lako-upravljanje\/"},"modified":"2026-04-04T11:44:53","modified_gmt":"2026-04-04T09:44:53","slug":"philipstae1105wt-slusalicein-ear-pozlaceni-prikljucakkontrola-na-kabelu-za-lako-upravljanje","status":"publish","type":"product","link":"https:\/\/techstore.ba\/shop\/product\/philipstae1105wt-slusalicein-ear-pozlaceni-prikljucakkontrola-na-kabelu-za-lako-upravljanje\/","title":{"rendered":"PhilipsTAE1105WT slu\u0161aliceIn-ear; pozla\u0107eni priklju\u010dak;kontrola na kabelu za lako upravljanje"},"content":{"rendered":"","protected":false},"excerpt":{"rendered":"<p>PhilipsTAE1105WT slu\u0161alice; In-ear; pozla\u0107eni priklju\u010dak; kontrola na kabelu za lako upravljanje; promjer zvucnika 8,6 mm; boja bijela<\/p>\n","protected":false},"featured_media":29633,"template":"","meta":[],"product_cat":[559,471,383],"product_tag":[],"class_list":{"0":"post-29632","1":"product","2":"type-product","3":"status-publish","4":"has-post-thumbnail","6":"product_cat-brend-philips","7":"product_cat-ct-slusalice","8":"product_cat-ct-mobilphear","9":"pa_brend-slusalice-za-mobilne-telefone","11":"first","12":"outofstock","13":"shipping-taxable","14":"purchasable","15":"product-type-simple"},"_links":{"self":[{"href":"https:\/\/techstore.ba\/shop\/wp-json\/wp\/v2\/product\/29632","targetHints":{"allow":["GET"]}}],"collection":[{"href":"https:\/\/techstore.ba\/shop\/wp-json\/wp\/v2\/product"}],"about":[{"href":"https:\/\/techstore.ba\/shop\/wp-json\/wp\/v2\/types\/product"}],"wp:featuredmedia":[{"embeddable":true,"href":"https:\/\/techstore.ba\/shop\/wp-json\/wp\/v2\/media\/29633"}],"wp:attachment":[{"href":"https:\/\/techstore.ba\/shop\/wp-json\/wp\/v2\/media?parent=29632"}],"wp:term":[{"taxonomy":"product_cat","embeddable":true,"href":"https:\/\/techstore.ba\/shop\/wp-json\/wp\/v2\/product_cat?post=29632"},{"taxonomy":"product_tag","embeddable":true,"href":"https:\/\/techstore.ba\/shop\/wp-json\/wp\/v2\/product_tag?post=29632"}],"curies":[{"name":"wp","href":"https:\/\/api.w.org\/{rel}","templated":true}]}}