{"id":29626,"date":"2026-02-02T17:32:04","date_gmt":"2026-02-02T16:32:04","guid":{"rendered":"https:\/\/techstore.ba\/shop\/product\/philipstae1105bk-slusalicein-ear-pozlaceni-prikljucakkontrola-na-kabelu-za-lako-upravljanje\/"},"modified":"2026-04-04T11:44:53","modified_gmt":"2026-04-04T09:44:53","slug":"philipstae1105bk-slusalicein-ear-pozlaceni-prikljucakkontrola-na-kabelu-za-lako-upravljanje","status":"publish","type":"product","link":"https:\/\/techstore.ba\/shop\/product\/philipstae1105bk-slusalicein-ear-pozlaceni-prikljucakkontrola-na-kabelu-za-lako-upravljanje\/","title":{"rendered":"PhilipsTAE1105BK slu\u0161aliceIn-ear; pozla\u0107eni priklju\u010dak;kontrola na kabelu za lako upravljanje"},"content":{"rendered":"","protected":false},"excerpt":{"rendered":"<p>PhilipsTAE1105BK slu\u0161alice; In-ear; pozla\u0107eni priklju\u010dak; kontrola na kabelu za lako upravljanje; promjer zvucnika 8,6 mm; boja crna<\/p>\n","protected":false},"featured_media":29627,"template":"","meta":[],"product_cat":[471,383],"product_tag":[],"class_list":{"0":"post-29626","1":"product","2":"type-product","3":"status-publish","4":"has-post-thumbnail","6":"product_cat-ct-slusalice","7":"product_cat-ct-mobilphear","8":"pa_brend-slusalice-za-mobilne-telefone","10":"first","11":"outofstock","12":"shipping-taxable","13":"purchasable","14":"product-type-simple"},"_links":{"self":[{"href":"https:\/\/techstore.ba\/shop\/wp-json\/wp\/v2\/product\/29626","targetHints":{"allow":["GET"]}}],"collection":[{"href":"https:\/\/techstore.ba\/shop\/wp-json\/wp\/v2\/product"}],"about":[{"href":"https:\/\/techstore.ba\/shop\/wp-json\/wp\/v2\/types\/product"}],"wp:featuredmedia":[{"embeddable":true,"href":"https:\/\/techstore.ba\/shop\/wp-json\/wp\/v2\/media\/29627"}],"wp:attachment":[{"href":"https:\/\/techstore.ba\/shop\/wp-json\/wp\/v2\/media?parent=29626"}],"wp:term":[{"taxonomy":"product_cat","embeddable":true,"href":"https:\/\/techstore.ba\/shop\/wp-json\/wp\/v2\/product_cat?post=29626"},{"taxonomy":"product_tag","embeddable":true,"href":"https:\/\/techstore.ba\/shop\/wp-json\/wp\/v2\/product_tag?post=29626"}],"curies":[{"name":"wp","href":"https:\/\/api.w.org\/{rel}","templated":true}]}}