{"id":29620,"date":"2026-02-02T17:31:53","date_gmt":"2026-02-02T16:31:53","guid":{"rendered":"https:\/\/techstore.ba\/shop\/product\/philips-taa6709bk-00-sportskebt-slusalice-ip55-zastitado-28h-reprodukcije\/"},"modified":"2026-04-04T11:44:53","modified_gmt":"2026-04-04T09:44:53","slug":"philips-taa6709bk-00-sportskebt-slusalice-ip55-zastitado-28h-reprodukcije","status":"publish","type":"product","link":"https:\/\/techstore.ba\/shop\/product\/philips-taa6709bk-00-sportskebt-slusalice-ip55-zastitado-28h-reprodukcije\/","title":{"rendered":"Philips TAA6709BK\/00 sportskeBT slu\u0161alice, IP55 za\u0161tita,do 28h reprodukcije"},"content":{"rendered":"<h3>Specifikacije<\/h3>\n<table style=\"border-collapse: collapse; width: 100%;\">\n<tbody>\n<tr>\n<th style=\"text-align: left; padding: 6px 10px; border: 1px solid #eee;\">MIKROFON<\/th>\n<td style=\"padding: 6px 10px; border: 1px solid #eee;\">Da<\/td>\n<\/tr>\n<tr>\n<th style=\"text-align: left; padding: 6px 10px; border: 1px solid #eee;\">TYPE_AVSLUS<\/th>\n<td style=\"padding: 6px 10px; border: 1px solid #eee;\">Earphones<\/td>\n<\/tr>\n<tr>\n<th style=\"text-align: left; padding: 6px 10px; border: 1px solid #eee;\">KONEKCIJA<\/th>\n<td style=\"padding: 6px 10px; border: 1px solid #eee;\">Be\u017ei\u010dna<\/td>\n<\/tr>\n<\/tbody>\n<\/table>\n","protected":false},"excerpt":{"rendered":"<p>Philips TAA6709BK\/00 sportske Bluetooth slu\u0161alice otvorenog dizajna, IP55 za\u0161tita od pra\u0161ine\/vode, provodljivost zraka, do 28h reprodukcije, prilagodljive dodirne kontrole na slu\u0161alicama, BT veza u vi\u0161e ta\u010daka, jasniji pozivi u pokretu<\/p>\n","protected":false},"featured_media":29621,"template":"","meta":[],"product_cat":[559,471,383],"product_tag":[],"class_list":{"0":"post-29620","1":"product","2":"type-product","3":"status-publish","4":"has-post-thumbnail","6":"product_cat-brend-philips","7":"product_cat-ct-slusalice","8":"product_cat-ct-mobilphear","9":"pa_brend-slusalice-za-mobilne-telefone","11":"first","12":"instock","13":"shipping-taxable","14":"purchasable","15":"product-type-simple"},"_links":{"self":[{"href":"https:\/\/techstore.ba\/shop\/wp-json\/wp\/v2\/product\/29620","targetHints":{"allow":["GET"]}}],"collection":[{"href":"https:\/\/techstore.ba\/shop\/wp-json\/wp\/v2\/product"}],"about":[{"href":"https:\/\/techstore.ba\/shop\/wp-json\/wp\/v2\/types\/product"}],"wp:featuredmedia":[{"embeddable":true,"href":"https:\/\/techstore.ba\/shop\/wp-json\/wp\/v2\/media\/29621"}],"wp:attachment":[{"href":"https:\/\/techstore.ba\/shop\/wp-json\/wp\/v2\/media?parent=29620"}],"wp:term":[{"taxonomy":"product_cat","embeddable":true,"href":"https:\/\/techstore.ba\/shop\/wp-json\/wp\/v2\/product_cat?post=29620"},{"taxonomy":"product_tag","embeddable":true,"href":"https:\/\/techstore.ba\/shop\/wp-json\/wp\/v2\/product_tag?post=29620"}],"curies":[{"name":"wp","href":"https:\/\/api.w.org\/{rel}","templated":true}]}}