{"id":29612,"date":"2026-02-02T17:31:41","date_gmt":"2026-02-02T16:31:41","guid":{"rendered":"https:\/\/techstore.ba\/shop\/product\/philips-shp2500-10-slusalice\/"},"modified":"2026-04-04T11:44:53","modified_gmt":"2026-04-04T09:44:53","slug":"philips-shp2500-10-slusalice","status":"publish","type":"product","link":"https:\/\/techstore.ba\/shop\/product\/philips-shp2500-10-slusalice\/","title":{"rendered":"Philips SHP2500\/10 Slu\u0161alice"},"content":{"rendered":"","protected":false},"excerpt":{"rendered":"<p>Philips SHP2500 Slu\u0161alice za TV sa \u017eicom, Du\u017eina kabla 6 m, Odli\u010dan zvuk za slu\u0161anje televizijskih sadr\u017eaja, Frekvencijski odziv 9  23.000  Hz, boja crna<\/p>\n","protected":false},"featured_media":29613,"template":"","meta":[],"product_cat":[559,471,852],"product_tag":[],"class_list":{"0":"post-29612","1":"product","2":"type-product","3":"status-publish","4":"has-post-thumbnail","6":"product_cat-brend-philips","7":"product_cat-ct-slusalice","8":"product_cat-slusalice-za-pc","9":"pa_brend-philips","11":"first","12":"instock","13":"shipping-taxable","14":"purchasable","15":"product-type-simple"},"_links":{"self":[{"href":"https:\/\/techstore.ba\/shop\/wp-json\/wp\/v2\/product\/29612","targetHints":{"allow":["GET"]}}],"collection":[{"href":"https:\/\/techstore.ba\/shop\/wp-json\/wp\/v2\/product"}],"about":[{"href":"https:\/\/techstore.ba\/shop\/wp-json\/wp\/v2\/types\/product"}],"wp:featuredmedia":[{"embeddable":true,"href":"https:\/\/techstore.ba\/shop\/wp-json\/wp\/v2\/media\/29613"}],"wp:attachment":[{"href":"https:\/\/techstore.ba\/shop\/wp-json\/wp\/v2\/media?parent=29612"}],"wp:term":[{"taxonomy":"product_cat","embeddable":true,"href":"https:\/\/techstore.ba\/shop\/wp-json\/wp\/v2\/product_cat?post=29612"},{"taxonomy":"product_tag","embeddable":true,"href":"https:\/\/techstore.ba\/shop\/wp-json\/wp\/v2\/product_tag?post=29612"}],"curies":[{"name":"wp","href":"https:\/\/api.w.org\/{rel}","templated":true}]}}