{"id":29585,"date":"2026-02-02T17:31:03","date_gmt":"2026-02-02T16:31:03","guid":{"rendered":"https:\/\/techstore.ba\/shop\/product\/genius-slusalice-hs-04suzicane\/"},"modified":"2026-02-23T18:33:18","modified_gmt":"2026-02-23T17:33:18","slug":"genius-slusalice-hs-04suzicane","status":"publish","type":"product","link":"https:\/\/techstore.ba\/shop\/product\/genius-slusalice-hs-04suzicane\/","title":{"rendered":"Genius slu\u0161alice HS-04SU,\u017ei\u010dane"},"content":{"rendered":"","protected":false},"excerpt":{"rendered":"<p>Genius slu\u0161alice s mikrofonom HS-04SU; 3.5 mm, 20-20000 Hz, pode\u0161avanje ja\u010dine zvuka, srebrene<\/p>\n","protected":false},"featured_media":29586,"template":"","meta":[],"product_cat":[595,852],"product_tag":[],"class_list":{"0":"post-29585","1":"product","2":"type-product","3":"status-publish","4":"has-post-thumbnail","6":"product_cat-brend-genius","7":"product_cat-slusalice-za-pc","8":"pa_brend-genius","10":"first","11":"outofstock","12":"shipping-taxable","13":"purchasable","14":"product-type-simple"},"_links":{"self":[{"href":"https:\/\/techstore.ba\/shop\/wp-json\/wp\/v2\/product\/29585","targetHints":{"allow":["GET"]}}],"collection":[{"href":"https:\/\/techstore.ba\/shop\/wp-json\/wp\/v2\/product"}],"about":[{"href":"https:\/\/techstore.ba\/shop\/wp-json\/wp\/v2\/types\/product"}],"wp:featuredmedia":[{"embeddable":true,"href":"https:\/\/techstore.ba\/shop\/wp-json\/wp\/v2\/media\/29586"}],"wp:attachment":[{"href":"https:\/\/techstore.ba\/shop\/wp-json\/wp\/v2\/media?parent=29585"}],"wp:term":[{"taxonomy":"product_cat","embeddable":true,"href":"https:\/\/techstore.ba\/shop\/wp-json\/wp\/v2\/product_cat?post=29585"},{"taxonomy":"product_tag","embeddable":true,"href":"https:\/\/techstore.ba\/shop\/wp-json\/wp\/v2\/product_tag?post=29585"}],"curies":[{"name":"wp","href":"https:\/\/api.w.org\/{rel}","templated":true}]}}