{"id":29578,"date":"2026-02-02T17:30:58","date_gmt":"2026-02-02T16:30:58","guid":{"rendered":"https:\/\/techstore.ba\/shop\/product\/genius-slusalice-s-mikrofonomhs-230u\/"},"modified":"2026-02-23T18:33:29","modified_gmt":"2026-02-23T17:33:29","slug":"genius-slusalice-s-mikrofonomhs-230u","status":"publish","type":"product","link":"https:\/\/techstore.ba\/shop\/product\/genius-slusalice-s-mikrofonomhs-230u\/","title":{"rendered":"Genius slu\u0161alice s mikrofonomHS-230U"},"content":{"rendered":"","protected":false},"excerpt":{"rendered":"<p>Genius slu\u0161alice s mikrofonom HS-230U, \u017ei\u010dane, USB, du\u017eina kabla 1,8 m<\/p>\n","protected":false},"featured_media":29579,"template":"","meta":[],"product_cat":[595,852],"product_tag":[],"class_list":{"0":"post-29578","1":"product","2":"type-product","3":"status-publish","4":"has-post-thumbnail","6":"product_cat-brend-genius","7":"product_cat-slusalice-za-pc","8":"pa_brend-genius","10":"first","11":"instock","12":"shipping-taxable","13":"purchasable","14":"product-type-simple"},"_links":{"self":[{"href":"https:\/\/techstore.ba\/shop\/wp-json\/wp\/v2\/product\/29578","targetHints":{"allow":["GET"]}}],"collection":[{"href":"https:\/\/techstore.ba\/shop\/wp-json\/wp\/v2\/product"}],"about":[{"href":"https:\/\/techstore.ba\/shop\/wp-json\/wp\/v2\/types\/product"}],"wp:featuredmedia":[{"embeddable":true,"href":"https:\/\/techstore.ba\/shop\/wp-json\/wp\/v2\/media\/29579"}],"wp:attachment":[{"href":"https:\/\/techstore.ba\/shop\/wp-json\/wp\/v2\/media?parent=29578"}],"wp:term":[{"taxonomy":"product_cat","embeddable":true,"href":"https:\/\/techstore.ba\/shop\/wp-json\/wp\/v2\/product_cat?post=29578"},{"taxonomy":"product_tag","embeddable":true,"href":"https:\/\/techstore.ba\/shop\/wp-json\/wp\/v2\/product_tag?post=29578"}],"curies":[{"name":"wp","href":"https:\/\/api.w.org\/{rel}","templated":true}]}}