{"id":29445,"date":"2026-02-02T17:25:03","date_gmt":"2026-02-02T16:25:03","guid":{"rendered":"https:\/\/techstore.ba\/shop\/product\/bosch-sjeckalica-400w-bijela-0-8l-inox-noz-ploca-za-tucenje-vrhnjasl\/"},"modified":"2026-04-04T11:39:35","modified_gmt":"2026-04-04T09:39:35","slug":"bosch-sjeckalica-400w-bijela-0-8l-inox-noz-ploca-za-tucenje-vrhnjasl","status":"publish","type":"product","link":"https:\/\/techstore.ba\/shop\/product\/bosch-sjeckalica-400w-bijela-0-8l-inox-noz-ploca-za-tucenje-vrhnjasl\/","title":{"rendered":"BOSCH sjeckalica 400W, BIJELA, 0.8L, INOX no\u017e, plo\u010da za tu\u010denje vrhnja,SL"},"content":{"rendered":"","protected":false},"excerpt":{"rendered":"<p>BOSCH sjeckalica MMR08A1; Boja: BIJELA;  400W; Kapacitet posude: 800ml; Uklju\u010deni pribor:  Univerzalni no\u017e od nehr\u0111aju\u0107eg \u010delika; Plo\u010da za stepanje, SL<\/p>\n","protected":false},"featured_media":29446,"template":"","meta":[],"product_cat":[843,821,15],"product_tag":[],"class_list":{"0":"post-29445","1":"product","2":"type-product","3":"status-publish","4":"has-post-thumbnail","6":"product_cat-brend-bosch","7":"product_cat-ct-seckalice","8":"product_cat-uncategorized","9":"pa_brend-bosch","11":"first","12":"instock","13":"shipping-taxable","14":"purchasable","15":"product-type-simple"},"_links":{"self":[{"href":"https:\/\/techstore.ba\/shop\/wp-json\/wp\/v2\/product\/29445","targetHints":{"allow":["GET"]}}],"collection":[{"href":"https:\/\/techstore.ba\/shop\/wp-json\/wp\/v2\/product"}],"about":[{"href":"https:\/\/techstore.ba\/shop\/wp-json\/wp\/v2\/types\/product"}],"wp:featuredmedia":[{"embeddable":true,"href":"https:\/\/techstore.ba\/shop\/wp-json\/wp\/v2\/media\/29446"}],"wp:attachment":[{"href":"https:\/\/techstore.ba\/shop\/wp-json\/wp\/v2\/media?parent=29445"}],"wp:term":[{"taxonomy":"product_cat","embeddable":true,"href":"https:\/\/techstore.ba\/shop\/wp-json\/wp\/v2\/product_cat?post=29445"},{"taxonomy":"product_tag","embeddable":true,"href":"https:\/\/techstore.ba\/shop\/wp-json\/wp\/v2\/product_tag?post=29445"}],"curies":[{"name":"wp","href":"https:\/\/api.w.org\/{rel}","templated":true}]}}