{"id":29396,"date":"2026-02-02T17:23:23","date_gmt":"2026-02-02T16:23:23","guid":{"rendered":"https:\/\/techstore.ba\/shop\/product\/tesla-indukcijski-reso-ic300b\/"},"modified":"2026-04-04T11:38:43","modified_gmt":"2026-04-04T09:38:43","slug":"tesla-indukcijski-reso-ic300b","status":"publish","type":"product","link":"https:\/\/techstore.ba\/shop\/product\/tesla-indukcijski-reso-ic300b\/","title":{"rendered":"TESLA Indukcijski Re\u0161o IC300B"},"content":{"rendered":"","protected":false},"excerpt":{"rendered":"<p>TESLA Indukcijski re\u0161o IC300B; 1500 W; Touch dugmi\u0107i; LED display; Black Crystal Glass; 8 nivoa snage i temperature; 9 prog.za kuhanje; veli\u010dina grijne zone 200 mm;Za\u0161tita od pregrijavanja, 1 min auto-off<\/p>\n","protected":false},"featured_media":29397,"template":"","meta":[],"product_cat":[699,845],"product_tag":[],"class_list":{"0":"post-29396","1":"product","2":"type-product","3":"status-publish","4":"has-post-thumbnail","6":"product_cat-ct-reso","7":"product_cat-brend-tesla","8":"pa_brend-reso","10":"first","11":"instock","12":"shipping-taxable","13":"purchasable","14":"product-type-simple"},"_links":{"self":[{"href":"https:\/\/techstore.ba\/shop\/wp-json\/wp\/v2\/product\/29396","targetHints":{"allow":["GET"]}}],"collection":[{"href":"https:\/\/techstore.ba\/shop\/wp-json\/wp\/v2\/product"}],"about":[{"href":"https:\/\/techstore.ba\/shop\/wp-json\/wp\/v2\/types\/product"}],"wp:featuredmedia":[{"embeddable":true,"href":"https:\/\/techstore.ba\/shop\/wp-json\/wp\/v2\/media\/29397"}],"wp:attachment":[{"href":"https:\/\/techstore.ba\/shop\/wp-json\/wp\/v2\/media?parent=29396"}],"wp:term":[{"taxonomy":"product_cat","embeddable":true,"href":"https:\/\/techstore.ba\/shop\/wp-json\/wp\/v2\/product_cat?post=29396"},{"taxonomy":"product_tag","embeddable":true,"href":"https:\/\/techstore.ba\/shop\/wp-json\/wp\/v2\/product_tag?post=29396"}],"curies":[{"name":"wp","href":"https:\/\/api.w.org\/{rel}","templated":true}]}}