{"id":29390,"date":"2026-02-02T17:23:16","date_gmt":"2026-02-02T16:23:16","guid":{"rendered":"https:\/\/techstore.ba\/shop\/product\/tesla-indukcijski-reso-ic200bsnaga-1500-w-push-dugmici-8-nivoa-snage-i-temperature-6-prog-kuh\/"},"modified":"2026-02-16T08:33:31","modified_gmt":"2026-02-16T07:33:31","slug":"tesla-indukcijski-reso-ic200bsnaga-1500-w-push-dugmici-8-nivoa-snage-i-temperature-6-prog-kuh","status":"publish","type":"product","link":"https:\/\/techstore.ba\/shop\/product\/tesla-indukcijski-reso-ic200bsnaga-1500-w-push-dugmici-8-nivoa-snage-i-temperature-6-prog-kuh\/","title":{"rendered":"TESLA Indukcijski re\u0161o IC200BSnaga 1500 W; Push dugmi\u0107i; 8 nivoa snage i temperature; 6 prog kuh"},"content":{"rendered":"","protected":false},"excerpt":{"rendered":"<p>TESLA Indukcijski re\u0161o IC200B; Snaga 1500 W; Push dugmi\u0107i; Digit display; Kerami\u010dka plo\u010da; 8 nivoa snage i temperature; 6 prog.za kuhanje; veli\u010dina grijne zone 180 mm; timer 4 sata i 24 sata postavke funkcija; Za\u0161tita od pregrijavanja, 1 min auto-off<\/p>\n","protected":false},"featured_media":29391,"template":"","meta":[],"product_cat":[699,845],"product_tag":[],"class_list":{"0":"post-29390","1":"product","2":"type-product","3":"status-publish","4":"has-post-thumbnail","6":"product_cat-ct-reso","7":"product_cat-brend-tesla","8":"pa_brend-reso","10":"first","11":"outofstock","12":"shipping-taxable","13":"purchasable","14":"product-type-simple"},"_links":{"self":[{"href":"https:\/\/techstore.ba\/shop\/wp-json\/wp\/v2\/product\/29390","targetHints":{"allow":["GET"]}}],"collection":[{"href":"https:\/\/techstore.ba\/shop\/wp-json\/wp\/v2\/product"}],"about":[{"href":"https:\/\/techstore.ba\/shop\/wp-json\/wp\/v2\/types\/product"}],"wp:featuredmedia":[{"embeddable":true,"href":"https:\/\/techstore.ba\/shop\/wp-json\/wp\/v2\/media\/29391"}],"wp:attachment":[{"href":"https:\/\/techstore.ba\/shop\/wp-json\/wp\/v2\/media?parent=29390"}],"wp:term":[{"taxonomy":"product_cat","embeddable":true,"href":"https:\/\/techstore.ba\/shop\/wp-json\/wp\/v2\/product_cat?post=29390"},{"taxonomy":"product_tag","embeddable":true,"href":"https:\/\/techstore.ba\/shop\/wp-json\/wp\/v2\/product_tag?post=29390"}],"curies":[{"name":"wp","href":"https:\/\/api.w.org\/{rel}","templated":true}]}}