{"id":29386,"date":"2026-02-02T17:23:10","date_gmt":"2026-02-02T16:23:10","guid":{"rendered":"https:\/\/techstore.ba\/shop\/product\/tefal-apar-za-kuhanje-na-paru-mini-compact-bpa-free\/"},"modified":"2026-04-04T11:38:43","modified_gmt":"2026-04-04T09:38:43","slug":"tefal-apar-za-kuhanje-na-paru-mini-compact-bpa-free","status":"publish","type":"product","link":"https:\/\/techstore.ba\/shop\/product\/tefal-apar-za-kuhanje-na-paru-mini-compact-bpa-free\/","title":{"rendered":"Tefal apar.za kuhanje na paru Mini Compact BPA free"},"content":{"rendered":"","protected":false},"excerpt":{"rendered":"<p>Tefal Mini Compact BPA free, aparat za kuhanje na paru VC139810.Za pripremu zdrave i kuhane hrane, u vi\u0161e slojeva sa dvije posude.Tajmer do 60 minutal.Pametni sistem doljevanja vode i mogu\u0107nost pra\u0107enja nivoa tokom kuhanja.<\/p>\n","protected":false},"featured_media":29387,"template":"","meta":[],"product_cat":[699,844],"product_tag":[],"class_list":{"0":"post-29386","1":"product","2":"type-product","3":"status-publish","4":"has-post-thumbnail","6":"product_cat-ct-reso","7":"product_cat-brend-tefal","8":"pa_brend-reso","10":"first","11":"instock","12":"shipping-taxable","13":"purchasable","14":"product-type-simple"},"_links":{"self":[{"href":"https:\/\/techstore.ba\/shop\/wp-json\/wp\/v2\/product\/29386","targetHints":{"allow":["GET"]}}],"collection":[{"href":"https:\/\/techstore.ba\/shop\/wp-json\/wp\/v2\/product"}],"about":[{"href":"https:\/\/techstore.ba\/shop\/wp-json\/wp\/v2\/types\/product"}],"wp:featuredmedia":[{"embeddable":true,"href":"https:\/\/techstore.ba\/shop\/wp-json\/wp\/v2\/media\/29387"}],"wp:attachment":[{"href":"https:\/\/techstore.ba\/shop\/wp-json\/wp\/v2\/media?parent=29386"}],"wp:term":[{"taxonomy":"product_cat","embeddable":true,"href":"https:\/\/techstore.ba\/shop\/wp-json\/wp\/v2\/product_cat?post=29386"},{"taxonomy":"product_tag","embeddable":true,"href":"https:\/\/techstore.ba\/shop\/wp-json\/wp\/v2\/product_tag?post=29386"}],"curies":[{"name":"wp","href":"https:\/\/api.w.org\/{rel}","templated":true}]}}