{"id":17697,"date":"2026-02-01T18:06:47","date_gmt":"2026-02-01T17:06:47","guid":{"rendered":"https:\/\/techstore.ba\/shop\/product\/gopro-boom-adhesive-mountsza-sve-gopro-kamerice\/"},"modified":"2026-04-04T11:32:35","modified_gmt":"2026-04-04T09:32:35","slug":"gopro-boom-adhesive-mountsza-sve-gopro-kamerice","status":"publish","type":"product","link":"https:\/\/techstore.ba\/shop\/product\/gopro-boom-adhesive-mountsza-sve-gopro-kamerice\/","title":{"rendered":"GoPro Boom+ Adhesive Mounts,za sve GoPro kamerice"},"content":{"rendered":"","protected":false},"excerpt":{"rendered":"<p>GoPro Boom+ Adhesive Mounts, za sve GoPro kamerice. Komplet uklju\u010duje dva jaka i lagana nosa\u010da od karbonskih vlakana koji se mogu koristiti zajedno ili odvojeno. Raspon du\u017eine zatvara\u010da od 25,4 do 53,3 cm. Set uklju\u010duje i ljepljive pri\u010dvr\u0161\u0107iva\u010de.<\/p>\n","protected":false},"featured_media":29161,"template":"","meta":[],"product_cat":[568,428],"product_tag":[],"class_list":{"0":"post-17697","1":"product","2":"type-product","3":"status-publish","4":"has-post-thumbnail","6":"product_cat-brend-gopro","7":"product_cat-ct-photovidac","8":"pa_brend-photo-video-opcije","10":"first","11":"instock","12":"shipping-taxable","13":"purchasable","14":"product-type-simple"},"_links":{"self":[{"href":"https:\/\/techstore.ba\/shop\/wp-json\/wp\/v2\/product\/17697","targetHints":{"allow":["GET"]}}],"collection":[{"href":"https:\/\/techstore.ba\/shop\/wp-json\/wp\/v2\/product"}],"about":[{"href":"https:\/\/techstore.ba\/shop\/wp-json\/wp\/v2\/types\/product"}],"wp:featuredmedia":[{"embeddable":true,"href":"https:\/\/techstore.ba\/shop\/wp-json\/wp\/v2\/media\/29161"}],"wp:attachment":[{"href":"https:\/\/techstore.ba\/shop\/wp-json\/wp\/v2\/media?parent=17697"}],"wp:term":[{"taxonomy":"product_cat","embeddable":true,"href":"https:\/\/techstore.ba\/shop\/wp-json\/wp\/v2\/product_cat?post=17697"},{"taxonomy":"product_tag","embeddable":true,"href":"https:\/\/techstore.ba\/shop\/wp-json\/wp\/v2\/product_tag?post=17697"}],"curies":[{"name":"wp","href":"https:\/\/api.w.org\/{rel}","templated":true}]}}