{"id":17667,"date":"2026-02-01T17:51:13","date_gmt":"2026-02-01T16:51:13","guid":{"rendered":"https:\/\/techstore.ba\/shop\/product\/tesla-pegla-2400w-ir302bl2400w-380-ml-19-m-135-g-mi-protiv-kamenca-protiv-kapanja\/"},"modified":"2026-04-04T11:31:50","modified_gmt":"2026-04-04T09:31:50","slug":"tesla-pegla-2400w-ir302bl2400w-380-ml-19-m-135-g-mi-protiv-kamenca-protiv-kapanja","status":"publish","type":"product","link":"https:\/\/techstore.ba\/shop\/product\/tesla-pegla-2400w-ir302bl2400w-380-ml-19-m-135-g-mi-protiv-kamenca-protiv-kapanja\/","title":{"rendered":"TESLA Pegla 2400W IR302BL2400W; 380 ml; 1,9 m; 135 g\/mi; Protiv kamenca, protiv kapanja"},"content":{"rendered":"<h3>Specifikacije<\/h3>\n<table style=\"border-collapse:collapse;width:100%;\">\n<tr>\n<th style=\"text-align:left;padding:6px 10px;border:1px solid #eee;\">SHUTOFF_IRONS<\/th>\n<td style=\"padding:6px 10px;border:1px solid #eee;\">Ne<\/td>\n<\/tr>\n<tr>\n<th style=\"text-align:left;padding:6px 10px;border:1px solid #eee;\">SLFCLN_IRONS<\/th>\n<td style=\"padding:6px 10px;border:1px solid #eee;\">Da<\/td>\n<\/tr>\n<tr>\n<th style=\"text-align:left;padding:6px 10px;border:1px solid #eee;\">CABLE_IRONS<\/th>\n<td style=\"padding:6px 10px;border:1px solid #eee;\">1,9m<\/td>\n<\/tr>\n<tr>\n<th style=\"text-align:left;padding:6px 10px;border:1px solid #eee;\">DROPSTOP_IRONS<\/th>\n<td style=\"padding:6px 10px;border:1px solid #eee;\">Da<\/td>\n<\/tr>\n<tr>\n<th style=\"text-align:left;padding:6px 10px;border:1px solid #eee;\">POWER_IRONS<\/th>\n<td style=\"padding:6px 10px;border:1px solid #eee;\">2400 W<\/td>\n<\/tr>\n<tr>\n<th style=\"text-align:left;padding:6px 10px;border:1px solid #eee;\">SOLPL_IRONS<\/th>\n<td style=\"padding:6px 10px;border:1px solid #eee;\">Keramika<\/td>\n<\/tr>\n<tr>\n<th style=\"text-align:left;padding:6px 10px;border:1px solid #eee;\">WATER_TANK_IRONS<\/th>\n<td style=\"padding:6px 10px;border:1px solid #eee;\">380 ml<\/td>\n<\/tr>\n<\/table>\n","protected":false},"excerpt":{"rendered":"<p>TESLA Pegla IR302BL; 2400W; Kerami\u010dka potplata; 380 ml; Udar pare: 135g\/min;Funkcija: suha\/ raspr\u0161ivanje\/ para\/ varijabilna kontrola pare\/ okomita para\/sna\u017ean prasak pare\/ samo\u010di\u0161\u0107enje; Indikatorsko svjetlo; Kabl 1,9 m; Protiv kamenca, protiv kapanja<\/p>\n","protected":false},"featured_media":29472,"template":"","meta":[],"product_cat":[815,845,15],"product_tag":[],"class_list":{"0":"post-17667","1":"product","2":"type-product","3":"status-publish","4":"has-post-thumbnail","6":"product_cat-ct-pegle","7":"product_cat-brend-tesla","8":"product_cat-uncategorized","9":"pa_brend-pegle","11":"first","12":"outofstock","13":"shipping-taxable","14":"purchasable","15":"product-type-simple"},"_links":{"self":[{"href":"https:\/\/techstore.ba\/shop\/wp-json\/wp\/v2\/product\/17667","targetHints":{"allow":["GET"]}}],"collection":[{"href":"https:\/\/techstore.ba\/shop\/wp-json\/wp\/v2\/product"}],"about":[{"href":"https:\/\/techstore.ba\/shop\/wp-json\/wp\/v2\/types\/product"}],"wp:featuredmedia":[{"embeddable":true,"href":"https:\/\/techstore.ba\/shop\/wp-json\/wp\/v2\/media\/29472"}],"wp:attachment":[{"href":"https:\/\/techstore.ba\/shop\/wp-json\/wp\/v2\/media?parent=17667"}],"wp:term":[{"taxonomy":"product_cat","embeddable":true,"href":"https:\/\/techstore.ba\/shop\/wp-json\/wp\/v2\/product_cat?post=17667"},{"taxonomy":"product_tag","embeddable":true,"href":"https:\/\/techstore.ba\/shop\/wp-json\/wp\/v2\/product_tag?post=17667"}],"curies":[{"name":"wp","href":"https:\/\/api.w.org\/{rel}","templated":true}]}}