{"id":17642,"date":"2026-02-01T17:51:12","date_gmt":"2026-02-01T16:51:12","guid":{"rendered":"https:\/\/techstore.ba\/shop\/product\/tefal-vert-pegla-pure-pop-yellow\/"},"modified":"2026-03-19T14:57:56","modified_gmt":"2026-03-19T13:57:56","slug":"tefal-vert-pegla-pure-pop-yellow","status":"publish","type":"product","link":"https:\/\/techstore.ba\/shop\/product\/tefal-vert-pegla-pure-pop-yellow\/","title":{"rendered":"Tefal vert. pegla Pure Pop Yellow"},"content":{"rendered":"","protected":false},"excerpt":{"rendered":"<p>Tefal  Pure Pop vertikalna pegla DT2026E1, 1.300W, spremnik vode 0,07 L, do 20 g\/min udar pare.Nastavak za otklanjanje dla\u010dica i vlakana sa odje\u0107e.Brzo zagrijavanje 15 sec.\u017duta boja<\/p>\n","protected":false},"featured_media":28934,"template":"","meta":[],"product_cat":[815,844,15],"product_tag":[],"class_list":{"0":"post-17642","1":"product","2":"type-product","3":"status-publish","4":"has-post-thumbnail","6":"product_cat-ct-pegle","7":"product_cat-brend-tefal","8":"product_cat-uncategorized","9":"pa_brend-pegle","11":"first","12":"instock","13":"shipping-taxable","14":"purchasable","15":"product-type-simple"},"_links":{"self":[{"href":"https:\/\/techstore.ba\/shop\/wp-json\/wp\/v2\/product\/17642","targetHints":{"allow":["GET"]}}],"collection":[{"href":"https:\/\/techstore.ba\/shop\/wp-json\/wp\/v2\/product"}],"about":[{"href":"https:\/\/techstore.ba\/shop\/wp-json\/wp\/v2\/types\/product"}],"wp:featuredmedia":[{"embeddable":true,"href":"https:\/\/techstore.ba\/shop\/wp-json\/wp\/v2\/media\/28934"}],"wp:attachment":[{"href":"https:\/\/techstore.ba\/shop\/wp-json\/wp\/v2\/media?parent=17642"}],"wp:term":[{"taxonomy":"product_cat","embeddable":true,"href":"https:\/\/techstore.ba\/shop\/wp-json\/wp\/v2\/product_cat?post=17642"},{"taxonomy":"product_tag","embeddable":true,"href":"https:\/\/techstore.ba\/shop\/wp-json\/wp\/v2\/product_tag?post=17642"}],"curies":[{"name":"wp","href":"https:\/\/api.w.org\/{rel}","templated":true}]}}