{"id":17545,"date":"2026-02-01T17:07:33","date_gmt":"2026-02-01T16:07:33","guid":{"rendered":"https:\/\/techstore.ba\/shop\/product\/xiaomi-pametna-grijalica-2000w-keramicki-grijac\/"},"modified":"2026-04-04T11:30:31","modified_gmt":"2026-04-04T09:30:31","slug":"xiaomi-pametna-grijalica-2000w-keramicki-grijac","status":"publish","type":"product","link":"https:\/\/techstore.ba\/shop\/product\/xiaomi-pametna-grijalica-2000w-keramicki-grijac\/","title":{"rendered":"Xiaomi pametna grijalica 2000W, kerami\u010dki grija\u010d"},"content":{"rendered":"","protected":false},"excerpt":{"rendered":"<p>Xiaomi pametna grijalica, 2000W, kerami\u010dki grija\u010d<\/p>\n","protected":false},"featured_media":52175,"template":"","meta":[],"product_cat":[812,554],"product_tag":[],"class_list":{"0":"post-17545","1":"product","2":"type-product","3":"status-publish","4":"has-post-thumbnail","6":"product_cat-ct-panelradij","7":"product_cat-brend-xiaomi","8":"pa_brend-panelni-radijatori","10":"first","11":"instock","12":"shipping-taxable","13":"purchasable","14":"product-type-simple"},"_links":{"self":[{"href":"https:\/\/techstore.ba\/shop\/wp-json\/wp\/v2\/product\/17545","targetHints":{"allow":["GET"]}}],"collection":[{"href":"https:\/\/techstore.ba\/shop\/wp-json\/wp\/v2\/product"}],"about":[{"href":"https:\/\/techstore.ba\/shop\/wp-json\/wp\/v2\/types\/product"}],"wp:featuredmedia":[{"embeddable":true,"href":"https:\/\/techstore.ba\/shop\/wp-json\/wp\/v2\/media\/52175"}],"wp:attachment":[{"href":"https:\/\/techstore.ba\/shop\/wp-json\/wp\/v2\/media?parent=17545"}],"wp:term":[{"taxonomy":"product_cat","embeddable":true,"href":"https:\/\/techstore.ba\/shop\/wp-json\/wp\/v2\/product_cat?post=17545"},{"taxonomy":"product_tag","embeddable":true,"href":"https:\/\/techstore.ba\/shop\/wp-json\/wp\/v2\/product_tag?post=17545"}],"curies":[{"name":"wp","href":"https:\/\/api.w.org\/{rel}","templated":true}]}}