{"id":17544,"date":"2026-02-01T17:07:32","date_gmt":"2026-02-01T16:07:32","guid":{"rendered":"https:\/\/techstore.ba\/shop\/product\/tesla-grijalica-th301wrsnaga-2000welektronska-regulacija\/"},"modified":"2026-02-19T19:53:54","modified_gmt":"2026-02-19T18:53:54","slug":"tesla-grijalica-th301wrsnaga-2000welektronska-regulacija","status":"publish","type":"product","link":"https:\/\/techstore.ba\/shop\/product\/tesla-grijalica-th301wrsnaga-2000welektronska-regulacija\/","title":{"rendered":"Tesla Grijalica TH301WRSnaga 2000WElektronska regulacija"},"content":{"rendered":"","protected":false},"excerpt":{"rendered":"<p>Tesla Grijalica TH301WR, naga 2000W, mogu\u0107nost pode\u0161avanja ja\u010dine na 2 nivoa 1000W\/2000W\/, elektronska regulacija, podesivi termostat, daljinski upravlja\u010d, Mogu\u0107nost pode\u0161avanj temperaturnog radnog opsega od 5C do 30C,<\/p>\n","protected":false},"featured_media":28839,"template":"","meta":[],"product_cat":[812,845,15],"product_tag":[],"class_list":{"0":"post-17544","1":"product","2":"type-product","3":"status-publish","4":"has-post-thumbnail","6":"product_cat-ct-panelradij","7":"product_cat-brend-tesla","8":"product_cat-uncategorized","9":"pa_brend-panelni-radijatori","11":"first","12":"instock","13":"shipping-taxable","14":"purchasable","15":"product-type-simple"},"_links":{"self":[{"href":"https:\/\/techstore.ba\/shop\/wp-json\/wp\/v2\/product\/17544","targetHints":{"allow":["GET"]}}],"collection":[{"href":"https:\/\/techstore.ba\/shop\/wp-json\/wp\/v2\/product"}],"about":[{"href":"https:\/\/techstore.ba\/shop\/wp-json\/wp\/v2\/types\/product"}],"wp:featuredmedia":[{"embeddable":true,"href":"https:\/\/techstore.ba\/shop\/wp-json\/wp\/v2\/media\/28839"}],"wp:attachment":[{"href":"https:\/\/techstore.ba\/shop\/wp-json\/wp\/v2\/media?parent=17544"}],"wp:term":[{"taxonomy":"product_cat","embeddable":true,"href":"https:\/\/techstore.ba\/shop\/wp-json\/wp\/v2\/product_cat?post=17544"},{"taxonomy":"product_tag","embeddable":true,"href":"https:\/\/techstore.ba\/shop\/wp-json\/wp\/v2\/product_tag?post=17544"}],"curies":[{"name":"wp","href":"https:\/\/api.w.org\/{rel}","templated":true}]}}