{"id":17541,"date":"2026-02-01T17:07:24","date_gmt":"2026-02-01T16:07:24","guid":{"rendered":"https:\/\/techstore.ba\/shop\/product\/xiaomi-preciscivac-za-vodu-perivi-filter-3-nacina-rada-montiranje-na-slavinu\/"},"modified":"2026-04-04T11:30:18","modified_gmt":"2026-04-04T09:30:18","slug":"xiaomi-preciscivac-za-vodu-perivi-filter-3-nacina-rada-montiranje-na-slavinu","status":"publish","type":"product","link":"https:\/\/techstore.ba\/shop\/product\/xiaomi-preciscivac-za-vodu-perivi-filter-3-nacina-rada-montiranje-na-slavinu\/","title":{"rendered":"Xiaomi pre\u010di\u0161\u0107iva\u010d za vodu perivi filter, 3 na\u010dina rada, montiranje na slavinu"},"content":{"rendered":"","protected":false},"excerpt":{"rendered":"<p>Xiaomi pre\u010di\u0161\u0107iva\u010d za vodu, perivi filter, 3 na\u010dina rada, montiranje na slavinu<\/p>\n","protected":false},"featured_media":0,"template":"","meta":[],"product_cat":[811,554],"product_tag":[],"class_list":{"0":"post-17541","1":"product","2":"type-product","3":"status-publish","5":"product_cat-ct-ostalo","6":"product_cat-brend-xiaomi","7":"pa_brend-ostalo","9":"first","10":"outofstock","11":"shipping-taxable","12":"purchasable","13":"product-type-simple"},"_links":{"self":[{"href":"https:\/\/techstore.ba\/shop\/wp-json\/wp\/v2\/product\/17541","targetHints":{"allow":["GET"]}}],"collection":[{"href":"https:\/\/techstore.ba\/shop\/wp-json\/wp\/v2\/product"}],"about":[{"href":"https:\/\/techstore.ba\/shop\/wp-json\/wp\/v2\/types\/product"}],"wp:attachment":[{"href":"https:\/\/techstore.ba\/shop\/wp-json\/wp\/v2\/media?parent=17541"}],"wp:term":[{"taxonomy":"product_cat","embeddable":true,"href":"https:\/\/techstore.ba\/shop\/wp-json\/wp\/v2\/product_cat?post=17541"},{"taxonomy":"product_tag","embeddable":true,"href":"https:\/\/techstore.ba\/shop\/wp-json\/wp\/v2\/product_tag?post=17541"}],"curies":[{"name":"wp","href":"https:\/\/api.w.org\/{rel}","templated":true}]}}