{"id":17391,"date":"2026-02-01T17:05:38","date_gmt":"2026-02-01T16:05:38","guid":{"rendered":"https:\/\/techstore.ba\/shop\/product\/gxt228-dual-charge-dock-ps5\/"},"modified":"2026-04-04T11:28:22","modified_gmt":"2026-04-04T09:28:22","slug":"gxt228-dual-charge-dock-ps5","status":"publish","type":"product","link":"https:\/\/techstore.ba\/shop\/product\/gxt228-dual-charge-dock-ps5\/","title":{"rendered":"GXT228 DUAL CHARGE DOCK PS5"},"content":{"rendered":"<div class=\"Y3BBE\" data-sfc-cp=\"\" data-hveid=\"CAEIBhAA\" data-complete=\"true\" data-processed=\"true\">Trust GXT 228 Dual Charge Dock je prakti\u010dan dodatak za svakog vlasnika PlayStation 5 konzole koji \u017eeli efikasan na\u010din da odr\u017eava svoje DualSense kontrolere napunjenima i organizovanima. Ova stanica za punjenje nudi rje\u0161enje &#8220;uklju\u010di i zaboravi&#8221;, elimini\u0161u\u0107i potrebu za stalnim priklju\u010divanjem i isklju\u010divanjem kablova direktno u kontrolere.<button class=\"rBl3me\" tabindex=\"0\" data-amic=\"true\" data-icl-uuid=\"90589bb2-6476-421a-a60c-52a98c0b36ee\" aria-label=\"View related links\" data-wiz-attrbind=\"disabled=PTVnIb_1c\/C5gNJc;aria-label=PTVnIb_1c\/bOjMyf;class=PTVnIb_1c\/UpSNec\" data-ved=\"2ahUKEwit5OP-7uKSAxWl2AIHHeJ7NAYQye0OegYIAQgGEAE\"><\/button><\/div>\n<div class=\"Y3BBE\" data-sfc-cp=\"\" data-hveid=\"CAEIBxAA\" data-complete=\"true\" data-processed=\"true\">Jedna od glavnih prednosti je njen vertikalni, uspravni dizajn. Ne samo da \u0161tedi prostor na polici ili stolu za igranje, ve\u0107 je i vizuelno uskla\u0111en sa modernim, bijelim izgledom PS5 konzole, \u010dine\u0107i da izgleda kao slu\u017ebeni dio opreme. Stanica je jednostavna za kori\u0161tenje; kontroleri se jednostavno postave na dock i automatski po\u010dinju da se pune, mada neki korisnici napominju da ih je ponekad potrebno malo namjestiti da bi savr\u0161eno sjeli na konektore.<button class=\"rBl3me\" tabindex=\"0\" data-amic=\"true\" data-icl-uuid=\"41abedbd-b6e1-4bc6-9d51-75f6cfb12567\" aria-label=\"View related links\" data-wiz-attrbind=\"disabled=PTVnIb_1g\/C5gNJc;aria-label=PTVnIb_1g\/bOjMyf;class=PTVnIb_1g\/UpSNec\" data-ved=\"2ahUKEwit5OP-7uKSAxWl2AIHHeJ7NAYQye0OegYIAQgHEAE\"><\/button><\/div>\n<div class=\"Y3BBE\" data-sfc-cp=\"\" data-hveid=\"CAEICBAA\" data-processed=\"true\" data-complete=\"true\">Uklju\u010deni LED indikatori su korisna funkcija koja pru\u017ea trenutnu vizuelnu potvrdu statusa punjenja. Kada su kontroleri u procesu punjenja, svjetla svijetle narand\u017easto, a kada su potpuno napunjeni ili u stanju pripravnosti, mijenjaju boju u plavu ili zelenu, jasno signaliziraju\u0107i kada su spremni za igru.<button class=\"rBl3me\" tabindex=\"0\" data-amic=\"true\" data-icl-uuid=\"a447e7d2-7dcf-40d3-beea-8ee48b49ec61\" aria-label=\"View related links\" data-wiz-attrbind=\"disabled=PTVnIb_1k\/C5gNJc;aria-label=PTVnIb_1k\/bOjMyf;class=PTVnIb_1k\/UpSNec\" data-ved=\"2ahUKEwit5OP-7uKSAxWl2AIHHeJ7NAYQye0OegYIAQgIEAE\"><\/button><\/div>\n<div class=\"Y3BBE\" data-sfc-cp=\"\" data-hveid=\"CAEICRAA\" data-complete=\"true\" data-processed=\"true\">Napajanje se obezbje\u0111uje putem USB-C kabla koji se priklju\u010duje direktno u PS5 konzolu. To zna\u010di da je za punjenje neophodno da konzola bude uklju\u010dena ili postavljena na &#8220;Rest Mode&#8221; (stanje mirovanja) sa omogu\u0107enim napajanjem USB portova. Ovaj dock je robustan i pouzdan dodatak koji poma\u017ee u odr\u017eavanju urednosti prostora za igranje i osigurava da su va\u0161i kontroleri uvijek spremni za akciju.<button class=\"rBl3me\" tabindex=\"0\" data-amic=\"true\" data-icl-uuid=\"9a182a4d-a59b-4a43-9dcd-045c2e371479\" aria-label=\"View related links\" data-wiz-attrbind=\"disabled=PTVnIb_1o\/C5gNJc;aria-label=PTVnIb_1o\/bOjMyf;class=PTVnIb_1o\/UpSNec\" data-ved=\"2ahUKEwit5OP-7uKSAxWl2AIHHeJ7NAYQye0OegYIAQgJEAE\"><\/button><\/div>\n<div class=\"Fsg96\" data-sfc-cp=\"\" data-complete=\"true\" data-processed=\"true\"><\/div>\n<div data-xid=\"Gd7Hsc\" data-sfc-cp=\"\" data-complete=\"true\" data-processed=\"true\">\n<div class=\"DBd2Wb\" data-complete=\"true\">\n<div data-complete=\"true\"><\/div>\n<div class=\"zkL70c\">\n<div data-xid=\"YruvMc\" data-signal-inputs=\"ns9scf=PTVnIb_22\/ns9scf\" data-complete=\"true\">\n<div class=\"OUQe0e\">\n<div id=\"shrproxy6\" class=\"bQ0Yzc\" data-ved=\"0CAAQp4QQahcKEwjo8pTg7uKSAxUAAAAAHQAAAAAQDQ\" data-hveid=\"0\" data-processed=\"true\"><button class=\"eGAasd\" aria-label=\"Share\"><\/button><\/p>\n<div><\/div>\n<div><\/div>\n<\/div>\n<\/div>\n<\/div>\n<div class=\"VlQBpc\" data-wiz-uids=\"PTVnIb_2i,PTVnIb_2j\" data-complete=\"true\">\n<div class=\"YHsVn\" data-sfc-cp=\"\" data-wiz-uids=\"PTVnIb_2l,PTVnIb_2m\" data-signal-inputs=\"\" data-complete=\"true\"><\/div>\n<div class=\"YHsVn\" data-sfc-cp=\"\" data-wiz-uids=\"PTVnIb_2o,PTVnIb_2p\" data-signal-inputs=\"\" data-complete=\"true\"><\/div>\n<\/div>\n<\/div>\n<\/div>\n<\/div>\n","protected":false},"excerpt":{"rendered":"<p><span class=\"T286Pc\" data-sfc-cp=\"\" data-complete=\"true\"><strong class=\"Yjhzub\" data-complete=\"true\">Kompatibilnost:<\/strong>\u00a0Dizajniran isklju\u010divo za PS5 DualSense be\u017ei\u010dne kontrolere.<\/span><\/p>\n<p><span class=\"T286Pc\" data-sfc-cp=\"\" data-complete=\"true\"><strong class=\"Yjhzub\" data-complete=\"true\">Dualno punjenje:<\/strong>\u00a0Omogu\u0107ava punjenje dva kontrolera istovremeno.<\/span><\/p>\n<p><span class=\"T286Pc\" data-sfc-cp=\"\" data-complete=\"true\"><strong class=\"Yjhzub\" data-complete=\"true\">LED indikatori:<\/strong>\u00a0Ugra\u0111ena LED svjetla prikazuju status punjenja (narand\u017easto za punjenje, plavo\/zeleno za napunjeno).<\/span><\/p>\n<p><span class=\"T286Pc\" data-sfc-cp=\"\" data-complete=\"true\"><strong class=\"Yjhzub\" data-complete=\"true\">Konekcija:<\/strong>\u00a0Povezuje se na PS5 konzolu ili bilo koji USB-C izvor napajanja pomo\u0107u prilo\u017eenog kabla.<\/span><\/p>\n<p><span class=\"T286Pc\" data-sfc-cp=\"\" data-complete=\"true\"><strong class=\"Yjhzub\" data-complete=\"true\">Dizajn:<\/strong>\u00a0Vertikalan, kompaktan dizajn koji se estetski sla\u017ee sa PS5 konzolom.<\/span><\/p>\n<p><span class=\"T286Pc\" data-sfc-cp=\"\" data-complete=\"true\" aria-owns=\"action-menu-parent-container\"><strong class=\"Yjhzub\" data-complete=\"true\">Napajanje:<\/strong>\u00a0Konzola mora biti uklju\u010dena ili u stanju mirovanja (rest mode) da bi se kontroleri punili.<\/span><\/p>\n","protected":false},"featured_media":52185,"template":"","meta":[],"product_cat":[353,407,553],"product_tag":[],"class_list":{"0":"post-17391","1":"product","2":"type-product","3":"status-publish","4":"has-post-thumbnail","6":"product_brand-trust","7":"product_cat-ct-joystick","8":"product_cat-ct-notebookac","9":"product_cat-brend-trust","10":"pa_brend-trust","12":"first","13":"instock","14":"shipping-taxable","15":"purchasable","16":"product-type-simple"},"_links":{"self":[{"href":"https:\/\/techstore.ba\/shop\/wp-json\/wp\/v2\/product\/17391","targetHints":{"allow":["GET"]}}],"collection":[{"href":"https:\/\/techstore.ba\/shop\/wp-json\/wp\/v2\/product"}],"about":[{"href":"https:\/\/techstore.ba\/shop\/wp-json\/wp\/v2\/types\/product"}],"wp:featuredmedia":[{"embeddable":true,"href":"https:\/\/techstore.ba\/shop\/wp-json\/wp\/v2\/media\/52185"}],"wp:attachment":[{"href":"https:\/\/techstore.ba\/shop\/wp-json\/wp\/v2\/media?parent=17391"}],"wp:term":[{"taxonomy":"product_cat","embeddable":true,"href":"https:\/\/techstore.ba\/shop\/wp-json\/wp\/v2\/product_cat?post=17391"},{"taxonomy":"product_tag","embeddable":true,"href":"https:\/\/techstore.ba\/shop\/wp-json\/wp\/v2\/product_tag?post=17391"}],"curies":[{"name":"wp","href":"https:\/\/api.w.org\/{rel}","templated":true}]}}