{"id":17389,"date":"2026-02-01T17:05:38","date_gmt":"2026-02-01T16:05:38","guid":{"rendered":"https:\/\/techstore.ba\/shop\/product\/trust-halyx-hubcitac-kartica-usb-c-hub3-usb-porta-citac-kartica-sd-micro-sd\/"},"modified":"2026-04-04T11:28:22","modified_gmt":"2026-04-04T09:28:22","slug":"trust-halyx-hubcitac-kartica-usb-c-hub3-usb-porta-citac-kartica-sd-micro-sd","status":"publish","type":"product","link":"https:\/\/techstore.ba\/shop\/product\/trust-halyx-hubcitac-kartica-usb-c-hub3-usb-porta-citac-kartica-sd-micro-sd\/","title":{"rendered":"Trust Halyx Hub+\u010dita\u010d kartica USB-C Hub,3 USB porta, \u010dita\u010d kartica SD (micro SD)"},"content":{"rendered":"","protected":false},"excerpt":{"rendered":"<p>Trust Halyx USB-C Hub+\u010dita\u010d kartica. Kompaktni USB-C, aluminijsko ku\u0107i\u0161te, 3x USB porta, 1x SD (micro SD) \u010dita\u010d kartica. USB 3.2 konekcija, 15 cm kabal.<\/p>\n","protected":false},"featured_media":28472,"template":"","meta":[],"product_cat":[407,553],"product_tag":[],"class_list":{"0":"post-17389","1":"product","2":"type-product","3":"status-publish","4":"has-post-thumbnail","6":"product_brand-trust","7":"product_cat-ct-notebookac","8":"product_cat-brend-trust","9":"pa_brend-trust","11":"first","12":"instock","13":"shipping-taxable","14":"purchasable","15":"product-type-simple"},"_links":{"self":[{"href":"https:\/\/techstore.ba\/shop\/wp-json\/wp\/v2\/product\/17389","targetHints":{"allow":["GET"]}}],"collection":[{"href":"https:\/\/techstore.ba\/shop\/wp-json\/wp\/v2\/product"}],"about":[{"href":"https:\/\/techstore.ba\/shop\/wp-json\/wp\/v2\/types\/product"}],"wp:featuredmedia":[{"embeddable":true,"href":"https:\/\/techstore.ba\/shop\/wp-json\/wp\/v2\/media\/28472"}],"wp:attachment":[{"href":"https:\/\/techstore.ba\/shop\/wp-json\/wp\/v2\/media?parent=17389"}],"wp:term":[{"taxonomy":"product_cat","embeddable":true,"href":"https:\/\/techstore.ba\/shop\/wp-json\/wp\/v2\/product_cat?post=17389"},{"taxonomy":"product_tag","embeddable":true,"href":"https:\/\/techstore.ba\/shop\/wp-json\/wp\/v2\/product_tag?post=17389"}],"curies":[{"name":"wp","href":"https:\/\/api.w.org\/{rel}","templated":true}]}}