{"id":17388,"date":"2026-02-01T17:05:38","date_gmt":"2026-02-01T16:05:38","guid":{"rendered":"https:\/\/techstore.ba\/shop\/product\/trust-dalyx-fast-cardreader-usb-3-2-citac-sd-kartica-usb-a\/"},"modified":"2026-04-04T11:28:22","modified_gmt":"2026-04-04T09:28:22","slug":"trust-dalyx-fast-cardreader-usb-3-2-citac-sd-kartica-usb-a","status":"publish","type":"product","link":"https:\/\/techstore.ba\/shop\/product\/trust-dalyx-fast-cardreader-usb-3-2-citac-sd-kartica-usb-a\/","title":{"rendered":"Trust Dalyx Fast Cardreader USB 3.2, \u010dita\u010d SD kartica USB-A"},"content":{"rendered":"","protected":false},"excerpt":{"rendered":"<p>Trust Dalyx Fast Cardreader, \u010dita\u010d SD kartica, USB 3.2, USB-A<\/p>\n","protected":false},"featured_media":28468,"template":"","meta":[],"product_cat":[281,407,553],"product_tag":[],"class_list":{"0":"post-17388","1":"product","2":"type-product","3":"status-publish","4":"has-post-thumbnail","6":"product_brand-trust","7":"product_cat-ct-adapters","8":"product_cat-ct-notebookac","9":"product_cat-brend-trust","10":"pa_brend-trust","12":"first","13":"instock","14":"shipping-taxable","15":"purchasable","16":"product-type-simple"},"_links":{"self":[{"href":"https:\/\/techstore.ba\/shop\/wp-json\/wp\/v2\/product\/17388","targetHints":{"allow":["GET"]}}],"collection":[{"href":"https:\/\/techstore.ba\/shop\/wp-json\/wp\/v2\/product"}],"about":[{"href":"https:\/\/techstore.ba\/shop\/wp-json\/wp\/v2\/types\/product"}],"wp:featuredmedia":[{"embeddable":true,"href":"https:\/\/techstore.ba\/shop\/wp-json\/wp\/v2\/media\/28468"}],"wp:attachment":[{"href":"https:\/\/techstore.ba\/shop\/wp-json\/wp\/v2\/media?parent=17388"}],"wp:term":[{"taxonomy":"product_cat","embeddable":true,"href":"https:\/\/techstore.ba\/shop\/wp-json\/wp\/v2\/product_cat?post=17388"},{"taxonomy":"product_tag","embeddable":true,"href":"https:\/\/techstore.ba\/shop\/wp-json\/wp\/v2\/product_tag?post=17388"}],"curies":[{"name":"wp","href":"https:\/\/api.w.org\/{rel}","templated":true}]}}