{"id":17374,"date":"2026-02-01T17:05:37","date_gmt":"2026-02-01T16:05:37","guid":{"rendered":"https:\/\/techstore.ba\/shop\/product\/genius-acc-c2ac-adapter-usbtype-c-to-usb-3-0\/"},"modified":"2026-04-04T11:28:22","modified_gmt":"2026-04-04T09:28:22","slug":"genius-acc-c2ac-adapter-usbtype-c-to-usb-3-0","status":"publish","type":"product","link":"https:\/\/techstore.ba\/shop\/product\/genius-acc-c2ac-adapter-usbtype-c-to-usb-3-0\/","title":{"rendered":"Genius ACC-C2AC adapter USBType-C to USB 3.0"},"content":{"rendered":"","protected":false},"excerpt":{"rendered":"<p>Genius ACC-C2AC adapter, USB Type-C to USB 3.0, 21 cm, omogu\u0107ava povezivanje ure\u0111aja s USB 3.0 priklju\u010dkom na USB Type-C port. Kompatibilan s laptopima, tabletima i pametnim telefonima.<\/p>\n","protected":false},"featured_media":28393,"template":"","meta":[],"product_cat":[595,407],"product_tag":[],"class_list":{"0":"post-17374","1":"product","2":"type-product","3":"status-publish","4":"has-post-thumbnail","6":"product_brand-genius","7":"product_cat-brend-genius","8":"product_cat-ct-notebookac","9":"pa_brend-genius","11":"first","12":"instock","13":"shipping-taxable","14":"purchasable","15":"product-type-simple"},"_links":{"self":[{"href":"https:\/\/techstore.ba\/shop\/wp-json\/wp\/v2\/product\/17374","targetHints":{"allow":["GET"]}}],"collection":[{"href":"https:\/\/techstore.ba\/shop\/wp-json\/wp\/v2\/product"}],"about":[{"href":"https:\/\/techstore.ba\/shop\/wp-json\/wp\/v2\/types\/product"}],"wp:featuredmedia":[{"embeddable":true,"href":"https:\/\/techstore.ba\/shop\/wp-json\/wp\/v2\/media\/28393"}],"wp:attachment":[{"href":"https:\/\/techstore.ba\/shop\/wp-json\/wp\/v2\/media?parent=17374"}],"wp:term":[{"taxonomy":"product_cat","embeddable":true,"href":"https:\/\/techstore.ba\/shop\/wp-json\/wp\/v2\/product_cat?post=17374"},{"taxonomy":"product_tag","embeddable":true,"href":"https:\/\/techstore.ba\/shop\/wp-json\/wp\/v2\/product_tag?post=17374"}],"curies":[{"name":"wp","href":"https:\/\/api.w.org\/{rel}","templated":true}]}}