{"id":17372,"date":"2026-02-01T17:05:37","date_gmt":"2026-02-01T16:05:37","guid":{"rendered":"https:\/\/techstore.ba\/shop\/product\/genius-hub-uh-500grey\/"},"modified":"2026-04-04T11:28:22","modified_gmt":"2026-04-04T09:28:22","slug":"genius-hub-uh-500grey","status":"publish","type":"product","link":"https:\/\/techstore.ba\/shop\/product\/genius-hub-uh-500grey\/","title":{"rendered":"Genius HUB UH-500,Grey"},"content":{"rendered":"<div class=\"pWvJNd\" data-complete=\"true\">\n<div class=\"mZJni Dn7Fzd\" dir=\"ltr\" data-container-id=\"main-col\" data-xid=\"VpUvz\" data-ved=\"2ahUKEwiMuLH58uKSAxVq4AIHHTKkBW8Q3KYQegYIAQgAEAE\" data-processed=\"true\">\n<div class=\"Y3BBE\" data-sfc-cp=\"\" data-hveid=\"CAEIBRAA\" data-complete=\"true\" data-processed=\"true\">Genius HUB UH-500 predstavlja moderno i elegantno rje\u0161enje za korisnike koji se suo\u010davaju s ograni\u010denim brojem portova na svojim novim ure\u0111ajima. S obzirom na to da savremeni laptopi i tableti te\u017ee \u0161to tanjem dizajnu, \u010desto \u017ertvuju klju\u010dne priklju\u010dke. Ovaj hub rje\u0161ava taj problem bez kompromisa na brzini ili estetici. Njegova siva boja i metalna tekstura savr\u0161eno se uklapaju uz premium ure\u0111aje, dok kompaktne dimenzije omogu\u0107avaju da ga nosite u torbi ili d\u017eepu bez ikakvog optere\u0107enja.<button class=\"rBl3me\" tabindex=\"0\" data-amic=\"true\" data-icl-uuid=\"d6b921d3-6e3f-43e6-9638-21d8d043bce9\" aria-label=\"View related links\" data-wiz-attrbind=\"disabled=Mcvr1e_1c\/C5gNJc;aria-label=Mcvr1e_1c\/bOjMyf;class=Mcvr1e_1c\/UpSNec\" data-ved=\"2ahUKEwiMuLH58uKSAxVq4AIHHTKkBW8Qye0OegYIAQgFEAE\"><\/button><\/div>\n<div class=\"Y3BBE\" data-sfc-cp=\"\" data-hveid=\"CAEIBhAA\" data-complete=\"true\" data-processed=\"true\">Ono \u0161to ovaj model izdvaja od bazi\u010dnih adaptera je podr\u0161ka za 4K rezoluciju pri 60Hz. Dok ve\u0107ina standardnih hubova nudi samo 30Hz, UH-500 pru\u017ea mnogo fluidnije iskustvo prilikom rada sa videom, igranja igara ili prezentovanja. Pored toga, tri USB 3.0 porta osiguravaju da va\u0161i eksterni diskovi, tastature i mi\u0161evi rade maksimalnom brzinom, elimini\u0161u\u0107i zagu\u0161enja u prenosu podataka.<button class=\"rBl3me\" tabindex=\"0\" data-amic=\"true\" data-icl-uuid=\"d31621fe-380e-47b2-baae-0f464b8f831a\" aria-label=\"View related links\" data-wiz-attrbind=\"disabled=Mcvr1e_1g\/C5gNJc;aria-label=Mcvr1e_1g\/bOjMyf;class=Mcvr1e_1g\/UpSNec\" data-ved=\"2ahUKEwiMuLH58uKSAxVq4AIHHTKkBW8Qye0OegYIAQgGEAE\"><\/button><\/div>\n<div class=\"Y3BBE\" data-sfc-cp=\"\" data-hveid=\"CAEIBxAA\" data-complete=\"true\" data-processed=\"true\">Jedna od najve\u0107ih prednosti je integrisani Power Delivery port od 100W. To zna\u010di da ne morate birati izme\u0111u punjenja laptopa i kori\u0161tenja eksternih ure\u0111aja \u2013 kroz jedan kabl dobijate i struju i funkcionalnost. Hub je dizajniran da bude robustan, ali lagan, \u010dime postaje nezaobilazan alat za digitalne nomade, studente i poslovne ljude koji zahtijevaju maksimalnu produktivnost u pokretu. Bez obzira na to povezujete li ga na MacBook, iPad ili moderan Android telefon, UH-500 \u0107e raditi besprijekorno od trenutka povezivanja.<\/div>\n<\/div>\n<\/div>\n","protected":false},"excerpt":{"rendered":"<p>Genius HUB UH-500,Grey, 100W PD x1, USB-C 3.0 x1, USB-A 3.0 x2, HDMI x1, Du\u017eina kabla 15cm,<\/p>\n","protected":false},"featured_media":52190,"template":"","meta":[],"product_cat":[595,407],"product_tag":[],"class_list":{"0":"post-17372","1":"product","2":"type-product","3":"status-publish","4":"has-post-thumbnail","6":"product_brand-genius","7":"product_cat-brend-genius","8":"product_cat-ct-notebookac","9":"pa_brend-genius","11":"first","12":"outofstock","13":"shipping-taxable","14":"purchasable","15":"product-type-simple"},"_links":{"self":[{"href":"https:\/\/techstore.ba\/shop\/wp-json\/wp\/v2\/product\/17372","targetHints":{"allow":["GET"]}}],"collection":[{"href":"https:\/\/techstore.ba\/shop\/wp-json\/wp\/v2\/product"}],"about":[{"href":"https:\/\/techstore.ba\/shop\/wp-json\/wp\/v2\/types\/product"}],"wp:featuredmedia":[{"embeddable":true,"href":"https:\/\/techstore.ba\/shop\/wp-json\/wp\/v2\/media\/52190"}],"wp:attachment":[{"href":"https:\/\/techstore.ba\/shop\/wp-json\/wp\/v2\/media?parent=17372"}],"wp:term":[{"taxonomy":"product_cat","embeddable":true,"href":"https:\/\/techstore.ba\/shop\/wp-json\/wp\/v2\/product_cat?post=17372"},{"taxonomy":"product_tag","embeddable":true,"href":"https:\/\/techstore.ba\/shop\/wp-json\/wp\/v2\/product_tag?post=17372"}],"curies":[{"name":"wp","href":"https:\/\/api.w.org\/{rel}","templated":true}]}}