{"id":17352,"date":"2026-02-01T17:05:03","date_gmt":"2026-02-01T16:05:03","guid":{"rendered":"https:\/\/techstore.ba\/shop\/product\/aruba-instant-on-1930-48g4sfp1-10gbe-10-gb-latency-1-20sec-throughput-130-95-mpps-176gbps\/"},"modified":"2026-04-04T11:27:39","modified_gmt":"2026-04-04T09:27:39","slug":"aruba-instant-on-1930-48g4sfp1-10gbe-10-gb-latency-1-20sec-throughput-130-95-mpps-176gbps","status":"publish","type":"product","link":"https:\/\/techstore.ba\/shop\/product\/aruba-instant-on-1930-48g4sfp1-10gbe-10-gb-latency-1-20sec-throughput-130-95-mpps-176gbps\/","title":{"rendered":"Aruba Instant On 1930 48G,4SFP1\/10GbE; 10 Gb latency < 1.20?Sec; Throughput-130.95 Mpps, 176Gbps"},"content":{"rendered":"<h3>Specifikacije<\/h3>\n<table style=\"border-collapse: collapse; width: 100%;\">\n<tbody>\n<tr>\n<th style=\"text-align: left; padding: 6px 10px; border: 1px solid #eee;\">INTFACE_NETWORKSWC<\/th>\n<td style=\"padding: 6px 10px; border: 1px solid #eee;\">48xRJ45 1GbE,4xSFP+ 1\/10GbE<\/td>\n<\/tr>\n<\/tbody>\n<\/table>\n<div class=\"pWvJNd\" data-complete=\"true\">\n<div class=\"mZJni Dn7Fzd\" dir=\"ltr\" data-container-id=\"main-col\" data-xid=\"VpUvz\" data-ved=\"2ahUKEwj-ht6iguOSAxUE9QIHHcuLAoMQ3KYQegYIAQgAEAE\" data-processed=\"true\">\n<div data-sfc-cp=\"\" data-hveid=\"CAEIBBAA\" data-complete=\"true\" data-processed=\"true\"><\/div>\n<div class=\"Y3BBE\" data-sfc-cp=\"\" data-hveid=\"CAEIBBAA\" data-complete=\"true\" data-processed=\"true\">Aruba Instant On 1930 48G je napredan, ali jednostavan za kori\u0161tenje, gigabitni Ethernet switch dizajniran da zadovolji rastu\u0107e potrebe malih preduze\u0107a. Kombinira visoke performanse, sigurnosne funkcije i prakti\u010dnost upravljanja u cloud-u.<button class=\"rBl3me\" tabindex=\"0\" data-amic=\"true\" data-icl-uuid=\"d0f29e94-e2e2-44a3-a81d-68e6d399f565\" aria-label=\"View related links\" data-wiz-attrbind=\"disabled=QJ8SAc_17\/C5gNJc;aria-label=QJ8SAc_17\/bOjMyf;class=QJ8SAc_17\/UpSNec\" data-ved=\"2ahUKEwj-ht6iguOSAxUE9QIHHcuLAoMQye0OegYIAQgEEAE\"><\/button><\/div>\n<div class=\"Y3BBE\" data-sfc-cp=\"\" data-hveid=\"CAEIBRAA\" data-complete=\"true\" data-processed=\"true\">Ovaj model se isti\u010de svojom sposobno\u0161\u0107u da osigura brzu i pouzdanu mre\u017enu konekciju. Sa 48 gigabitnih portova, pru\u017ea dovoljno konektivnosti za ve\u0107inu poslovnih okru\u017eenja, dok 10-gigabitni SFP+ portovi omogu\u0107avaju ultra-brze uplink veze, osiguravaju\u0107i da cjelokupni mre\u017eni saobra\u0107aj te\u010de glatko. Performanse su dodatno nagla\u0161ene minimalnim ka\u0161njenjem, \u0161to je klju\u010dno za aplikacije osjetljive na vrijeme poput video konferencija ili prijenosa velikih datoteka.<button class=\"rBl3me\" tabindex=\"0\" data-amic=\"true\" data-icl-uuid=\"8af57631-aca2-41bb-8c4f-7b55382c2434\" aria-label=\"View related links\" data-wiz-attrbind=\"disabled=QJ8SAc_1b\/C5gNJc;aria-label=QJ8SAc_1b\/bOjMyf;class=QJ8SAc_1b\/UpSNec\" data-ved=\"2ahUKEwj-ht6iguOSAxUE9QIHHcuLAoMQye0OegYIAQgFEAE\"><\/button><\/div>\n<div class=\"Y3BBE\" data-sfc-cp=\"\" data-hveid=\"CAEIBhAA\" data-complete=\"true\" data-processed=\"true\">Integrisana podr\u0161ka za PoE+ (Power over Ethernet Plus) na svim portovima je zna\u010dajna prednost, elimini\u0161u\u0107i potrebu za dodatnim elektri\u010dnim uti\u010dnicama za periferne ure\u0111aje kao \u0161to su be\u017ei\u010dne pristupne ta\u010dke ili nadzorne kamere. Ukupni bud\u017eet snage od 370 W je dovoljan za napajanje velikog broja ure\u0111aja.<button class=\"rBl3me\" tabindex=\"0\" data-amic=\"true\" data-icl-uuid=\"143e911f-7d7b-40e4-9a9f-4add74349f0a\" aria-label=\"View related links\" data-wiz-attrbind=\"disabled=QJ8SAc_1f\/C5gNJc;aria-label=QJ8SAc_1f\/bOjMyf;class=QJ8SAc_1f\/UpSNec\" data-ved=\"2ahUKEwj-ht6iguOSAxUE9QIHHcuLAoMQye0OegYIAQgGEAE\"><\/button><\/div>\n<div class=\"Y3BBE\" data-sfc-cp=\"\" data-hveid=\"CAEIBxAA\" data-complete=\"true\" data-processed=\"true\">Upravljanje je pojednostavljeno zahvaljuju\u0107i Aruba Instant On platformi. Korisnici mogu lako postaviti, nadzirati i upravljati cijelom mre\u017eom putem mobilne aplikacije ili web pretra\u017eiva\u010da, \u010dak i bez opse\u017enog IT iskustva. Ova cloud-bazirana kontrola nudi centralizovanu vidljivost i mogu\u0107nost daljinskog rje\u0161avanja problema, \u010dine\u0107i ga idealnim rje\u0161enjem za firme sa ograni\u010denim IT resursima. Sigurnosne karakteristike, poput VLAN podr\u0161ke i napredne kontrole pristupa, osiguravaju za\u0161titu poslovnih podataka i mre\u017ee.<button class=\"rBl3me\" tabindex=\"0\" data-amic=\"true\" data-icl-uuid=\"6db9d28f-5374-4ec0-aeca-5652b9e0357a\" aria-label=\"View related links\" data-wiz-attrbind=\"disabled=QJ8SAc_1j\/C5gNJc;aria-label=QJ8SAc_1j\/bOjMyf;class=QJ8SAc_1j\/UpSNec\" data-ved=\"2ahUKEwj-ht6iguOSAxUE9QIHHcuLAoMQye0OegYIAQgHEAE\"><\/button><\/div>\n<div class=\"Fsg96\" data-sfc-cp=\"\" data-complete=\"true\" data-processed=\"true\"><\/div>\n<div data-xid=\"Gd7Hsc\" data-sfc-cp=\"\" data-complete=\"true\" data-processed=\"true\">\n<div class=\"DBd2Wb\" data-complete=\"true\">\n<div data-complete=\"true\"><\/div>\n<div class=\"zkL70c\">\n<div data-xid=\"YruvMc\" data-signal-inputs=\"ns9scf=QJ8SAc_1x\/ns9scf\" data-complete=\"true\">\n<div class=\"OUQe0e\">\n<div id=\"shrproxy17\" class=\"bQ0Yzc\" data-ved=\"0CAAQp4QQahcKEwjQoIONgeOSAxUAAAAAHQAAAAAQIA\" data-hveid=\"0\"><button class=\"eGAasd\" aria-label=\"Share\"><\/button><\/p>\n<div><\/div>\n<div><\/div>\n<\/div>\n<\/div>\n<\/div>\n<div class=\"VlQBpc\" data-wiz-uids=\"QJ8SAc_2d,QJ8SAc_2e\" data-complete=\"true\">\n<div class=\"YHsVn\" data-sfc-cp=\"\" data-wiz-uids=\"QJ8SAc_2g,QJ8SAc_2h\" data-signal-inputs=\"\" data-complete=\"true\"><\/div>\n<div class=\"YHsVn\" data-sfc-cp=\"\" data-wiz-uids=\"QJ8SAc_2j,QJ8SAc_2k\" data-signal-inputs=\"\" data-complete=\"true\"><\/div>\n<div data-wiz-uids=\"QJ8SAc_2m,QJ8SAc_2n,QJ8SAc_2o\" data-signal-inputs=\"QZcSBe=QJ8SAc_2c\/QZcSBe;j0Ymx=QJ8SAc_2c\/j0Ymx\" data-complete=\"true\"><\/div>\n<\/div>\n<div class=\"FYF80\"><\/div>\n<\/div>\n<\/div>\n<div data-zzy=\"1\"><\/div>\n<\/div>\n<div class=\"Fsg96\" data-sfc-cp=\"\" data-complete=\"true\" data-processed=\"true\"><\/div>\n<div data-subtree=\"aimba\" data-complete=\"true\" data-processed=\"true\">\n<div class=\"Jd31eb\" data-complete=\"true\"><\/div>\n<\/div>\n<\/div>\n<div class=\"SGF5Lb\" data-processed=\"true\">\n<div data-container-id=\"6\"><\/div>\n<\/div>\n<div class=\"SGF5Lb\" data-processed=\"true\">\n<div data-container-id=\"7\"><\/div>\n<\/div>\n<div class=\"SGF5Lb\" data-processed=\"true\">\n<div data-container-id=\"8\"><\/div>\n<\/div>\n<div class=\"SGF5Lb\" data-processed=\"true\">\n<div data-container-id=\"9\"><\/div>\n<\/div>\n<div class=\"SGF5Lb\" data-processed=\"true\">\n<div data-container-id=\"10\"><\/div>\n<\/div>\n<div class=\"SGF5Lb\" data-processed=\"true\">\n<div data-container-id=\"11\"><\/div>\n<\/div>\n<\/div>\n<div class=\"\" data-complete=\"true\" data-processed=\"true\"><\/div>\n","protected":false},"excerpt":{"rendered":"<p><span class=\"T286Pc\" data-sfc-cp=\"\" data-complete=\"true\"><strong class=\"Yjhzub\" data-complete=\"true\">Tip prekida\u010da:<\/strong>\u00a0Pametni upravljivi (smart-managed) switch za male firme, sa 48 gigabitnih mre\u017enih portova.<\/span><\/p>\n<p><span class=\"T286Pc\" data-sfc-cp=\"\" data-complete=\"true\"><strong class=\"Yjhzub\" data-complete=\"true\">Opti\u010dki uplinkovi:<\/strong>\u00a0Uklju\u010duje 4 SFP\/SFP+ porta koji podr\u017eavaju brzine 1G i 10G za brze veze prema serverima ili drugim switchevima.<\/span><\/p>\n<p><span class=\"T286Pc\" data-sfc-cp=\"\" data-complete=\"true\"><strong class=\"Yjhzub\" data-complete=\"true\">Performanse:<\/strong>\u00a0Nudi impresivan kapacitet prebacivanja od 176 Gbps i propusnost od 130.95 Mpps.<\/span><\/p>\n<p><span class=\"T286Pc\" data-sfc-cp=\"\" data-complete=\"true\"><strong class=\"Yjhzub\" data-complete=\"true\">Brzina ka\u0161njenja:<\/strong>\u00a0Karakteri\u0161e ga izuzetno nisko ka\u0161njenje (latency), manje od 1.2 \u00b5s (mikrosekunde) za 10 GbE saobra\u0107aj.<\/span><\/p>\n<p><span class=\"T286Pc\" data-sfc-cp=\"\" data-complete=\"true\"><strong class=\"Yjhzub\" data-complete=\"true\">Napajanje putem Etherneta (PoE):<\/strong>\u00a0Ovaj model podr\u017eava PoE Class 4 (PoE+) na svih 48 portova, sa ukupnim bud\u017eetom snage od 370 W za napajanje pristupnih ta\u010daka, IP kamera i telefona.<\/span><\/p>\n<p><span class=\"T286Pc\" data-sfc-cp=\"\" data-complete=\"true\" aria-owns=\"action-menu-parent-container\"><strong class=\"Yjhzub\" data-complete=\"true\">Intuitivno upravljanje:<\/strong>\u00a0Nudi jednostavno upravljanje putem Aruba Instant On mobilne aplikacije ili cloud portala.<\/span><\/p>\n","protected":false},"featured_media":28316,"template":"","meta":[],"product_cat":[564,404],"product_tag":[],"class_list":{"0":"post-17352","1":"product","2":"type-product","3":"status-publish","4":"has-post-thumbnail","6":"product_brand-aruba","7":"product_cat-brend-hp","8":"product_cat-ct-networkswc","9":"pa_brend-aruba","11":"first","12":"instock","13":"shipping-taxable","14":"purchasable","15":"product-type-simple"},"_links":{"self":[{"href":"https:\/\/techstore.ba\/shop\/wp-json\/wp\/v2\/product\/17352","targetHints":{"allow":["GET"]}}],"collection":[{"href":"https:\/\/techstore.ba\/shop\/wp-json\/wp\/v2\/product"}],"about":[{"href":"https:\/\/techstore.ba\/shop\/wp-json\/wp\/v2\/types\/product"}],"wp:featuredmedia":[{"embeddable":true,"href":"https:\/\/techstore.ba\/shop\/wp-json\/wp\/v2\/media\/28316"}],"wp:attachment":[{"href":"https:\/\/techstore.ba\/shop\/wp-json\/wp\/v2\/media?parent=17352"}],"wp:term":[{"taxonomy":"product_cat","embeddable":true,"href":"https:\/\/techstore.ba\/shop\/wp-json\/wp\/v2\/product_cat?post=17352"},{"taxonomy":"product_tag","embeddable":true,"href":"https:\/\/techstore.ba\/shop\/wp-json\/wp\/v2\/product_tag?post=17352"}],"curies":[{"name":"wp","href":"https:\/\/api.w.org\/{rel}","templated":true}]}}