{"id":17270,"date":"2026-02-01T17:03:09","date_gmt":"2026-02-01T16:03:09","guid":{"rendered":"https:\/\/techstore.ba\/shop\/product\/chieftec-psu-850w-bpx-850-svita-12cm-fan-80-bronze204-pin-atx-4xpcie-6xsata-2xmolex\/"},"modified":"2026-04-04T11:23:05","modified_gmt":"2026-04-04T09:23:05","slug":"chieftec-psu-850w-bpx-850-svita-12cm-fan-80-bronze204-pin-atx-4xpcie-6xsata-2xmolex","status":"publish","type":"product","link":"https:\/\/techstore.ba\/shop\/product\/chieftec-psu-850w-bpx-850-svita-12cm-fan-80-bronze204-pin-atx-4xpcie-6xsata-2xmolex\/","title":{"rendered":"Chieftec PSU 850W, BPX-850-SVITA, 12cm fan, 80+ Bronze20+4 pin ATX, 4xPCIe, 6xSATA, 2xMOLEX"},"content":{"rendered":"<div class=\"Y3BBE\" data-sfc-cp=\"\" data-hveid=\"CAEIBBAA\" data-complete=\"true\" data-processed=\"true\">Chieftec Polaris Series 850W (BPX-850-SVITA) je visoko-performantno napajanje dizajnirano za entuzijaste, gejmere i profesionalce koji zahtijevaju stabilnu i sna\u017enu isporuku elektri\u010dne energije za svoje sisteme. Sa 850 W snage, ovo napajanje mo\u017ee s lako\u0107om podr\u017eati mo\u0107ne procesore i zahtjevne grafi\u010dke kartice, uklju\u010duju\u0107i konfiguracije sa vi\u0161e GPU-ova.<button class=\"rBl3me\" tabindex=\"0\" data-amic=\"true\" data-icl-uuid=\"58574db2-eb70-4e83-b10d-250a49f21318\" aria-label=\"View related links\" data-wiz-attrbind=\"disabled=qCBYbc_17\/C5gNJc;aria-label=qCBYbc_17\/bOjMyf;class=qCBYbc_17\/UpSNec\" data-ved=\"2ahUKEwirgZe1keOSAxUZxwIHHcAvFE0Qye0OegYIAQgEEAE\"><\/button><\/div>\n<div class=\"Y3BBE\" data-sfc-cp=\"\" data-hveid=\"CAEIBRAA\" data-complete=\"true\" data-processed=\"true\">Jedna od klju\u010dnih karakteristika je\u00a0<strong class=\"Yjhzub\" data-complete=\"true\">80 PLUS Bronze<\/strong>\u00a0certifikat, koji osigurava da napajanje radi efikasno, minimiziraju\u0107i rasipanje energije u vidu toplote. To ne samo da \u0161tedi elektri\u010dnu energiju, ve\u0107 i smanjuje termalno optere\u0107enje unutar ku\u0107i\u0161ta, \u0161to doprinosi du\u017eem vijeku trajanja svih komponenti.<button class=\"rBl3me\" tabindex=\"0\" data-amic=\"true\" data-icl-uuid=\"7eb0e832-91ef-407d-9e09-510a7ac0573e\" aria-label=\"View related links\" data-wiz-attrbind=\"disabled=qCBYbc_1c\/C5gNJc;aria-label=qCBYbc_1c\/bOjMyf;class=qCBYbc_1c\/UpSNec\" data-ved=\"2ahUKEwirgZe1keOSAxUZxwIHHcAvFE0Qye0OegYIAQgFEAE\"><\/button><\/div>\n<div class=\"Y3BBE\" data-sfc-cp=\"\" data-hveid=\"CAEIBhAA\" data-complete=\"true\" data-processed=\"true\" aria-owns=\"action-menu-parent-container\">Dizajn napajanja je potpuno modularan, \u0161to je velika prednost prilikom sastavljanja ra\u010dunara. Korisnici spajaju samo one kablove koji su im potrebni, \u0161to rezultira urednijim unutra\u0161njim prostorom, boljim protokom zraka i lak\u0161im odr\u017eavanjem. Ugra\u0111eni 120 mm ventilator osigurava efikasno hla\u0111enje dok ostaje relativno tih u radu, \u0161to je va\u017eno za ugodno radno okru\u017eenje. Sa \u0161irokim spektrom konektora, uklju\u010duju\u0107i \u010detiri PCIe konektora, ovo napajanje je spremno za moderne, mo\u0107ne konfiguracije.<\/div>\n","protected":false},"excerpt":{"rendered":"<p><span class=\"T286Pc\" data-sfc-cp=\"\" data-complete=\"true\"><strong class=\"Yjhzub\" data-complete=\"true\">Nominalna snaga:<\/strong>\u00a0Pru\u017ea robusnu ukupnu snagu od\u00a0<strong class=\"Yjhzub\" data-complete=\"true\">850 W<\/strong>, idealno za zahtjevne gejming konfiguracije i radne stanice.<\/span><\/p>\n<p><span class=\"T286Pc\" data-sfc-cp=\"\" data-complete=\"true\"><strong class=\"Yjhzub\" data-complete=\"true\">Energetska efikasnost:<\/strong>\u00a0Posjeduje\u00a0<strong class=\"Yjhzub\" data-complete=\"true\">80 PLUS Bronze<\/strong>\u00a0certifikat, garantuju\u0107i visoku efikasnost (tipi\u010dno 85% do 88% pri uobi\u010dajenom optere\u0107enju).<\/span><\/p>\n<p><span class=\"T286Pc\" data-sfc-cp=\"\" data-complete=\"true\"><strong class=\"Yjhzub\" data-complete=\"true\">Hla\u0111enje:<\/strong>\u00a0Ugra\u0111en je tih\u00a0<strong class=\"Yjhzub\" data-complete=\"true\">120 mm ventilator<\/strong>\u00a0koji efikasno hladi komponente uz minimalnu buku.<\/span><\/p>\n<p><span class=\"T286Pc\" data-sfc-cp=\"\" data-complete=\"true\"><strong class=\"Yjhzub\" data-complete=\"true\">Modularni dizajn:<\/strong>\u00a0Potpuno je modularan, \u0161to omogu\u0107ava korisniku da spoji samo one kablove koji su mu potrebni, olak\u0161avaju\u0107i upravljanje kablovima i protok vazduha.<\/span><\/p>\n<p><span class=\"T286Pc\" data-sfc-cp=\"\" data-complete=\"true\"><strong class=\"Yjhzub\" data-complete=\"true\">Konektori:<\/strong>\u00a0Opremljen je sa 4x PCIe konektora za grafi\u010dke kartice, 6x SATA konektora za diskove, 2x Molex i glavnim 20+4 pin ATX konektorom.<\/span><\/p>\n<p><span class=\"T286Pc\" data-sfc-cp=\"\" data-complete=\"true\" aria-owns=\"action-menu-parent-container\"><strong class=\"Yjhzub\" data-complete=\"true\">Aktivni PFC:<\/strong>\u00a0Koristi Active Power Factor Correction (APFC) za stabilizaciju ulazne snage i pove\u0107anje efikasnosti.<\/span><\/p>\n","protected":false},"featured_media":28033,"template":"","meta":[],"product_cat":[588,391],"product_tag":[],"class_list":{"0":"post-17270","1":"product","2":"type-product","3":"status-publish","4":"has-post-thumbnail","6":"product_brand-chieftec","7":"product_cat-brend-chieftec","8":"product_cat-ct-napajanja","9":"pa_brend-chieftec","11":"first","12":"instock","13":"shipping-taxable","14":"purchasable","15":"product-type-simple"},"_links":{"self":[{"href":"https:\/\/techstore.ba\/shop\/wp-json\/wp\/v2\/product\/17270","targetHints":{"allow":["GET"]}}],"collection":[{"href":"https:\/\/techstore.ba\/shop\/wp-json\/wp\/v2\/product"}],"about":[{"href":"https:\/\/techstore.ba\/shop\/wp-json\/wp\/v2\/types\/product"}],"wp:featuredmedia":[{"embeddable":true,"href":"https:\/\/techstore.ba\/shop\/wp-json\/wp\/v2\/media\/28033"}],"wp:attachment":[{"href":"https:\/\/techstore.ba\/shop\/wp-json\/wp\/v2\/media?parent=17270"}],"wp:term":[{"taxonomy":"product_cat","embeddable":true,"href":"https:\/\/techstore.ba\/shop\/wp-json\/wp\/v2\/product_cat?post=17270"},{"taxonomy":"product_tag","embeddable":true,"href":"https:\/\/techstore.ba\/shop\/wp-json\/wp\/v2\/product_tag?post=17270"}],"curies":[{"name":"wp","href":"https:\/\/api.w.org\/{rel}","templated":true}]}}