{"id":17140,"date":"2026-02-01T16:04:12","date_gmt":"2026-02-01T15:04:12","guid":{"rendered":"https:\/\/techstore.ba\/shop\/product\/tefal-turbo-cuisine-black\/"},"modified":"2026-04-04T11:22:37","modified_gmt":"2026-04-04T09:22:37","slug":"tefal-turbo-cuisine-black","status":"publish","type":"product","link":"https:\/\/techstore.ba\/shop\/product\/tefal-turbo-cuisine-black\/","title":{"rendered":"Tefal Turbo Cuisine Black"},"content":{"rendered":"","protected":false},"excerpt":{"rendered":"<p>Tefal Turbo-Cuisine CY754830,elektri\u010dni ekspres lonac za kuhanje.Do 3 puta br\u017ee spremanje omiljenih obroka.10 automatskih programa.Odgo\u0111eni start do 12h.24h odr\u017eavanje temperature,aktivira se po zavr\u0161etku ciklusa kuhanja.Safe-release preassure system<\/p>\n","protected":false},"featured_media":27935,"template":"","meta":[],"product_cat":[807,15],"product_tag":[],"class_list":{"0":"post-17140","1":"product","2":"type-product","3":"status-publish","4":"has-post-thumbnail","6":"product_cat-ct-multicookp","7":"product_cat-uncategorized","8":"pa_brend-uncategorized","10":"first","11":"instock","12":"shipping-taxable","13":"purchasable","14":"product-type-simple"},"_links":{"self":[{"href":"https:\/\/techstore.ba\/shop\/wp-json\/wp\/v2\/product\/17140","targetHints":{"allow":["GET"]}}],"collection":[{"href":"https:\/\/techstore.ba\/shop\/wp-json\/wp\/v2\/product"}],"about":[{"href":"https:\/\/techstore.ba\/shop\/wp-json\/wp\/v2\/types\/product"}],"wp:featuredmedia":[{"embeddable":true,"href":"https:\/\/techstore.ba\/shop\/wp-json\/wp\/v2\/media\/27935"}],"wp:attachment":[{"href":"https:\/\/techstore.ba\/shop\/wp-json\/wp\/v2\/media?parent=17140"}],"wp:term":[{"taxonomy":"product_cat","embeddable":true,"href":"https:\/\/techstore.ba\/shop\/wp-json\/wp\/v2\/product_cat?post=17140"},{"taxonomy":"product_tag","embeddable":true,"href":"https:\/\/techstore.ba\/shop\/wp-json\/wp\/v2\/product_tag?post=17140"}],"curies":[{"name":"wp","href":"https:\/\/api.w.org\/{rel}","templated":true}]}}