{"id":17119,"date":"2026-02-01T16:03:48","date_gmt":"2026-02-01T15:03:48","guid":{"rendered":"https:\/\/techstore.ba\/shop\/product\/bosch-mikrovalna-serie-8-crna900wautopilot-10-21lrostilj-90180360600-boots-w\/"},"modified":"2026-04-04T11:22:09","modified_gmt":"2026-04-04T09:22:09","slug":"bosch-mikrovalna-serie-8-crna900wautopilot-10-21lrostilj-90180360600-boots-w","status":"publish","type":"product","link":"https:\/\/techstore.ba\/shop\/product\/bosch-mikrovalna-serie-8-crna900wautopilot-10-21lrostilj-90180360600-boots-w\/","title":{"rendered":"BOSCH mikrovalna Serie 8| CRNA,900W,AutoPilot 10, 21l,Ro\u0161tilj, 90,180,360,600, Boots W"},"content":{"rendered":"<h3>Specifikacije<\/h3>\n<table style=\"border-collapse:collapse;width:100%;\">\n<tr>\n<th style=\"text-align:left;padding:6px 10px;border:1px solid #eee;\">GRILL<\/th>\n<td style=\"padding:6px 10px;border:1px solid #eee;\">Da<\/td>\n<\/tr>\n<tr>\n<th style=\"text-align:left;padding:6px 10px;border:1px solid #eee;\">HEIGHT_MWAV<\/th>\n<td style=\"padding:6px 10px;border:1px solid #eee;\">38.3<\/td>\n<\/tr>\n<tr>\n<th style=\"text-align:left;padding:6px 10px;border:1px solid #eee;\">VOLUME_MWAV<\/th>\n<td style=\"padding:6px 10px;border:1px solid #eee;\">21<\/td>\n<\/tr>\n<tr>\n<th style=\"text-align:left;padding:6px 10px;border:1px solid #eee;\">WARRANTY_MWAV<\/th>\n<td style=\"padding:6px 10px;border:1px solid #eee;\">2G<\/td>\n<\/tr>\n<tr>\n<th style=\"text-align:left;padding:6px 10px;border:1px solid #eee;\">WIDTH_MWAV<\/th>\n<td style=\"padding:6px 10px;border:1px solid #eee;\">59.5<\/td>\n<\/tr>\n<tr>\n<th style=\"text-align:left;padding:6px 10px;border:1px solid #eee;\">COLOR_MWAV<\/th>\n<td style=\"padding:6px 10px;border:1px solid #eee;\">Crna<\/td>\n<\/tr>\n<tr>\n<th style=\"text-align:left;padding:6px 10px;border:1px solid #eee;\">POWER_MWAV<\/th>\n<td style=\"padding:6px 10px;border:1px solid #eee;\">900<\/td>\n<\/tr>\n<tr>\n<th style=\"text-align:left;padding:6px 10px;border:1px solid #eee;\">TYPE_MWAV<\/th>\n<td style=\"padding:6px 10px;border:1px solid #eee;\">Ugradna<\/td>\n<\/tr>\n<\/table>\n","protected":false},"excerpt":{"rendered":"<p>BOSCH mikrovalna BER7321B1 Serie 8| CRNA,900W,AutoPilot,Ro\u0161tilj pune \u0161irine, pet nivoa snage 90,180,360,600, Boots W,Elektroni\u010dki tajmer,LED svijetlo<\/p>\n","protected":false},"featured_media":27864,"template":"","meta":[],"product_cat":[843,806,15],"product_tag":[],"class_list":{"0":"post-17119","1":"product","2":"type-product","3":"status-publish","4":"has-post-thumbnail","6":"product_cat-brend-bosch","7":"product_cat-ct-mpecnice","8":"product_cat-uncategorized","9":"pa_brend-bosch","11":"first","12":"instock","13":"shipping-taxable","14":"purchasable","15":"product-type-simple"},"_links":{"self":[{"href":"https:\/\/techstore.ba\/shop\/wp-json\/wp\/v2\/product\/17119","targetHints":{"allow":["GET"]}}],"collection":[{"href":"https:\/\/techstore.ba\/shop\/wp-json\/wp\/v2\/product"}],"about":[{"href":"https:\/\/techstore.ba\/shop\/wp-json\/wp\/v2\/types\/product"}],"wp:featuredmedia":[{"embeddable":true,"href":"https:\/\/techstore.ba\/shop\/wp-json\/wp\/v2\/media\/27864"}],"wp:attachment":[{"href":"https:\/\/techstore.ba\/shop\/wp-json\/wp\/v2\/media?parent=17119"}],"wp:term":[{"taxonomy":"product_cat","embeddable":true,"href":"https:\/\/techstore.ba\/shop\/wp-json\/wp\/v2\/product_cat?post=17119"},{"taxonomy":"product_tag","embeddable":true,"href":"https:\/\/techstore.ba\/shop\/wp-json\/wp\/v2\/product_tag?post=17119"}],"curies":[{"name":"wp","href":"https:\/\/api.w.org\/{rel}","templated":true}]}}