{"id":17108,"date":"2026-02-01T16:03:40","date_gmt":"2026-02-01T15:03:40","guid":{"rendered":"https:\/\/techstore.ba\/shop\/product\/tesla-monitor-27mc645gf\/"},"modified":"2026-02-20T09:39:39","modified_gmt":"2026-02-20T08:39:39","slug":"tesla-monitor-27mc645gf","status":"publish","type":"product","link":"https:\/\/techstore.ba\/shop\/product\/tesla-monitor-27mc645gf\/","title":{"rendered":"TESLA monitor 27MC645GF"},"content":{"rendered":"<h3>Specifikacije<\/h3>\n<table style=\"border-collapse: collapse; width: 100%;\">\n<tbody>\n<tr>\n<th style=\"text-align: left; padding: 6px 10px; border: 1px solid #eee;\">BRIHTNESS<\/th>\n<td style=\"padding: 6px 10px; border: 1px solid #eee;\">250<\/td>\n<\/tr>\n<tr>\n<th style=\"text-align: left; padding: 6px 10px; border: 1px solid #eee;\">ADAPTIVE_SYNC<\/th>\n<td style=\"padding: 6px 10px; border: 1px solid #eee;\">Adaptive sync<\/td>\n<\/tr>\n<tr>\n<th style=\"text-align: left; padding: 6px 10px; border: 1px solid #eee;\">ANGLE<\/th>\n<td style=\"padding: 6px 10px; border: 1px solid #eee;\">178\/178<\/td>\n<\/tr>\n<tr>\n<th style=\"text-align: left; padding: 6px 10px; border: 1px solid #eee;\">ASPECTRATIO<\/th>\n<td style=\"padding: 6px 10px; border: 1px solid #eee;\">16:9<\/td>\n<\/tr>\n<tr>\n<th style=\"text-align: left; padding: 6px 10px; border: 1px solid #eee;\">AUDIO<\/th>\n<td style=\"padding: 6px 10px; border: 1px solid #eee;\">Da<\/td>\n<\/tr>\n<tr>\n<th style=\"text-align: left; padding: 6px 10px; border: 1px solid #eee;\">COLOR_TV<\/th>\n<td style=\"padding: 6px 10px; border: 1px solid #eee;\">Siva<\/td>\n<\/tr>\n<tr>\n<th style=\"text-align: left; padding: 6px 10px; border: 1px solid #eee;\">TVTUNER<\/th>\n<td style=\"padding: 6px 10px; border: 1px solid #eee;\">Ne<\/td>\n<\/tr>\n<tr>\n<th style=\"text-align: left; padding: 6px 10px; border: 1px solid #eee;\">USB TYPE-C<\/th>\n<td style=\"padding: 6px 10px; border: 1px solid #eee;\">1<\/td>\n<\/tr>\n<tr>\n<th style=\"text-align: left; padding: 6px 10px; border: 1px solid #eee;\">USB_A_MON<\/th>\n<td style=\"padding: 6px 10px; border: 1px solid #eee;\">0<\/td>\n<\/tr>\n<tr>\n<th style=\"text-align: left; padding: 6px 10px; border: 1px solid #eee;\">VESA<\/th>\n<td style=\"padding: 6px 10px; border: 1px solid #eee;\">da<\/td>\n<\/tr>\n<tr>\n<th style=\"text-align: left; padding: 6px 10px; border: 1px solid #eee;\">VGA<\/th>\n<td style=\"padding: 6px 10px; border: 1px solid #eee;\">Da<\/td>\n<\/tr>\n<tr>\n<th style=\"text-align: left; padding: 6px 10px; border: 1px solid #eee;\">WIFI<\/th>\n<td style=\"padding: 6px 10px; border: 1px solid #eee;\">Ne<\/td>\n<\/tr>\n<tr>\n<th style=\"text-align: left; padding: 6px 10px; border: 1px solid #eee;\">DVI<\/th>\n<td style=\"padding: 6px 10px; border: 1px solid #eee;\">0<\/td>\n<\/tr>\n<tr>\n<th style=\"text-align: left; padding: 6px 10px; border: 1px solid #eee;\">KONTRAST_DIN<\/th>\n<td style=\"padding: 6px 10px; border: 1px solid #eee;\">1000000:1<\/td>\n<\/tr>\n<tr>\n<th style=\"text-align: left; padding: 6px 10px; border: 1px solid #eee;\">SPEAKER<\/th>\n<td style=\"padding: 6px 10px; border: 1px solid #eee;\">Da<\/td>\n<\/tr>\n<tr>\n<th style=\"text-align: left; padding: 6px 10px; border: 1px solid #eee;\">SWIVEL<\/th>\n<td style=\"padding: 6px 10px; border: 1px solid #eee;\">Ne<\/td>\n<\/tr>\n<tr>\n<th style=\"text-align: left; padding: 6px 10px; border: 1px solid #eee;\">SCREEN_SIZE_MON<\/th>\n<td style=\"padding: 6px 10px; border: 1px solid #eee;\">27&#8221;<\/td>\n<\/tr>\n<tr>\n<th style=\"text-align: left; padding: 6px 10px; border: 1px solid #eee;\">SCREEN_TYPE_MON<\/th>\n<td style=\"padding: 6px 10px; border: 1px solid #eee;\">IPS<\/td>\n<\/tr>\n<tr>\n<th style=\"text-align: left; padding: 6px 10px; border: 1px solid #eee;\">TOUCH<\/th>\n<td style=\"padding: 6px 10px; border: 1px solid #eee;\">Ne<\/td>\n<\/tr>\n<tr>\n<th style=\"text-align: left; padding: 6px 10px; border: 1px solid #eee;\">USB_B_MON<\/th>\n<td style=\"padding: 6px 10px; border: 1px solid #eee;\">0<\/td>\n<\/tr>\n<tr>\n<th style=\"text-align: left; padding: 6px 10px; border: 1px solid #eee;\">USB2_MON<\/th>\n<td style=\"padding: 6px 10px; border: 1px solid #eee;\">0<\/td>\n<\/tr>\n<tr>\n<th style=\"text-align: left; padding: 6px 10px; border: 1px solid #eee;\">USB3_MON<\/th>\n<td style=\"padding: 6px 10px; border: 1px solid #eee;\">0<\/td>\n<\/tr>\n<tr>\n<th style=\"text-align: left; padding: 6px 10px; border: 1px solid #eee;\">CURVE_MON<\/th>\n<td style=\"padding: 6px 10px; border: 1px solid #eee;\">Ne<\/td>\n<\/tr>\n<tr>\n<th style=\"text-align: left; padding: 6px 10px; border: 1px solid #eee;\">HDMI_MON<\/th>\n<td style=\"padding: 6px 10px; border: 1px solid #eee;\">1<\/td>\n<\/tr>\n<tr>\n<th style=\"text-align: left; padding: 6px 10px; border: 1px solid #eee;\">HEIGH_ADJUST<\/th>\n<td style=\"padding: 6px 10px; border: 1px solid #eee;\">Ne<\/td>\n<\/tr>\n<tr>\n<th style=\"text-align: left; padding: 6px 10px; border: 1px solid #eee;\">PIVOT<\/th>\n<td style=\"padding: 6px 10px; border: 1px solid #eee;\">Ne<\/td>\n<\/tr>\n<tr>\n<th style=\"text-align: left; padding: 6px 10px; border: 1px solid #eee;\">PORTDISP_MON<\/th>\n<td style=\"padding: 6px 10px; border: 1px solid #eee;\">1<\/td>\n<\/tr>\n<tr>\n<th style=\"text-align: left; padding: 6px 10px; border: 1px solid #eee;\">RESOLUTION_MON<\/th>\n<td style=\"padding: 6px 10px; border: 1px solid #eee;\">1920 x 1080<\/td>\n<\/tr>\n<\/tbody>\n<\/table>\n<p>&nbsp;<\/p>\n<h3 data-start=\"0\" data-end=\"95\"><strong data-start=\"4\" data-end=\"95\">Tesla 27&#8221; 27MC645GF \u2013 svestran monitor sa dobrom kombinacijom performansi i povezivanja<\/strong><\/h3>\n<p data-start=\"97\" data-end=\"593\">Monitor <strong data-start=\"105\" data-end=\"124\">Tesla 27MC645GF<\/strong> donosi <strong data-start=\"132\" data-end=\"158\">27-in\u010dni Full HD ekran<\/strong> sa IPS panelom koji obezbje\u0111uje \u010diste boje i \u0161iroke uglove gledanja, uz <strong data-start=\"231\" data-end=\"266\">100 Hz frekvenciju osvje\u017eavanja<\/strong> i <strong data-start=\"269\" data-end=\"286\">Adaptive Sync<\/strong> podr\u0161ku za smanjenje kidanja slike pri manjem optere\u0107enju. Ovaj model se isti\u010de modernim, tanjim okvirima i prakti\u010dnim funkcijama kao \u0161to su <strong data-start=\"428\" data-end=\"468\">USB-C povezivanje, ugra\u0111eni zvu\u010dnici<\/strong>, te <strong data-start=\"473\" data-end=\"500\">filter plave svjetlosti<\/strong> koji smanjuje naprezanje o\u010diju tokom du\u017eeg kori\u0161tenja.<\/p>\n<p data-start=\"595\" data-end=\"917\">Ekran je idealan za svakodnevni rad, gledanje filmova ili casual igranje, a <strong data-start=\"671\" data-end=\"720\">adapteri poput DisplayPort i HDMI priklju\u010daka<\/strong> omogu\u0107avaju jednostavno spajanje ra\u010dunara ili laptopa. Zahvaljuju\u0107i <strong data-start=\"789\" data-end=\"811\">VESA 75\u00d775 monta\u017ei<\/strong>, lako ga mo\u017ee\u0161 postaviti na zid ili ma\u0161inski dr\u017ea\u010d po svojoj \u017eelji.<\/p>\n","protected":false},"excerpt":{"rendered":"<p data-start=\"964\" data-end=\"1104\"><strong data-start=\"964\" data-end=\"974\">Ekran:<\/strong> 27&#8221; IPS panel sa <strong data-start=\"992\" data-end=\"1027\">rezolucijom 1920\u00d71080 (Full HD)<\/strong> \u2013 stabilne boje i \u0161iroki vidni ugao.<\/p>\n<p data-start=\"1108\" data-end=\"1246\"><strong data-start=\"1108\" data-end=\"1137\">Frekvencija osvje\u017eavanja:<\/strong> <strong data-start=\"1138\" data-end=\"1148\">100 Hz<\/strong> \u2013 fluidniji prikaz pokreta u odnosu na standardnih 60 Hz.<\/p>\n<p data-start=\"1250\" data-end=\"1372\"><strong data-start=\"1250\" data-end=\"1269\">Vrijeme odziva:<\/strong> <strong data-start=\"1270\" data-end=\"1278\">6 ms<\/strong> \u2013 brzo reagovanje za ve\u0107inu sadr\u017eaja i casual gaming.<\/p>\n<p data-start=\"1376\" data-end=\"1541\"><strong data-start=\"1376\" data-end=\"1392\">Povezivanje:<\/strong> <strong data-start=\"1393\" data-end=\"1463\">1\u00d7 HDMI, 1\u00d7 DisplayPort 1.4, 1\u00d7 VGA, 1\u00d7 USB-C (5V\/15W DisplayPort)<\/strong> \u2013 fleksibilne opcije za vi\u0161e ure\u0111aja.<\/p>\n<p data-start=\"1545\" data-end=\"1701\"><strong data-start=\"1545\" data-end=\"1564\">Kontrast i HDR:<\/strong> <strong data-start=\"1565\" data-end=\"1593\">1000:1 stati\u010dki kontrast<\/strong>, bez HDR podr\u0161ke \u2013 realisti\u010dan prikaz boja za svakodnevnu upotrebu.<\/p>\n<p data-start=\"1705\" data-end=\"1835\"><strong data-start=\"1705\" data-end=\"1723\">Ugao gledanja:<\/strong> <strong data-start=\"1724\" data-end=\"1737\">178\u00b0\/178\u00b0<\/strong> \u2013 dobar pregled bez gubitka boja ili kontrasta sa strane.<\/p>\n<p data-start=\"1839\" data-end=\"1988\"><strong data-start=\"1839\" data-end=\"1864\">Ergonomija i monta\u017ea:<\/strong> <strong data-start=\"1865\" data-end=\"1881\">Tilt (nagib)<\/strong> + <strong data-start=\"1884\" data-end=\"1901\">VESA 75\u00d775 mm<\/strong> \u2013 mo\u017ee\u0161 ga naginjati ili montirati na zid\/dr\u017ea\u010d.<\/p>\n<p data-start=\"1839\" data-end=\"1988\"><strong>Garancija:<\/strong> 36 mjeseci<\/p>\n","protected":false},"featured_media":28912,"template":"","meta":[],"product_cat":[385],"product_tag":[],"class_list":{"0":"post-17108","1":"product","2":"type-product","3":"status-publish","4":"has-post-thumbnail","6":"product_brand-tesla","7":"product_cat-ct-monitori","8":"pa_brend-tesla","10":"first","11":"outofstock","12":"shipping-taxable","13":"purchasable","14":"product-type-simple"},"_links":{"self":[{"href":"https:\/\/techstore.ba\/shop\/wp-json\/wp\/v2\/product\/17108","targetHints":{"allow":["GET"]}}],"collection":[{"href":"https:\/\/techstore.ba\/shop\/wp-json\/wp\/v2\/product"}],"about":[{"href":"https:\/\/techstore.ba\/shop\/wp-json\/wp\/v2\/types\/product"}],"wp:featuredmedia":[{"embeddable":true,"href":"https:\/\/techstore.ba\/shop\/wp-json\/wp\/v2\/media\/28912"}],"wp:attachment":[{"href":"https:\/\/techstore.ba\/shop\/wp-json\/wp\/v2\/media?parent=17108"}],"wp:term":[{"taxonomy":"product_cat","embeddable":true,"href":"https:\/\/techstore.ba\/shop\/wp-json\/wp\/v2\/product_cat?post=17108"},{"taxonomy":"product_tag","embeddable":true,"href":"https:\/\/techstore.ba\/shop\/wp-json\/wp\/v2\/product_tag?post=17108"}],"curies":[{"name":"wp","href":"https:\/\/api.w.org\/{rel}","templated":true}]}}