{"id":17091,"date":"2026-02-01T16:03:39","date_gmt":"2026-02-01T15:03:39","guid":{"rendered":"https:\/\/techstore.ba\/shop\/product\/samsung-27-g4-240hzg-sync27ipsfhd400cd1ms2xhdmidptiltswivelpivothavesa-100x100mm\/"},"modified":"2026-04-04T11:21:52","modified_gmt":"2026-04-04T09:21:52","slug":"samsung-27-g4-240hzg-sync27ipsfhd400cd1ms2xhdmidptiltswivelpivothavesa-100x100mm","status":"publish","type":"product","link":"https:\/\/techstore.ba\/shop\/product\/samsung-27-g4-240hzg-sync27ipsfhd400cd1ms2xhdmidptiltswivelpivothavesa-100x100mm\/","title":{"rendered":"Samsung 27&#8221; G4 240Hz,G-sync27&#8221;,IPS,FHD,400cd,1ms,2xHDMI,DP,Tilt,Swivel,Pivot,HA,VESA 100x100mm"},"content":{"rendered":"<h3>Specifikacije<\/h3>\n<table style=\"border-collapse: collapse;width: 100%\">\n<tbody>\n<tr>\n<th style=\"text-align: left;padding: 6px 10px;border: 1px solid #eee\">BRIHTNESS<\/th>\n<td style=\"padding: 6px 10px;border: 1px solid #eee\">400<\/td>\n<\/tr>\n<tr>\n<th style=\"text-align: left;padding: 6px 10px;border: 1px solid #eee\">KONTRAST_DIN<\/th>\n<td style=\"padding: 6px 10px;border: 1px solid #eee\">100.000.000:1<\/td>\n<\/tr>\n<tr>\n<th style=\"text-align: left;padding: 6px 10px;border: 1px solid #eee\">ODZIV<\/th>\n<td style=\"padding: 6px 10px;border: 1px solid #eee\">1 ms<\/td>\n<\/tr>\n<tr>\n<th style=\"text-align: left;padding: 6px 10px;border: 1px solid #eee\">SPEAKER<\/th>\n<td style=\"padding: 6px 10px;border: 1px solid #eee\">Da<\/td>\n<\/tr>\n<tr>\n<th style=\"text-align: left;padding: 6px 10px;border: 1px solid #eee\">SWIVEL<\/th>\n<td style=\"padding: 6px 10px;border: 1px solid #eee\">Da<\/td>\n<\/tr>\n<tr>\n<th style=\"text-align: left;padding: 6px 10px;border: 1px solid #eee\">TOUCH<\/th>\n<td style=\"padding: 6px 10px;border: 1px solid #eee\">Ne<\/td>\n<\/tr>\n<tr>\n<th style=\"text-align: left;padding: 6px 10px;border: 1px solid #eee\">RESOLUTION_MON<\/th>\n<td style=\"padding: 6px 10px;border: 1px solid #eee\">1920 x 1080<\/td>\n<\/tr>\n<tr>\n<th style=\"text-align: left;padding: 6px 10px;border: 1px solid #eee\">SCREEN_SIZE_MON<\/th>\n<td style=\"padding: 6px 10px;border: 1px solid #eee\">27&#8221;<\/td>\n<\/tr>\n<tr>\n<th style=\"text-align: left;padding: 6px 10px;border: 1px solid #eee\">SCREEN_TYPE_MON<\/th>\n<td style=\"padding: 6px 10px;border: 1px solid #eee\">IPS<\/td>\n<\/tr>\n<tr>\n<th style=\"text-align: left;padding: 6px 10px;border: 1px solid #eee\">USB2_MON<\/th>\n<td style=\"padding: 6px 10px;border: 1px solid #eee\">0<\/td>\n<\/tr>\n<tr>\n<th style=\"text-align: left;padding: 6px 10px;border: 1px solid #eee\">USB3_MON<\/th>\n<td style=\"padding: 6px 10px;border: 1px solid #eee\">0<\/td>\n<\/tr>\n<tr>\n<th style=\"text-align: left;padding: 6px 10px;border: 1px solid #eee\">DVI<\/th>\n<td style=\"padding: 6px 10px;border: 1px solid #eee\">0<\/td>\n<\/tr>\n<tr>\n<th style=\"text-align: left;padding: 6px 10px;border: 1px solid #eee\">HDMI_MON<\/th>\n<td style=\"padding: 6px 10px;border: 1px solid #eee\">2<\/td>\n<\/tr>\n<tr>\n<th style=\"text-align: left;padding: 6px 10px;border: 1px solid #eee\">HEIGH_ADJUST<\/th>\n<td style=\"padding: 6px 10px;border: 1px solid #eee\">Da<\/td>\n<\/tr>\n<tr>\n<th style=\"text-align: left;padding: 6px 10px;border: 1px solid #eee\">PIVOT<\/th>\n<td style=\"padding: 6px 10px;border: 1px solid #eee\">Da<\/td>\n<\/tr>\n<tr>\n<th style=\"text-align: left;padding: 6px 10px;border: 1px solid #eee\">PORTDISP_MON<\/th>\n<td style=\"padding: 6px 10px;border: 1px solid #eee\">1<\/td>\n<\/tr>\n<tr>\n<th style=\"text-align: left;padding: 6px 10px;border: 1px solid #eee\">ADAPTIVE_SYNC<\/th>\n<td style=\"padding: 6px 10px;border: 1px solid #eee\">Nvidia G-Sync<\/td>\n<\/tr>\n<tr>\n<th style=\"text-align: left;padding: 6px 10px;border: 1px solid #eee\">ANGLE<\/th>\n<td style=\"padding: 6px 10px;border: 1px solid #eee\">178\/178<\/td>\n<\/tr>\n<tr>\n<th style=\"text-align: left;padding: 6px 10px;border: 1px solid #eee\">ASPECTRATIO<\/th>\n<td style=\"padding: 6px 10px;border: 1px solid #eee\">16:9<\/td>\n<\/tr>\n<tr>\n<th style=\"text-align: left;padding: 6px 10px;border: 1px solid #eee\">AUDIO<\/th>\n<td style=\"padding: 6px 10px;border: 1px solid #eee\">Da<\/td>\n<\/tr>\n<tr>\n<th style=\"text-align: left;padding: 6px 10px;border: 1px solid #eee\">COLOR_TV<\/th>\n<td style=\"padding: 6px 10px;border: 1px solid #eee\">Crna<\/td>\n<\/tr>\n<tr>\n<th style=\"text-align: left;padding: 6px 10px;border: 1px solid #eee\">CURVE_MON<\/th>\n<td style=\"padding: 6px 10px;border: 1px solid #eee\">Ne<\/td>\n<\/tr>\n<tr>\n<th style=\"text-align: left;padding: 6px 10px;border: 1px solid #eee\">TVTUNER<\/th>\n<td style=\"padding: 6px 10px;border: 1px solid #eee\">Ne<\/td>\n<\/tr>\n<tr>\n<th style=\"text-align: left;padding: 6px 10px;border: 1px solid #eee\">VESA<\/th>\n<td style=\"padding: 6px 10px;border: 1px solid #eee\">100&#215;100<\/td>\n<\/tr>\n<tr>\n<th style=\"text-align: left;padding: 6px 10px;border: 1px solid #eee\">VGA<\/th>\n<td style=\"padding: 6px 10px;border: 1px solid #eee\">Ne<\/td>\n<\/tr>\n<tr>\n<th style=\"text-align: left;padding: 6px 10px;border: 1px solid #eee\">WIFI<\/th>\n<td style=\"padding: 6px 10px;border: 1px solid #eee\">Ne<\/td>\n<\/tr>\n<\/tbody>\n<\/table>\n<p>&nbsp;<\/p>\n<h2 data-start=\"0\" data-end=\"44\">Samsung 27&#8221; G4 240Hz \u2013 Brzinom do pobjede<\/h2>\n<p data-start=\"46\" data-end=\"358\">Ako \u017eeli\u0161 monitor koji \u0107e pru\u017eiti <strong data-start=\"80\" data-end=\"123\">vrhunsko gaming iskustvo bez kompromisa<\/strong>, <strong data-start=\"125\" data-end=\"166\"><span class=\"hover:entity-accent entity-underline inline cursor-pointer align-baseline\"><span class=\"whitespace-normal\">Samsung G4 27-inch 240Hz<\/span><\/span><\/strong> je dizajniran upravo za tebe. Sa velikim 27-in\u010dnim IPS ekranom, nevjerovatno glatkom slikom i impresivnim performansama, ovaj model donosi savr\u0161en balans brzine, kvalitete slike i ergonomije.<\/p>\n<p data-start=\"360\" data-end=\"645\">IPS panel osigurava \u017eivopisne boje i \u0161iroke uglove gledanja, \u0161to zna\u010di da \u0107e igre, filmovi i multimedijalni sadr\u017eaji izgledati bolje nego ikada prije. Sa Full HD rezolucijom slika je o\u0161tra i jasna, a uz maksimum osvjetljenja od <strong data-start=\"588\" data-end=\"601\">400 cd\/m\u00b2<\/strong>, detalji su vidljivi i u svijetlim scenama.<\/p>\n<p data-start=\"647\" data-end=\"915\">Za ljubitelje brze akcije, <strong data-start=\"674\" data-end=\"708\">240Hz frekvencija osvje\u017eavanja<\/strong> predstavlja ogromnu prednost \u2013 pokreti su izuzetno fluidni, a ulazi brzi. Uz podr\u0161ku <strong data-start=\"794\" data-end=\"820\">G-SYNC kompatibilnosti<\/strong>, ovaj monitor minimizira trzaje i kidanje slike, pa \u0107e tvoja igra biti stabilna i responzivna.<\/p>\n<p data-start=\"917\" data-end=\"1278\">Vrijeme odziva od <strong data-start=\"935\" data-end=\"942\">1ms<\/strong> zna\u010di da su brze promjene slike gotovo bez zamu\u0107enja, \u0161to je klju\u010dno kod FPS, racing i esport naslova. Dva HDMI porta i jedan DisplayPort omogu\u0107avaju jednostavno povezivanje sa vi\u0161e ure\u0111aja, dok ergonomija dizajna (nagib, rotacija, pivot i visinska pode\u0161avanja) omogu\u0107ava da ekran prilagodi\u0161 savr\u0161eno tvojoj radnoj ili gaming poziciji.<\/p>\n<p data-start=\"1280\" data-end=\"1541\">Estetski, Samsung G4 donosi minimalisti\u010dki i moderan izgled koji se uklapa u svaki prostor, a zahvaljuju\u0107i VESA standardu lako ga mo\u017ee\u0161 montirati na zid ili fleksibilni nosa\u010d. Ovaj monitor je pravi izbor za igra\u010de koji \u017eele sna\u017ene performanse bez kompliciranja.<\/p>\n","protected":false},"excerpt":{"rendered":"<p><strong data-start=\"1574\" data-end=\"1584\">Ekran:<\/strong> 27&#8221; IPS panel, FHD (1920\u00d71080), 400 cd\/m\u00b2<br data-start=\"1626\" data-end=\"1629\" \/><strong data-start=\"1629\" data-end=\"1658\">Frekvencija osvje\u017eavanja:<\/strong> 240Hz<br data-start=\"1664\" data-end=\"1667\" \/><strong data-start=\"1667\" data-end=\"1686\">Vrijeme odziva:<\/strong> 1ms<br data-start=\"1690\" data-end=\"1693\" \/><strong data-start=\"1693\" data-end=\"1709\">Povezivanje:<\/strong> 2\u00d7 HDMI, DisplayPort<br data-start=\"1730\" data-end=\"1733\" \/><strong data-start=\"1733\" data-end=\"1752\" data-is-only-node=\"\">Kontrast i HDR:<\/strong> \u0160irok spektar boja i visok dinami\u010dki raspon karakteristi\u010dan za IPS<br data-start=\"1819\" data-end=\"1822\" \/><strong data-start=\"1822\" data-end=\"1840\">Ugao gledanja:<\/strong> \u0160iroki uglovi gledanja u IPS tehnologiji<br data-start=\"1881\" data-end=\"1884\" \/><strong data-start=\"1884\" data-end=\"1909\">Ergonomija i monta\u017ea:<\/strong> Tilt, Swivel, Pivot, pode\u0161avanje visine, VESA 100\u00d7100 mm<br data-start=\"1966\" data-end=\"1969\" \/><strong data-start=\"1969\" data-end=\"1983\">Garancija:<\/strong> 24 mjeseca<\/p>\n","protected":false},"featured_media":28761,"template":"","meta":[],"product_cat":[385,560],"product_tag":[],"class_list":{"0":"post-17091","1":"product","2":"type-product","3":"status-publish","4":"has-post-thumbnail","6":"product_brand-samsung","7":"product_cat-ct-monitori","8":"product_cat-brend-samsung","9":"pa_brend-samsung","11":"first","12":"outofstock","13":"shipping-taxable","14":"purchasable","15":"product-type-simple"},"_links":{"self":[{"href":"https:\/\/techstore.ba\/shop\/wp-json\/wp\/v2\/product\/17091","targetHints":{"allow":["GET"]}}],"collection":[{"href":"https:\/\/techstore.ba\/shop\/wp-json\/wp\/v2\/product"}],"about":[{"href":"https:\/\/techstore.ba\/shop\/wp-json\/wp\/v2\/types\/product"}],"wp:featuredmedia":[{"embeddable":true,"href":"https:\/\/techstore.ba\/shop\/wp-json\/wp\/v2\/media\/28761"}],"wp:attachment":[{"href":"https:\/\/techstore.ba\/shop\/wp-json\/wp\/v2\/media?parent=17091"}],"wp:term":[{"taxonomy":"product_cat","embeddable":true,"href":"https:\/\/techstore.ba\/shop\/wp-json\/wp\/v2\/product_cat?post=17091"},{"taxonomy":"product_tag","embeddable":true,"href":"https:\/\/techstore.ba\/shop\/wp-json\/wp\/v2\/product_tag?post=17091"}],"curies":[{"name":"wp","href":"https:\/\/api.w.org\/{rel}","templated":true}]}}